{"id":145,"date":"2014-01-10T20:30:38","date_gmt":"2014-01-10T20:30:38","guid":{"rendered":"http:\/\/www.cent.uo.edu.cu\/cenpis\/?page_id=145"},"modified":"2014-01-10T20:33:22","modified_gmt":"2014-01-10T20:33:22","slug":"desarrollo-de-metodos-y-herramientas-para-el-procesamiento-y-analisis-de-movimientos-oculares","status":"publish","type":"page","link":"https:\/\/www.cent.uo.edu.cu\/cenpis\/investigacion\/proyectos\/desarrollo-de-metodos-y-herramientas-para-el-procesamiento-y-analisis-de-movimientos-oculares\/","title":{"rendered":"Desarrollo de m\u00e9todos y herramientas para el procesamiento y an\u00e1lisis de movimientos oculares"},"content":{"rendered":"<ul>\n<li>\n<div>Proyecto Universitario<\/div>\n<\/li>\n<li>\n<div>Ciencia y Conciencia 2011 (Desarrollo Local y producciones destinadas a la sustituci\u00f3n de importaciones e incrementen producciones estrat\u00e9gicas)<\/div>\n<\/li>\n<\/ul>\n<p>El problema cient\u00edfico que origina este proyecto es la carencia de m\u00e9todos y algoritmos de procesamiento y an\u00e1lisis de las se\u00f1ales (e im\u00e1genes) de los movimientos oculares que sean robustos, lo cual provoca que las herramientas empleadas presenten problemas que afectan a la exactitud de los indicadores sobre todo en presencia de movimientos descontrolados del paciente, que son t\u00edpicos en los casos de discapacidad.<\/p>\n<p>Jefe de Proyecto<\/p>\n<ul>\n<li>\n<div><a title=\"Dr.C. Carlos R. V\u00e1zquez Seisdedos\" href=\"http:\/\/localhost\/wp\/generales\/colectivo\/vazquez-seisdedos\/\">Dr.C. Carlos R. V\u00e1zquez Seisdedos<\/a><\/div>\n<\/li>\n<\/ul>\n<p><strong>Integrantes<\/strong><\/p>\n<ul>\n<li>\n<div><a title=\"Ing. Vladimir Ortiz Grave de Peralta\" href=\"http:\/\/www.cent.uo.edu.cu\/cenpis\/generales\/colectivo\/ing-vladimir-ortiz-grave-de-peralta\/\">Ing. Vladimir Ortiz Grave de Peralta<\/a><\/div>\n<\/li>\n<li>\n<div><a title=\"Ing. Arisleidis Portuondo Montoya\" href=\"http:\/\/www.cent.uo.edu.cu\/cenpis\/generales\/colectivo\/ing-arisleidis-portuondo-montoya\/\">Ing. Arisleidis Portuondo Montoya<\/a><\/div>\n<\/li>\n<li>\n<div><a title=\"Dr.C. Enrique Juan Mara\u00f1\u00f3n Reyes\" href=\"http:\/\/www.cent.uo.edu.cu\/cenpis\/generales\/colectivo\/dr-c-enrique-juan-maranon-reyes\/\">Dr.C. Enrique Juan Mara\u00f1\u00f3n Reyes<\/a><\/div>\n<\/li>\n<li>\n<div><a title=\"Ing. Yenisey Fadraga Acosta\" href=\"http:\/\/www.cent.uo.edu.cu\/cenpis\/generales\/colectivo\/ing-yenisey-fadraga-acosta\/\">Ing. Yenisey Fadraga Acosta<\/a><\/div>\n<\/li>\n<li>\n<div>Otras entidades del MES y MINSAP<\/div>\n<\/li>\n<\/ul>\n<p><strong>Otros datos\u2026<\/strong><\/p>\n<ul>\n<li>\n<div>Fecha de inicio: 2011<\/div>\n<\/li>\n<li>\n<div>Fecha de culminaci\u00f3n: 2014<\/div>\n<\/li>\n<\/ul>\n","protected":false},"excerpt":{"rendered":"<p>Proyecto Universitario Ciencia y Conciencia 2011 (Desarrollo Local y producciones destinadas a la sustituci\u00f3n de importaciones e incrementen producciones estrat\u00e9gicas) El problema cient\u00edfico que origina este proyecto es la carencia de m\u00e9todos y algoritmos de procesamiento y an\u00e1lisis de las &hellip; <a href=\"https:\/\/www.cent.uo.edu.cu\/cenpis\/investigacion\/proyectos\/desarrollo-de-metodos-y-herramientas-para-el-procesamiento-y-analisis-de-movimientos-oculares\/\">Sigue leyendo <span class=\"meta-nav\">&rarr;<\/span><\/a><\/p>\n","protected":false},"author":10,"featured_media":0,"parent":143,"menu_order":0,"comment_status":"open","ping_status":"open","template":"","meta":{"ngg_post_thumbnail":0,"footnotes":""},"class_list":["post-145","page","type-page","status-publish","hentry"],"_links":{"self":[{"href":"https:\/\/www.cent.uo.edu.cu\/cenpis\/wp-json\/wp\/v2\/pages\/145","targetHints":{"allow":["GET"]}}],"collection":[{"href":"https:\/\/www.cent.uo.edu.cu\/cenpis\/wp-json\/wp\/v2\/pages"}],"about":[{"href":"https:\/\/www.cent.uo.edu.cu\/cenpis\/wp-json\/wp\/v2\/types\/page"}],"author":[{"embeddable":true,"href":"https:\/\/www.cent.uo.edu.cu\/cenpis\/wp-json\/wp\/v2\/users\/10"}],"replies":[{"embeddable":true,"href":"https:\/\/www.cent.uo.edu.cu\/cenpis\/wp-json\/wp\/v2\/comments?post=145"}],"version-history":[{"count":1,"href":"https:\/\/www.cent.uo.edu.cu\/cenpis\/wp-json\/wp\/v2\/pages\/145\/revisions"}],"predecessor-version":[{"id":146,"href":"https:\/\/www.cent.uo.edu.cu\/cenpis\/wp-json\/wp\/v2\/pages\/145\/revisions\/146"}],"up":[{"embeddable":true,"href":"https:\/\/www.cent.uo.edu.cu\/cenpis\/wp-json\/wp\/v2\/pages\/143"}],"wp:attachment":[{"href":"https:\/\/www.cent.uo.edu.cu\/cenpis\/wp-json\/wp\/v2\/media?parent=145"}],"curies":[{"name":"wp","href":"https:\/\/api.w.org\/{rel}","templated":true}]}}