{"id":149,"date":"2014-01-10T20:32:28","date_gmt":"2014-01-10T20:32:28","guid":{"rendered":"http:\/\/www.cent.uo.edu.cu\/cenpis\/?page_id=149"},"modified":"2014-01-10T20:33:08","modified_gmt":"2014-01-10T20:33:08","slug":"indicadores-psicologicos-y-neurocognitivos-para-la-evaluacion-y-caracterizacion-neuropsicologica-y-neurolinguistica-del-paciente-afasico","status":"publish","type":"page","link":"https:\/\/www.cent.uo.edu.cu\/cenpis\/investigacion\/proyectos\/indicadores-psicologicos-y-neurocognitivos-para-la-evaluacion-y-caracterizacion-neuropsicologica-y-neurolinguistica-del-paciente-afasico\/","title":{"rendered":"Indicadores psicol\u00f3gicos y neurocognitivos para la evaluaci\u00f3n y caracterizaci\u00f3n neuropsicol\u00f3gica y neuroling\u00fc\u00edstica del paciente af\u00e1sico"},"content":{"rendered":"<ul>\n<li>\n<div>Proyecto Universitario<\/div>\n<\/li>\n<li>\n<div>Desarrollo de las neurociencias, apoyo a la producci\u00f3n de equipos m\u00e9dicos de avanzada y medios diagn\u00f3sticos.<\/div>\n<\/li>\n<\/ul>\n<p>Este proyecto de investigaci\u00f3n, contextualizado desde el punto de vista cient\u00edfico en el \u00e1rea de conocimientos de la neuroling\u00fc\u00edstica y las neurociencias cognitivas, da continuidad al trabajo que se ha estado desarrollando en el marco del Proyecto Universitario en ejecuci\u00f3n: \u201cValidaci\u00f3n de Instrumentos para la Exploraci\u00f3n Neuropsicol\u00f3gica en Pacientes con Alteraciones del Lenguaje.\u201d<\/p>\n<p><strong>Jefe de Proyecto<\/strong><\/p>\n<ul>\n<li>\n<div><a title=\"Dr.C. Daniel I. Escobedo Beceiro\" href=\"http:\/\/www.cent.uo.edu.cu\/cenpis\/generales\/colectivo\/dr-c-daniel-i-escobedo-beceiro\/\">Dr.C. Daniel Isac Escobedo Beceiro<\/a><\/div>\n<\/li>\n<\/ul>\n<p><strong>Integrantes<\/strong><\/p>\n<ul>\n<li>\n<div><a title=\"MSc. Erislandy Omar Mart\u00ednez\" href=\"http:\/\/www.cent.uo.edu.cu\/cenpis\/generales\/colectivo\/msc-erislandy-omar-martinez\/\">MSc. Erislandy Omar Mart\u00ednez<\/a><\/div>\n<\/li>\n<\/ul>\n<p>Otras entidades del MES y MINSAP<\/p>\n<p><strong>Otros datos\u2026<\/strong><\/p>\n<ul>\n<li>\n<div>Fecha de inicio: 2013<\/div>\n<\/li>\n<li>\n<div>Fecha de culminaci\u00f3n: 2014<\/div>\n<\/li>\n<\/ul>\n","protected":false},"excerpt":{"rendered":"<p>Proyecto Universitario Desarrollo de las neurociencias, apoyo a la producci\u00f3n de equipos m\u00e9dicos de avanzada y medios diagn\u00f3sticos. Este proyecto de investigaci\u00f3n, contextualizado desde el punto de vista cient\u00edfico en el \u00e1rea de conocimientos de la neuroling\u00fc\u00edstica y las neurociencias &hellip; <a href=\"https:\/\/www.cent.uo.edu.cu\/cenpis\/investigacion\/proyectos\/indicadores-psicologicos-y-neurocognitivos-para-la-evaluacion-y-caracterizacion-neuropsicologica-y-neurolinguistica-del-paciente-afasico\/\">Sigue leyendo <span class=\"meta-nav\">&rarr;<\/span><\/a><\/p>\n","protected":false},"author":10,"featured_media":0,"parent":143,"menu_order":0,"comment_status":"open","ping_status":"open","template":"","meta":{"ngg_post_thumbnail":0,"footnotes":""},"class_list":["post-149","page","type-page","status-publish","hentry"],"_links":{"self":[{"href":"https:\/\/www.cent.uo.edu.cu\/cenpis\/wp-json\/wp\/v2\/pages\/149","targetHints":{"allow":["GET"]}}],"collection":[{"href":"https:\/\/www.cent.uo.edu.cu\/cenpis\/wp-json\/wp\/v2\/pages"}],"about":[{"href":"https:\/\/www.cent.uo.edu.cu\/cenpis\/wp-json\/wp\/v2\/types\/page"}],"author":[{"embeddable":true,"href":"https:\/\/www.cent.uo.edu.cu\/cenpis\/wp-json\/wp\/v2\/users\/10"}],"replies":[{"embeddable":true,"href":"https:\/\/www.cent.uo.edu.cu\/cenpis\/wp-json\/wp\/v2\/comments?post=149"}],"version-history":[{"count":2,"href":"https:\/\/www.cent.uo.edu.cu\/cenpis\/wp-json\/wp\/v2\/pages\/149\/revisions"}],"predecessor-version":[{"id":151,"href":"https:\/\/www.cent.uo.edu.cu\/cenpis\/wp-json\/wp\/v2\/pages\/149\/revisions\/151"}],"up":[{"embeddable":true,"href":"https:\/\/www.cent.uo.edu.cu\/cenpis\/wp-json\/wp\/v2\/pages\/143"}],"wp:attachment":[{"href":"https:\/\/www.cent.uo.edu.cu\/cenpis\/wp-json\/wp\/v2\/media?parent=149"}],"curies":[{"name":"wp","href":"https:\/\/api.w.org\/{rel}","templated":true}]}}