{"id":152,"date":"2014-01-10T20:35:22","date_gmt":"2014-01-10T20:35:22","guid":{"rendered":"http:\/\/www.cent.uo.edu.cu\/cenpis\/?page_id=152"},"modified":"2014-01-10T20:37:30","modified_gmt":"2014-01-10T20:37:30","slug":"validacion-y-normalizacion-del-test-de-exploracion-de-la-sensibilidad-visual-al-movimiento","status":"publish","type":"page","link":"https:\/\/www.cent.uo.edu.cu\/cenpis\/investigacion\/proyectos\/validacion-y-normalizacion-del-test-de-exploracion-de-la-sensibilidad-visual-al-movimiento\/","title":{"rendered":"Validaci\u00f3n y normalizaci\u00f3n del test de Exploraci\u00f3n de la Sensibilidad Visual al Movimiento"},"content":{"rendered":"<ul>\n<li>\n<div>Proyecto Universitario<\/div>\n<\/li>\n<li>\n<div>Desarrollo de las neurociencias, apoyo a la producci\u00f3n de equipos m\u00e9dicos de avanzada y medios diagn\u00f3sticos.<\/div>\n<\/li>\n<\/ul>\n<p>En nuestro pa\u00eds existen pocos trabajos de adaptaci\u00f3n y baremaci\u00f3n de instrumentos importados o creados para nuestra poblaci\u00f3n relacionados con la exploraci\u00f3n de la percepci\u00f3n del movimiento, esto constituye tambi\u00e9n una dificultad debido a que se realizar diagn\u00f3sticos desde posiciones te\u00f3ricas poco actuales con test que poseen diferentes supuestos te\u00f3ricos, tal es caso de las evaluaciones psicom\u00e9tricas, por ejemplo. Por eso a la hora de seleccionar de forma consciente una metodolog\u00eda de estudio para, espec\u00edficamente, los disturbios que pueden aparecer en la percepci\u00f3n del movimiento no existen suficientes herramientas en nuestro medio con un dise\u00f1o te\u00f3rico coherente que permita su empleo para estos fines y por ende la percepci\u00f3n del movimiento es poco estudiada desde el punto de vista psicol\u00f3gico.<\/p>\n<p><strong>Jefe de Proyecto<\/strong><\/p>\n<ul>\n<li>\n<div><a title=\"Dr.C. Daniel I. Escobedo Beceiro\" href=\"http:\/\/www.cent.uo.edu.cu\/cenpis\/generales\/colectivo\/dr-c-daniel-i-escobedo-beceiro\/\">Dr.C. Daniel Isac Escobedo Beceiro<\/a><\/div>\n<\/li>\n<\/ul>\n<p><strong>Integrantes<\/strong><\/p>\n<ul>\n<li>\n<div><a title=\"MSc. Onelia Carballo Reina\" href=\"http:\/\/www.cent.uo.edu.cu\/cenpis\/generales\/colectivo\/msc-onelia-carballo-reina\/\">MSc. Onelia Carballo Reina<\/a><\/div>\n<\/li>\n<li>\n<div>Otras entidades del MES<\/div>\n<\/li>\n<\/ul>\n<p><strong>Otros datos\u2026<\/strong><\/p>\n<ul>\n<li>\n<div>Fecha de inicio: 2013<\/div>\n<\/li>\n<li>\n<div>Fecha de culminaci\u00f3n: 2014<\/div>\n<\/li>\n<\/ul>\n","protected":false},"excerpt":{"rendered":"<p>Proyecto Universitario Desarrollo de las neurociencias, apoyo a la producci\u00f3n de equipos m\u00e9dicos de avanzada y medios diagn\u00f3sticos. En nuestro pa\u00eds existen pocos trabajos de adaptaci\u00f3n y baremaci\u00f3n de instrumentos importados o creados para nuestra poblaci\u00f3n relacionados con la exploraci\u00f3n &hellip; <a href=\"https:\/\/www.cent.uo.edu.cu\/cenpis\/investigacion\/proyectos\/validacion-y-normalizacion-del-test-de-exploracion-de-la-sensibilidad-visual-al-movimiento\/\">Sigue leyendo <span class=\"meta-nav\">&rarr;<\/span><\/a><\/p>\n","protected":false},"author":10,"featured_media":0,"parent":143,"menu_order":0,"comment_status":"open","ping_status":"open","template":"","meta":{"ngg_post_thumbnail":0,"footnotes":""},"class_list":["post-152","page","type-page","status-publish","hentry"],"_links":{"self":[{"href":"https:\/\/www.cent.uo.edu.cu\/cenpis\/wp-json\/wp\/v2\/pages\/152","targetHints":{"allow":["GET"]}}],"collection":[{"href":"https:\/\/www.cent.uo.edu.cu\/cenpis\/wp-json\/wp\/v2\/pages"}],"about":[{"href":"https:\/\/www.cent.uo.edu.cu\/cenpis\/wp-json\/wp\/v2\/types\/page"}],"author":[{"embeddable":true,"href":"https:\/\/www.cent.uo.edu.cu\/cenpis\/wp-json\/wp\/v2\/users\/10"}],"replies":[{"embeddable":true,"href":"https:\/\/www.cent.uo.edu.cu\/cenpis\/wp-json\/wp\/v2\/comments?post=152"}],"version-history":[{"count":1,"href":"https:\/\/www.cent.uo.edu.cu\/cenpis\/wp-json\/wp\/v2\/pages\/152\/revisions"}],"predecessor-version":[{"id":153,"href":"https:\/\/www.cent.uo.edu.cu\/cenpis\/wp-json\/wp\/v2\/pages\/152\/revisions\/153"}],"up":[{"embeddable":true,"href":"https:\/\/www.cent.uo.edu.cu\/cenpis\/wp-json\/wp\/v2\/pages\/143"}],"wp:attachment":[{"href":"https:\/\/www.cent.uo.edu.cu\/cenpis\/wp-json\/wp\/v2\/media?parent=152"}],"curies":[{"name":"wp","href":"https:\/\/api.w.org\/{rel}","templated":true}]}}