{"id":154,"date":"2014-01-10T20:38:39","date_gmt":"2014-01-10T20:38:39","guid":{"rendered":"http:\/\/www.cent.uo.edu.cu\/cenpis\/?page_id=154"},"modified":"2014-01-10T20:38:39","modified_gmt":"2014-01-10T20:38:39","slug":"desarrollo-de-medios-de-diagnostico-y-seguimiento-de-patologias-del-snc-y-su-validacion-clinica","status":"publish","type":"page","link":"https:\/\/www.cent.uo.edu.cu\/cenpis\/investigacion\/proyectos\/desarrollo-de-medios-de-diagnostico-y-seguimiento-de-patologias-del-snc-y-su-validacion-clinica\/","title":{"rendered":"Desarrollo de medios de diagn\u00f3stico y seguimiento de patolog\u00edas del SNC y su validaci\u00f3n cl\u00ednica"},"content":{"rendered":"<ul>\n<li>\n<div>Proyecto Universitario<\/div>\n<\/li>\n<li>\n<div>Desarrollo de las neurociencias, apoyo a la producci\u00f3n de equipos m\u00e9dicos de avanzada y medios diagn\u00f3sticos.<\/div>\n<\/li>\n<\/ul>\n<p>Se requiere medir con objetividad la profundidad anest\u00e9sica creando un producto nacional que se pueda convertir en una soluci\u00f3n para la salud p\u00fablica del pa\u00eds y ser un posible producto exportable.<\/p>\n<p>Habi\u00e9ndose trabajado en un software con estos fines no se ha trabajado en su validaci\u00f3n cl\u00ednica y en su comparaci\u00f3n con equipos existentes en el mercado, se coopera con el centro de neurociencias de la capital (CNC) y el CIREN para realizar la misma.<\/p>\n<p><strong>Jefe de Proyecto<\/strong><\/p>\n<ul>\n<li>\n<div><a title=\"Dr.C. Enrique Juan Mara\u00f1\u00f3n Reyes\" href=\"http:\/\/www.cent.uo.edu.cu\/cenpis\/generales\/colectivo\/dr-c-enrique-juan-maranon-reyes\/\">Dr.C. Enrique Juan Mara\u00f1\u00f3n Reyes<\/a><\/div>\n<\/li>\n<\/ul>\n<p><strong>Integrantes<\/strong><\/p>\n<ul>\n<li>\n<div><a title=\"Ing. Yissel Rodr\u00edguez Aldana\" href=\"http:\/\/www.cent.uo.edu.cu\/cenpis\/generales\/colectivo\/ing-yissel-rodriguez-aldana\/\">Ing. Yissel Rodr\u00edguez Aldana<\/a><\/div>\n<\/li>\n<li>\n<div><a title=\"Ing. Karelia Oca\u00f1a La O\" href=\"http:\/\/www.cent.uo.edu.cu\/cenpis\/generales\/colectivo\/ing-karelia-ocana-la-o\/\">Ing. Karelia Oca\u00f1a La O<\/a><\/div>\n<\/li>\n<li>\n<div>Otras entidades del MINSAP<\/div>\n<\/li>\n<\/ul>\n<p><strong>Otros datos\u2026<\/strong><\/p>\n<ul>\n<li>\n<div>Fecha de inicio: 2013<\/div>\n<\/li>\n<li>\n<div>Fecha de culminaci\u00f3n: 2014<\/div>\n<\/li>\n<\/ul>\n","protected":false},"excerpt":{"rendered":"<p>Proyecto Universitario Desarrollo de las neurociencias, apoyo a la producci\u00f3n de equipos m\u00e9dicos de avanzada y medios diagn\u00f3sticos. Se requiere medir con objetividad la profundidad anest\u00e9sica creando un producto nacional que se pueda convertir en una soluci\u00f3n para la salud &hellip; <a href=\"https:\/\/www.cent.uo.edu.cu\/cenpis\/investigacion\/proyectos\/desarrollo-de-medios-de-diagnostico-y-seguimiento-de-patologias-del-snc-y-su-validacion-clinica\/\">Sigue leyendo <span class=\"meta-nav\">&rarr;<\/span><\/a><\/p>\n","protected":false},"author":10,"featured_media":0,"parent":143,"menu_order":0,"comment_status":"open","ping_status":"open","template":"","meta":{"ngg_post_thumbnail":0,"footnotes":""},"class_list":["post-154","page","type-page","status-publish","hentry"],"_links":{"self":[{"href":"https:\/\/www.cent.uo.edu.cu\/cenpis\/wp-json\/wp\/v2\/pages\/154","targetHints":{"allow":["GET"]}}],"collection":[{"href":"https:\/\/www.cent.uo.edu.cu\/cenpis\/wp-json\/wp\/v2\/pages"}],"about":[{"href":"https:\/\/www.cent.uo.edu.cu\/cenpis\/wp-json\/wp\/v2\/types\/page"}],"author":[{"embeddable":true,"href":"https:\/\/www.cent.uo.edu.cu\/cenpis\/wp-json\/wp\/v2\/users\/10"}],"replies":[{"embeddable":true,"href":"https:\/\/www.cent.uo.edu.cu\/cenpis\/wp-json\/wp\/v2\/comments?post=154"}],"version-history":[{"count":1,"href":"https:\/\/www.cent.uo.edu.cu\/cenpis\/wp-json\/wp\/v2\/pages\/154\/revisions"}],"predecessor-version":[{"id":155,"href":"https:\/\/www.cent.uo.edu.cu\/cenpis\/wp-json\/wp\/v2\/pages\/154\/revisions\/155"}],"up":[{"embeddable":true,"href":"https:\/\/www.cent.uo.edu.cu\/cenpis\/wp-json\/wp\/v2\/pages\/143"}],"wp:attachment":[{"href":"https:\/\/www.cent.uo.edu.cu\/cenpis\/wp-json\/wp\/v2\/media?parent=154"}],"curies":[{"name":"wp","href":"https:\/\/api.w.org\/{rel}","templated":true}]}}