{"id":156,"date":"2014-01-10T20:41:04","date_gmt":"2014-01-10T20:41:04","guid":{"rendered":"http:\/\/www.cent.uo.edu.cu\/cenpis\/?page_id=156"},"modified":"2017-10-23T17:07:32","modified_gmt":"2017-10-23T17:07:32","slug":"grupo-de-vision-por-computadora","status":"publish","type":"page","link":"https:\/\/www.cent.uo.edu.cu\/cenpis\/investigacion\/grupos-de-investigacion\/grupo-de-vision-por-computadora\/","title":{"rendered":"Grupo de Visi\u00f3n por Computadora"},"content":{"rendered":"<h4>L\u00ednea de Trabajo: Sistemas de Visi\u00f3n<\/h4>\n<p>El grupo de visi\u00f3n investiga problemas de reconocimiento de patrones en im\u00e1genes. Est\u00e1 dirigido fundamentalmente hacia problemas de aplicaci\u00f3n, pero tambi\u00e9n se interesa en algunos problemas te\u00f3ricos.<\/p>\n<p>Las dos l\u00edneas de investigaci\u00f3n aplicada que se encuentran activas en este momento son:<br \/>\n1. La identificaci\u00f3n autom\u00e1tica de armas a partir de fotograf\u00edas del culote de los casquillos.<br \/>\n2. El registrado de im\u00e1genes en secuencias de video.<\/p>\n<p>Los temas de investigaci\u00f3n de inter\u00e9s general incluyen, entre otros:<br \/>\n1. El estudio de los contornos activos<br \/>\n2. Segmentaci\u00f3n de im\u00e1genes<br \/>\n3. An\u00e1lisis de texturas<br \/>\n4. Identificaci\u00f3n de puntos singulares<\/p>\n<h2>Proyectos<\/h2>\n<p>\u201cEstimaci\u00f3n de pose y seguimiento de m\u00faltiples locutores en espacios inteligentes usando fusi\u00f3n audiovisual\u201d\u00a0<a title=\"Estimaci\u00f3n de pose y seguimiento de m\u00faltiples locutores en espacios inteligentes usando fusi\u00f3n audiovisual\" href=\"http:\/\/localhost\/wp\/investigacion\/proyectos\/estimacion-de-pose-y-seguimiento-de-multiples-locutores-en-espacios-inteligentes-usando-fusion-audiovisual\/\"><em>Leer m\u00e1s\u2026<\/em><\/a><\/p>\n<p>\u201cSistema de preprocesamiento y reconocimiento de im\u00e1genes (Saibal)\u201d\u00a0<a title=\"Saibal\" href=\"http:\/\/localhost\/wp\/investigacion\/proyectos\/saibal\/\"><em>Leer m\u00e1s\u2026<\/em><\/a><\/p>\n<h2>Jefe de Grupo<\/h2>\n<p><a title=\"Dr.C. Enrique Juan Mara\u00f1\u00f3n Reyes\" href=\"http:\/\/www.cent.uo.edu.cu\/cenpis\/generales\/colectivo\/dr-c-enrique-juan-maranon-reyes\/\">Dr.C. Enrique Juan Mara\u00f1\u00f3n Reyes<\/a><\/p>\n<h2>Integrantes<\/h2>\n<p><a title=\"Ing. Frank Sanabria Mac\u00ed\u00adas\" href=\"http:\/\/www.cent.uo.edu.cu\/cenpis\/generales\/colectivo\/ing-frank-sanabria-maci%c2%adas\/\">Ing. Frank Sanabria Mac\u00ed\u00adas<\/a><\/p>\n<p><a title=\"Ing. Felipe Rodr\u00edguez Arias\" href=\"http:\/\/www.cent.uo.edu.cu\/cenpis\/generales\/colectivo\/ing-felipe-rodriguez-arias\/\">Ing. Felipe Rodr\u00edguez Arias<\/a><\/p>\n<p><a title=\"Ing. Leaned Quintana Vivanco\" href=\"http:\/\/www.cent.uo.edu.cu\/cenpis\/generales\/colectivo\/ing-leaned-quintana-vivanco\/\">Ing. Leaned Quintana Vivanco<\/a><\/p>\n","protected":false},"excerpt":{"rendered":"<p>L\u00ednea de Trabajo: Sistemas de Visi\u00f3n El grupo de visi\u00f3n investiga problemas de reconocimiento de patrones en im\u00e1genes. Est\u00e1 dirigido fundamentalmente hacia problemas de aplicaci\u00f3n, pero tambi\u00e9n se interesa en algunos problemas te\u00f3ricos. Las dos l\u00edneas de investigaci\u00f3n aplicada que &hellip; <a href=\"https:\/\/www.cent.uo.edu.cu\/cenpis\/investigacion\/grupos-de-investigacion\/grupo-de-vision-por-computadora\/\">Sigue leyendo <span class=\"meta-nav\">&rarr;<\/span><\/a><\/p>\n","protected":false},"author":10,"featured_media":0,"parent":385,"menu_order":0,"comment_status":"closed","ping_status":"closed","template":"","meta":{"ngg_post_thumbnail":0,"footnotes":""},"class_list":["post-156","page","type-page","status-publish","hentry"],"_links":{"self":[{"href":"https:\/\/www.cent.uo.edu.cu\/cenpis\/wp-json\/wp\/v2\/pages\/156","targetHints":{"allow":["GET"]}}],"collection":[{"href":"https:\/\/www.cent.uo.edu.cu\/cenpis\/wp-json\/wp\/v2\/pages"}],"about":[{"href":"https:\/\/www.cent.uo.edu.cu\/cenpis\/wp-json\/wp\/v2\/types\/page"}],"author":[{"embeddable":true,"href":"https:\/\/www.cent.uo.edu.cu\/cenpis\/wp-json\/wp\/v2\/users\/10"}],"replies":[{"embeddable":true,"href":"https:\/\/www.cent.uo.edu.cu\/cenpis\/wp-json\/wp\/v2\/comments?post=156"}],"version-history":[{"count":4,"href":"https:\/\/www.cent.uo.edu.cu\/cenpis\/wp-json\/wp\/v2\/pages\/156\/revisions"}],"predecessor-version":[{"id":751,"href":"https:\/\/www.cent.uo.edu.cu\/cenpis\/wp-json\/wp\/v2\/pages\/156\/revisions\/751"}],"up":[{"embeddable":true,"href":"https:\/\/www.cent.uo.edu.cu\/cenpis\/wp-json\/wp\/v2\/pages\/385"}],"wp:attachment":[{"href":"https:\/\/www.cent.uo.edu.cu\/cenpis\/wp-json\/wp\/v2\/media?parent=156"}],"curies":[{"name":"wp","href":"https:\/\/api.w.org\/{rel}","templated":true}]}}