{"id":160,"date":"2014-01-10T20:43:23","date_gmt":"2014-01-10T20:43:23","guid":{"rendered":"http:\/\/www.cent.uo.edu.cu\/cenpis\/?page_id=160"},"modified":"2017-10-23T14:28:58","modified_gmt":"2017-10-23T14:28:58","slug":"grupo-de-produccion-de-software","status":"publish","type":"page","link":"https:\/\/www.cent.uo.edu.cu\/cenpis\/investigacion\/grupos-de-investigacion\/grupo-de-produccion-de-software\/","title":{"rendered":"Grupo de Producci\u00f3n de Software"},"content":{"rendered":"<p>La creaci\u00f3n de del Grupo de Producci\u00f3n de Software(GPS) ha sido un importante impulso para el centro con vistas a la creaci\u00f3n de software de alto valor agregado.<\/p>\n<p>Principales ventajas:<br \/>\n1- Permite el desarrollo \u00e1gil de soluciones inform\u00e1ticas sobre la base de las investigaciones de los dem\u00e1s grupos de investigaci\u00f3n.<br \/>\n2- Permite la especializaci\u00f3n, y por tanto mejor y mayor rendimiento en las tareas propuestas. El investigador, realiza los estudios en las \u00e1reas espec\u00edficas de cada grupo y el GPS ayuda a transformar el resultado de la investigaci\u00f3n en un producto final.<br \/>\n3- El investigador se abstrae de los detalles del desarrollo de software, lo que le permite contar con mayor tiempo para el trabajo en sus investigaciones.<br \/>\n4- Con el transcurso del tiempo los desarrolladores dominar\u00e1n las principales herramientas inform\u00e1ticas, para la producci\u00f3n del software espec\u00edfico que se crea en el CENPIS.<\/p>\n<h2>Jefe de Grupo<\/h2>\n<p><a title=\"Ing. Felipe Rodr\u00edguez Arias\" href=\"http:\/\/www.cent.uo.edu.cu\/cenpis\/generales\/colectivo\/ing-felipe-rodriguez-arias\/\">Ing. Felipe Rodr\u00edguez Arias<\/a><\/p>\n<h2>Integrantes<\/h2>\n<p><a title=\"Ing. Leaned Quintana Vivanco\" href=\"http:\/\/www.cent.uo.edu.cu\/cenpis\/generales\/colectivo\/ing-leaned-quintana-vivanco\/\">Ing. Leaned Quintana Vivanco<\/a><\/p>\n<p><a title=\"Ing. Vladimir Ortiz Grave de Peralta\" href=\"http:\/\/www.cent.uo.edu.cu\/cenpis\/generales\/colectivo\/ing-vladimir-ortiz-grave-de-peralta\/\">Ing. Vladimir Ortiz Grave de Peralta<\/a><\/p>\n","protected":false},"excerpt":{"rendered":"<p>La creaci\u00f3n de del Grupo de Producci\u00f3n de Software(GPS) ha sido un importante impulso para el centro con vistas a la creaci\u00f3n de software de alto valor agregado. Principales ventajas: 1- Permite el desarrollo \u00e1gil de soluciones inform\u00e1ticas sobre la &hellip; <a href=\"https:\/\/www.cent.uo.edu.cu\/cenpis\/investigacion\/grupos-de-investigacion\/grupo-de-produccion-de-software\/\">Sigue leyendo <span class=\"meta-nav\">&rarr;<\/span><\/a><\/p>\n","protected":false},"author":10,"featured_media":0,"parent":385,"menu_order":0,"comment_status":"closed","ping_status":"closed","template":"","meta":{"ngg_post_thumbnail":0,"footnotes":""},"class_list":["post-160","page","type-page","status-publish","hentry"],"_links":{"self":[{"href":"https:\/\/www.cent.uo.edu.cu\/cenpis\/wp-json\/wp\/v2\/pages\/160","targetHints":{"allow":["GET"]}}],"collection":[{"href":"https:\/\/www.cent.uo.edu.cu\/cenpis\/wp-json\/wp\/v2\/pages"}],"about":[{"href":"https:\/\/www.cent.uo.edu.cu\/cenpis\/wp-json\/wp\/v2\/types\/page"}],"author":[{"embeddable":true,"href":"https:\/\/www.cent.uo.edu.cu\/cenpis\/wp-json\/wp\/v2\/users\/10"}],"replies":[{"embeddable":true,"href":"https:\/\/www.cent.uo.edu.cu\/cenpis\/wp-json\/wp\/v2\/comments?post=160"}],"version-history":[{"count":3,"href":"https:\/\/www.cent.uo.edu.cu\/cenpis\/wp-json\/wp\/v2\/pages\/160\/revisions"}],"predecessor-version":[{"id":715,"href":"https:\/\/www.cent.uo.edu.cu\/cenpis\/wp-json\/wp\/v2\/pages\/160\/revisions\/715"}],"up":[{"embeddable":true,"href":"https:\/\/www.cent.uo.edu.cu\/cenpis\/wp-json\/wp\/v2\/pages\/385"}],"wp:attachment":[{"href":"https:\/\/www.cent.uo.edu.cu\/cenpis\/wp-json\/wp\/v2\/media?parent=160"}],"curies":[{"name":"wp","href":"https:\/\/api.w.org\/{rel}","templated":true}]}}