{"id":164,"date":"2014-01-10T20:44:07","date_gmt":"2014-01-10T20:44:07","guid":{"rendered":"http:\/\/www.cent.uo.edu.cu\/cenpis\/?page_id=164"},"modified":"2017-10-23T14:48:55","modified_gmt":"2017-10-23T14:48:55","slug":"premios-y-reconocimientos","status":"publish","type":"page","link":"https:\/\/www.cent.uo.edu.cu\/cenpis\/investigacion\/premios-y-reconocimientos\/","title":{"rendered":"Premios y Reconocimientos"},"content":{"rendered":"<p>Se han alcanzado un total de 8 premios distribuidos: 1 Premio ACC, 5 Premios de Forum de C y T, 2 Premios Provinciales de Salud y 1 Menci\u00f3n Nacional en Forum Estudiantil.<\/p>\n<p><strong>2013.<\/strong>\u00a0Premio Provincial de Psicolog\u00eda de la Salud -Noem\u00ed P\u00e9rez Vald\u00e9s- en la modalidad de art\u00edculo cient\u00edfico, junio-julio, 2013.\u00a0<a title=\"MSc. Erislandy Omar Mart\u00ednez\" href=\"http:\/\/localhost\/wp\/generales\/colectivo\/erislandy\/\">MSc. Erislandy Omar Mart\u00ednez<\/a>, Aymara Reyes Saborit y V\u00edctor\u00a0Manuel Pardo Maza. \u201cTest de emparejamiento sem\u00e1ntico de im\u00e1genes para la exploraci\u00f3n\u00a0neuropsicol\u00f3gica en la afasia\u201d. Neurolog\u00eda Argentina 2013; 5 (1). Science Citation Index\u00a0Expanded:\u00a0\u00a0<a href=\"http:\/\/dx.doi.org\/10.1016\/j.neuarg.2012.10.006\">http:\/\/dx.doi.org\/10.1016\/j.neuarg.2012.10.006<\/a><\/p>\n<p><strong>2013.<\/strong>\u00a0Reconocimiento de la Misi\u00f3n Educativa en Venezuela y de la Direcci\u00f3n del MES.\u00a0(Carta de la Viceministra Dra C. Aurora Fern\u00e1ndez) a los profesores de la Universidad de Oriente (por el CENPIS,<a title=\"Dr.C. Enrique Juan Mara\u00f1\u00f3n Reyes\" href=\"http:\/\/localhost\/wp\/generales\/colectivo\/marannon\/\">\u00a0DrC. E. Mara\u00f1\u00f3n<\/a>,\u00a0<a title=\"Dr.C. Fernando E. Vald\u00e9s P\u00e9rez\" href=\"http:\/\/localhost\/wp\/generales\/colectivo\/valdes\/\">DrC. F. Vald\u00e9s\u00a0<\/a>y\u00a0<a title=\"Dr.C. Daniel Isac Escobedo Beceiro\" href=\"http:\/\/localhost\/wp\/generales\/colectivo\/escobedo\/\">DrC.\u00a0D. Escobedo<\/a>) en el cumplimiento del deber en las acciones del Convenio Integral Cuba-Venezuela\u00a0<i>,\u00a0<\/i>en los meses de febrero marzo de 2013 (vafg-206, La Habana 16 de abril de 2013).<\/p>\n<p><strong>2010.<\/strong>\u00a0Premio Provincial de Salud: Premio en la categor\u00eda de Libro al t\u00edtulo: Fundamentos te\u00f3ricos y pr\u00e1cticos del an\u00e1lisis del llanto infantil. XXXV premio anual de salud 2010. Facultad de\u00a0Ciencias M\u00e9dicas No. 1. Santiago de Cuba. Mayo, 2010.<\/p>\n<p><strong>2010.<\/strong>\u00a0Premios de Forum de Ciencia y T\u00e9cnica (Forum XVI, 4ta Etapa) de la Universidad de Oriente. Estructuras h\u00edbridas de clasificaci\u00f3n de llanto infantil.<\/p>\n<p><strong>2010.<\/strong>\u00a0Premios de Forum de Ciencia y T\u00e9cnica (Forum XVI, 4ta Etapa) de la Universidad de Oriente.\u00a0Plataforma WEBSA v1.0 Del autor principal\u00a0<a title=\"Dr.C. Sergio D. Cano Ortiz\" href=\"http:\/\/localhost\/wp\/generales\/colectivo\/cano\/\">DrC. Sergio Cano Ortiz\u00a0<\/a>y otros. Junio, 2010.<\/p>\n<p><strong>2010.<\/strong>\u00a0Premios del XIX Forum Estudiantil de Ciencias Sociales, Naturales y Exactas (Provincial y Nacional): Premio Provincial y Menci\u00f3n Nacional al trabajo: Test de pir\u00e1mides y palmeras para el\u00a0diagn\u00f3stico diferencial entre la afasia sem\u00e1ntica y d\u00e9ficit a nivel del sistema conceptual. Del\u00a0estudiante de la carrera de Psicolog\u00eda, Guillermo Bola\u00f1o D\u00edaz. Tutorado por el\u00a0<a title=\"MSc. Erislandy Omar Mart\u00ednez\" href=\"http:\/\/localhost\/wp\/generales\/colectivo\/erislandy\/\">Lic. Erislandy Omar\u00a0Mart\u00ednez<\/a>. El evento nacional se desarroll\u00f3 en Holgu\u00edn en Junio de 2010.<\/p>\n<p><strong>2008.<\/strong>\u00a0Estimulador visual para movimientos oculares sac\u00e1dicos. Ing. William Mart\u00ednez Cort\u00e9s, Ing. Leandro Rojas Pe\u00f1a,<a title=\"Dr.C. Fernando E. Vald\u00e9s P\u00e9rez\" href=\"http:\/\/localhost\/wp\/generales\/colectivo\/valdes\/\">\u00a0Ing. Fernando Vald\u00e9s P\u00e9rez<\/a>,\u00a0<a title=\"Ing. Yenisey Fadraga Acosta\" href=\"http:\/\/localhost\/wp\/generales\/colectivo\/yenisey-fadraga\/\">Ing. Yenisey Fadraga Acosta<\/a>. XVI Forum\u00a0Provincial de Ciencia y T\u00e9cnica (Relevante).<\/p>\n<p><strong>2008.<\/strong>\u00a0Analizador de movimientos oculares sac\u00e1dicos. Ing. William Mart\u00ednez Cort\u00e9s, Ing. Leandro Rojas Pe\u00f1a,\u00a0<a title=\"Dr.C. Fernando E. Vald\u00e9s P\u00e9rez\" href=\"http:\/\/localhost\/wp\/generales\/colectivo\/valdes\/\">Ing. Fernando Vald\u00e9s P\u00e9rez<\/a>, Ing Leonardo Sarlabous Uranga,<a title=\"Dr.C. Carlos R. V\u00e1zquez Seisdedos\" href=\"http:\/\/localhost\/wp\/generales\/colectivo\/vazquez-seisdedos\/\">\u00a0Dr. Carlos V\u00e1zquez Seisdedos<\/a>.\u00a0 XVI Forum Provincial de Ciencia y T\u00e9cnica (Relevante).<\/p>\n<p><strong>2007.<\/strong>\u00a0Premio Nacional de la Academia de Ciencias de Cuba.\u00a0Premio anual al resultado de la investigaci\u00f3n cient\u00edfica correspondiente al a\u00f1o 2007: \u201cPlataforma para el control de Sistemas F\u00edsicos v\u00eda INTERNET. Aplicaci\u00f3n en Telerrob\u00f3tica.\u201d, de varios autores, entre ellos el profesor del CENPIS MSc. Leandro F. Rojas Pe\u00f1a.<\/p>\n<p><strong>2005.<\/strong>\u00a0M\u00e9todos y herramientas para la correcci\u00f3n de artefactos en el Electrocardiograma. (Paquete tecnol\u00f3gico)\u00a0<a title=\"Dr.C. Carlos R. V\u00e1zquez Seisdedos\" href=\"http:\/\/localhost\/wp\/generales\/colectivo\/vazquez-seisdedos\/\">Dr. Carlos V\u00e1zquez Seisdedos<\/a>,\u00a0<a title=\"Dr.C. Fernando E. Vald\u00e9s P\u00e9rez\" href=\"http:\/\/localhost\/wp\/generales\/colectivo\/valdes\/\">MSc. Fernando E. Vald\u00e9s P\u00e9rez<\/a>, Dr. Jos\u00e9 R. Malleuve Palancar, Ing. Rudys Magrans Nicieza e Ing. Daniel Romero P\u00e9rez. Relevante en el XV Forum de Ciencia y T\u00e9cnica a nivel provincial.<\/p>\n","protected":false},"excerpt":{"rendered":"<p>Se han alcanzado un total de 8 premios distribuidos: 1 Premio ACC, 5 Premios de Forum de C y T, 2 Premios Provinciales de Salud y 1 Menci\u00f3n Nacional en Forum Estudiantil. 2013.\u00a0Premio Provincial de Psicolog\u00eda de la Salud -Noem\u00ed &hellip; <a href=\"https:\/\/www.cent.uo.edu.cu\/cenpis\/investigacion\/premios-y-reconocimientos\/\">Sigue leyendo <span class=\"meta-nav\">&rarr;<\/span><\/a><\/p>\n","protected":false},"author":10,"featured_media":0,"parent":127,"menu_order":6,"comment_status":"closed","ping_status":"closed","template":"","meta":{"ngg_post_thumbnail":0,"footnotes":""},"class_list":["post-164","page","type-page","status-publish","hentry"],"_links":{"self":[{"href":"https:\/\/www.cent.uo.edu.cu\/cenpis\/wp-json\/wp\/v2\/pages\/164","targetHints":{"allow":["GET"]}}],"collection":[{"href":"https:\/\/www.cent.uo.edu.cu\/cenpis\/wp-json\/wp\/v2\/pages"}],"about":[{"href":"https:\/\/www.cent.uo.edu.cu\/cenpis\/wp-json\/wp\/v2\/types\/page"}],"author":[{"embeddable":true,"href":"https:\/\/www.cent.uo.edu.cu\/cenpis\/wp-json\/wp\/v2\/users\/10"}],"replies":[{"embeddable":true,"href":"https:\/\/www.cent.uo.edu.cu\/cenpis\/wp-json\/wp\/v2\/comments?post=164"}],"version-history":[{"count":1,"href":"https:\/\/www.cent.uo.edu.cu\/cenpis\/wp-json\/wp\/v2\/pages\/164\/revisions"}],"predecessor-version":[{"id":165,"href":"https:\/\/www.cent.uo.edu.cu\/cenpis\/wp-json\/wp\/v2\/pages\/164\/revisions\/165"}],"up":[{"embeddable":true,"href":"https:\/\/www.cent.uo.edu.cu\/cenpis\/wp-json\/wp\/v2\/pages\/127"}],"wp:attachment":[{"href":"https:\/\/www.cent.uo.edu.cu\/cenpis\/wp-json\/wp\/v2\/media?parent=164"}],"curies":[{"name":"wp","href":"https:\/\/api.w.org\/{rel}","templated":true}]}}