{"id":166,"date":"2014-01-10T20:45:31","date_gmt":"2014-01-10T20:45:31","guid":{"rendered":"http:\/\/www.cent.uo.edu.cu\/cenpis\/?page_id=166"},"modified":"2017-10-23T14:54:54","modified_gmt":"2017-10-23T14:54:54","slug":"postgrado","status":"publish","type":"page","link":"https:\/\/www.cent.uo.edu.cu\/cenpis\/docencia\/postgrado\/","title":{"rendered":"Postgrado"},"content":{"rendered":"<p>El trabajo de postgrado del CENPIS se centra principalmente en la maestr\u00eda en Ingenier\u00eda Biom\u00e9dica (actualmente culminando su primera edici\u00f3n) con una versi\u00f3n en Cuba, otra en Venezuela. Adem\u00e1s un diplomado de Neuropsicolog\u00eda Cognitiva, entre otros cursos impartidos por profesores del CENPIS. Se han defendido un total de\u00a0<b>11 Tesis de M\u00e1ster en Ingenier\u00eda Biom\u00e9dica.<\/b><\/p>\n<p>Desde la fundaci\u00f3n del centro se han tutorado y defendido\u00a0<b><b>5 Tesis de Doctorado<\/b><\/b>, de ellas 4 nacionales y una en el extranjero. Las tesis en cuesti\u00f3n son:<\/p>\n<address>1. \u201cContribuci\u00f3n a la cronometr\u00eda del ciclo card\u00edaco mediante el ECG y el PCG\u201d. MSc. Ing. Fernando E. Vald\u00e9s P\u00e9rez. CENPIS, Universidad de Oriente. Fecha: 8 de Enero de 2010.<\/address>\n<address>2. \u201cEstrategia de estimulaci\u00f3n estoc\u00e1stica de baja velocidad para implantes cocleares\u201d. MSc. Ernesto A. Mart\u00ednez Rams. Facultad de Ing. El\u00e9ctrica, Universidad de Oriente. Fecha: 8 de Enero de 2010.<\/address>\n<address>3. \u201cAn\u00e1lisis ac\u00fastico del llanto del ni\u00f1o reci\u00e9n nacido orientado al diagn\u00f3stico de patolog\u00eda en su neurodesarrollo debido a Hipoxia\u201d. Ing. Daniel I. Escobedo Beceiro. CENPIS, Universidad de Oriente. Fecha: 18 de Febrero de 2010.<\/address>\n<address>4. \u201cPropuesta de m\u00e9todos para la estimaci\u00f3n del \u00e1ngulo de la rodilla en la detecci\u00f3n de la intenci\u00f3n de movimiento\u201d. MSc. Alberto L\u00f3pez D\u00e9lis. Centro de Biof\u00edsica M\u00e9dica, Universidad de Oriente. Fecha: 1 de Septiembre de 2011.<\/address>\n<address>5. \u201cDesarrollo de m\u00e9todos de procesamiento e inteligencia computacional en el ECG ambulatorio\u201d. MSc. Jo\u00e3o Evangelista Neto. Universidad Federal del Par\u00e1, Bel\u00e9m, Brasil. Fecha: 26 de Abril de 2012.<\/address>\n<p>Desde Junio de 2010, en el Acuerdo 36.377.10 de la Comisi\u00f3n Nacional de Grados Cient\u00edficos, a propuesta del CENPIS a la comisi\u00f3n nacional, se cuenta con la especialidad y programa para la realizaci\u00f3n del doctorado en Ingenier\u00eda Biom\u00e9dica.<\/p>\n","protected":false},"excerpt":{"rendered":"<p>El trabajo de postgrado del CENPIS se centra principalmente en la maestr\u00eda en Ingenier\u00eda Biom\u00e9dica (actualmente culminando su primera edici\u00f3n) con una versi\u00f3n en Cuba, otra en Venezuela. Adem\u00e1s un diplomado de Neuropsicolog\u00eda Cognitiva, entre otros cursos impartidos por profesores &hellip; <a href=\"https:\/\/www.cent.uo.edu.cu\/cenpis\/docencia\/postgrado\/\">Sigue leyendo <span class=\"meta-nav\">&rarr;<\/span><\/a><\/p>\n","protected":false},"author":10,"featured_media":0,"parent":724,"menu_order":1,"comment_status":"closed","ping_status":"closed","template":"","meta":{"ngg_post_thumbnail":0,"footnotes":""},"class_list":["post-166","page","type-page","status-publish","hentry"],"_links":{"self":[{"href":"https:\/\/www.cent.uo.edu.cu\/cenpis\/wp-json\/wp\/v2\/pages\/166","targetHints":{"allow":["GET"]}}],"collection":[{"href":"https:\/\/www.cent.uo.edu.cu\/cenpis\/wp-json\/wp\/v2\/pages"}],"about":[{"href":"https:\/\/www.cent.uo.edu.cu\/cenpis\/wp-json\/wp\/v2\/types\/page"}],"author":[{"embeddable":true,"href":"https:\/\/www.cent.uo.edu.cu\/cenpis\/wp-json\/wp\/v2\/users\/10"}],"replies":[{"embeddable":true,"href":"https:\/\/www.cent.uo.edu.cu\/cenpis\/wp-json\/wp\/v2\/comments?post=166"}],"version-history":[{"count":1,"href":"https:\/\/www.cent.uo.edu.cu\/cenpis\/wp-json\/wp\/v2\/pages\/166\/revisions"}],"predecessor-version":[{"id":167,"href":"https:\/\/www.cent.uo.edu.cu\/cenpis\/wp-json\/wp\/v2\/pages\/166\/revisions\/167"}],"up":[{"embeddable":true,"href":"https:\/\/www.cent.uo.edu.cu\/cenpis\/wp-json\/wp\/v2\/pages\/724"}],"wp:attachment":[{"href":"https:\/\/www.cent.uo.edu.cu\/cenpis\/wp-json\/wp\/v2\/media?parent=166"}],"curies":[{"name":"wp","href":"https:\/\/api.w.org\/{rel}","templated":true}]}}