{"id":168,"date":"2014-01-10T20:45:59","date_gmt":"2014-01-10T20:45:59","guid":{"rendered":"http:\/\/www.cent.uo.edu.cu\/cenpis\/?page_id=168"},"modified":"2014-01-10T20:48:03","modified_gmt":"2014-01-10T20:48:03","slug":"diplomado-en-procesamiento-de-senales-biomedicas","status":"publish","type":"page","link":"https:\/\/www.cent.uo.edu.cu\/cenpis\/docencia\/postgrado\/diplomado-en-procesamiento-de-senales-biomedicas\/","title":{"rendered":"Diplomado en Procesamiento de Se\u00f1ales Biom\u00e9dicas"},"content":{"rendered":"<p>El Diplomado en Procesamiento de Se\u00f1ales Biom\u00e9dicas est\u00e1 encaminado a satisfacer la demanda de instituciones y profesionales en la formaci\u00f3n de postgrado en el extranjero, en Cuba y espec\u00edficamente en la regi\u00f3n oriental cubana, ante el auge de las Tecnolog\u00edas Biom\u00e9dicas en la etapa actual y futura.<\/p>\n<p>El Diplomado est\u00e1 compuesto por un sistema de cursos que culminan, cada uno, con la realizaci\u00f3n y defensa de un trabajo ante un tribunal. Se distribuye en 6 asignaturas, que hacen un total de 17 cr\u00e9ditos.<\/p>\n<p>Objetivo general:<\/p>\n<p>La actualizaci\u00f3n de profesionales en el campo de la Ingenier\u00eda Biom\u00e9dica.<\/p>\n<p>Objetivos espec\u00edficos:<\/p>\n<p>El egresado del Diplomado podr\u00e1 realizar la explotaci\u00f3n, mantenimiento, gesti\u00f3n e investigaci\u00f3n-desarrollo de la Tecnolog\u00eda Biom\u00e9dica instalada en hospitales y Centros de Investigaci\u00f3n de Medicina Humana, Animal y Vegetal, con conocimiento del grado actual de desarrollo de los campos afines involucrados.<\/p>\n<p>Requisitos:<\/p>\n<p>Los solicitantes deben ser graduados de alguna carrera universitaria de perfil el\u00e9ctrico: Telecomunicaciones, Autom\u00e1tica, El\u00e9ctrica, Biom\u00e9dica.<\/p>\n<p>Coordinador<\/p>\n<p><a title=\"Dr.C. Fernando E. Vald\u00e9s P\u00e9rez\" href=\"http:\/\/www.cent.uo.edu.cu\/cenpis\/generales\/colectivo\/dr-c-fernando-e-valdes-perez\/\">DrC. Fernando E. Vald\u00e9s P\u00e9rez<\/a><\/p>\n<p><em>Si es de su inter\u00e9s recibir estos cursos o cualquier otra informaci\u00f3n, por favor contacte con el Coordinador del Diplomado<\/em><\/p>\n","protected":false},"excerpt":{"rendered":"<p>El Diplomado en Procesamiento de Se\u00f1ales Biom\u00e9dicas est\u00e1 encaminado a satisfacer la demanda de instituciones y profesionales en la formaci\u00f3n de postgrado en el extranjero, en Cuba y espec\u00edficamente en la regi\u00f3n oriental cubana, ante el auge de las Tecnolog\u00edas &hellip; <a href=\"https:\/\/www.cent.uo.edu.cu\/cenpis\/docencia\/postgrado\/diplomado-en-procesamiento-de-senales-biomedicas\/\">Sigue leyendo <span class=\"meta-nav\">&rarr;<\/span><\/a><\/p>\n","protected":false},"author":10,"featured_media":0,"parent":166,"menu_order":0,"comment_status":"open","ping_status":"open","template":"","meta":{"ngg_post_thumbnail":0,"footnotes":""},"class_list":["post-168","page","type-page","status-publish","hentry"],"_links":{"self":[{"href":"https:\/\/www.cent.uo.edu.cu\/cenpis\/wp-json\/wp\/v2\/pages\/168","targetHints":{"allow":["GET"]}}],"collection":[{"href":"https:\/\/www.cent.uo.edu.cu\/cenpis\/wp-json\/wp\/v2\/pages"}],"about":[{"href":"https:\/\/www.cent.uo.edu.cu\/cenpis\/wp-json\/wp\/v2\/types\/page"}],"author":[{"embeddable":true,"href":"https:\/\/www.cent.uo.edu.cu\/cenpis\/wp-json\/wp\/v2\/users\/10"}],"replies":[{"embeddable":true,"href":"https:\/\/www.cent.uo.edu.cu\/cenpis\/wp-json\/wp\/v2\/comments?post=168"}],"version-history":[{"count":2,"href":"https:\/\/www.cent.uo.edu.cu\/cenpis\/wp-json\/wp\/v2\/pages\/168\/revisions"}],"predecessor-version":[{"id":175,"href":"https:\/\/www.cent.uo.edu.cu\/cenpis\/wp-json\/wp\/v2\/pages\/168\/revisions\/175"}],"up":[{"embeddable":true,"href":"https:\/\/www.cent.uo.edu.cu\/cenpis\/wp-json\/wp\/v2\/pages\/166"}],"wp:attachment":[{"href":"https:\/\/www.cent.uo.edu.cu\/cenpis\/wp-json\/wp\/v2\/media?parent=168"}],"curies":[{"name":"wp","href":"https:\/\/api.w.org\/{rel}","templated":true}]}}