{"id":170,"date":"2014-01-10T20:46:32","date_gmt":"2014-01-10T20:46:32","guid":{"rendered":"http:\/\/www.cent.uo.edu.cu\/cenpis\/?page_id=170"},"modified":"2015-02-03T16:52:31","modified_gmt":"2015-02-03T16:52:31","slug":"diplomado-en-neuropsicologia-cognitiva","status":"publish","type":"page","link":"https:\/\/www.cent.uo.edu.cu\/cenpis\/docencia\/postgrado\/diplomado-en-neuropsicologia-cognitiva\/","title":{"rendered":"Diplomado en Neuropsicolog\u00eda Cognitiva"},"content":{"rendered":"<p>Coordinador<br \/>\n<a title=\"MSc. Erislandy Omar Mart\u00ednez\" href=\"http:\/\/www.cent.uo.edu.cu\/cenpis\/generales\/colectivo\/msc-erislandy-omar-martinez\/\">MSc. Erislandy Omar Mart\u00ednez<\/a><\/p>\n<div>omar@fie.uo.edu.cu<\/div>\n<p><\/p>\n<p><em>Si es de su inter\u00e9s recibir estos cursos o cualquier otra informaci\u00f3n, por favor contacte con el Coordinador del Diplomado<\/em><\/p>\n","protected":false},"excerpt":{"rendered":"<p>Coordinador MSc. Erislandy Omar Mart\u00ednez omar@fie.uo.edu.cu Si es de su inter\u00e9s recibir estos cursos o cualquier otra informaci\u00f3n, por favor contacte con el Coordinador del Diplomado<\/p>\n","protected":false},"author":10,"featured_media":0,"parent":166,"menu_order":0,"comment_status":"closed","ping_status":"closed","template":"","meta":{"ngg_post_thumbnail":0,"footnotes":""},"class_list":["post-170","page","type-page","status-publish","hentry"],"_links":{"self":[{"href":"https:\/\/www.cent.uo.edu.cu\/cenpis\/wp-json\/wp\/v2\/pages\/170","targetHints":{"allow":["GET"]}}],"collection":[{"href":"https:\/\/www.cent.uo.edu.cu\/cenpis\/wp-json\/wp\/v2\/pages"}],"about":[{"href":"https:\/\/www.cent.uo.edu.cu\/cenpis\/wp-json\/wp\/v2\/types\/page"}],"author":[{"embeddable":true,"href":"https:\/\/www.cent.uo.edu.cu\/cenpis\/wp-json\/wp\/v2\/users\/10"}],"replies":[{"embeddable":true,"href":"https:\/\/www.cent.uo.edu.cu\/cenpis\/wp-json\/wp\/v2\/comments?post=170"}],"version-history":[{"count":7,"href":"https:\/\/www.cent.uo.edu.cu\/cenpis\/wp-json\/wp\/v2\/pages\/170\/revisions"}],"predecessor-version":[{"id":479,"href":"https:\/\/www.cent.uo.edu.cu\/cenpis\/wp-json\/wp\/v2\/pages\/170\/revisions\/479"}],"up":[{"embeddable":true,"href":"https:\/\/www.cent.uo.edu.cu\/cenpis\/wp-json\/wp\/v2\/pages\/166"}],"wp:attachment":[{"href":"https:\/\/www.cent.uo.edu.cu\/cenpis\/wp-json\/wp\/v2\/media?parent=170"}],"curies":[{"name":"wp","href":"https:\/\/api.w.org\/{rel}","templated":true}]}}