{"id":172,"date":"2014-01-10T20:46:53","date_gmt":"2014-01-10T20:46:53","guid":{"rendered":"http:\/\/www.cent.uo.edu.cu\/cenpis\/?page_id=172"},"modified":"2015-02-23T21:54:20","modified_gmt":"2015-02-23T21:54:20","slug":"maestria-en-ingenieria-biomedica","status":"publish","type":"page","link":"https:\/\/www.cent.uo.edu.cu\/cenpis\/docencia\/postgrado\/maestria-en-ingenieria-biomedica\/","title":{"rendered":"Maestr\u00eda en Ingenier\u00eda Biom\u00e9dica"},"content":{"rendered":"<p>Objetivos generales:<\/p>\n<p>La Maestr\u00eda en Ingenier\u00eda Biom\u00e9dica se propone la formaci\u00f3n de especialistas de alto nivel, capaces de:<\/p>\n<p>Crear una base te\u00f3rica s\u00f3lida que permita asimilar y aplicar las tecnolog\u00edas modernas que se desarrollan constantemente en el campo de la bioingenier\u00eda.<\/p>\n<p>Utilizar m\u00e9todos modernos para analizar el funcionamiento y dise\u00f1ar equipos y sistemas biom\u00e9dicos, de manera que el egresado pueda auxiliar eficazmente al personal m\u00e9dico en la utilizaci\u00f3n de los equipos m\u00e9dicos.<\/p>\n<p>Aplicar la metodolog\u00eda cient\u00edfica al organizar las etapas de desarrollo de un proyecto cient\u00edfico t\u00e9cnico en el campo de la ingenier\u00eda biom\u00e9dica.<\/p>\n<p>Requisitos de ingreso:<\/p>\n<p>Ser graduado de carreras del perfil el\u00e9ctrico como: Ingenier\u00eda en Telecomunicaciones, Electr\u00f3nica, Control Autom\u00e1tico, Biom\u00e9dica, El\u00e9ctrica o Inform\u00e1tica, as\u00ed como de Licenciatura en F\u00edsica, Matem\u00e1tica o Ciencias de la Computaci\u00f3n.<\/p>\n<p>En caso de ser graduado de otras carreras afines al perfil el\u00e9ctrico, electr\u00f3nico, inform\u00e1tico, de bioingenier\u00eda, de ciencias exactas o de tecnolog\u00edas de la salud, el Comit\u00e9 Acad\u00e9mico de la maestr\u00eda valorar\u00e1 la posibibilidad de inclusi\u00f3n.<\/p>\n<p><a href=\"http:\/\/www.cent.uo.edu.cu\/cenpis\/files\/2014\/01\/Programa.pdf\" target=\"blank\">Descargar Programa Extractado de la Maestr\u00eda (Segunda Edici\u00f3n)<\/a><\/p>\n<p>Coordinador<\/p>\n<p><a title=\"Dr.C. Fernando Vald\u00e9s P\u00e9rez\" href=\"http:\/\/www.cent.uo.edu.cu\/cenpis\/generales\/colectivo\/dr-c-enrique-juan-maranon-reyes\/\">Dr.C. Fernando Vald\u00e9s P\u00e9rez<\/a><\/p>\n<div>fvaldes@fie.uo.edu.cu<\/div>\n","protected":false},"excerpt":{"rendered":"<p>Objetivos generales: La Maestr\u00eda en Ingenier\u00eda Biom\u00e9dica se propone la formaci\u00f3n de especialistas de alto nivel, capaces de: Crear una base te\u00f3rica s\u00f3lida que permita asimilar y aplicar las tecnolog\u00edas modernas que se desarrollan constantemente en el campo de la &hellip; <a href=\"https:\/\/www.cent.uo.edu.cu\/cenpis\/docencia\/postgrado\/maestria-en-ingenieria-biomedica\/\">Sigue leyendo <span class=\"meta-nav\">&rarr;<\/span><\/a><\/p>\n","protected":false},"author":10,"featured_media":0,"parent":166,"menu_order":0,"comment_status":"closed","ping_status":"closed","template":"","meta":{"ngg_post_thumbnail":0,"footnotes":""},"class_list":["post-172","page","type-page","status-publish","hentry"],"_links":{"self":[{"href":"https:\/\/www.cent.uo.edu.cu\/cenpis\/wp-json\/wp\/v2\/pages\/172","targetHints":{"allow":["GET"]}}],"collection":[{"href":"https:\/\/www.cent.uo.edu.cu\/cenpis\/wp-json\/wp\/v2\/pages"}],"about":[{"href":"https:\/\/www.cent.uo.edu.cu\/cenpis\/wp-json\/wp\/v2\/types\/page"}],"author":[{"embeddable":true,"href":"https:\/\/www.cent.uo.edu.cu\/cenpis\/wp-json\/wp\/v2\/users\/10"}],"replies":[{"embeddable":true,"href":"https:\/\/www.cent.uo.edu.cu\/cenpis\/wp-json\/wp\/v2\/comments?post=172"}],"version-history":[{"count":14,"href":"https:\/\/www.cent.uo.edu.cu\/cenpis\/wp-json\/wp\/v2\/pages\/172\/revisions"}],"predecessor-version":[{"id":500,"href":"https:\/\/www.cent.uo.edu.cu\/cenpis\/wp-json\/wp\/v2\/pages\/172\/revisions\/500"}],"up":[{"embeddable":true,"href":"https:\/\/www.cent.uo.edu.cu\/cenpis\/wp-json\/wp\/v2\/pages\/166"}],"wp:attachment":[{"href":"https:\/\/www.cent.uo.edu.cu\/cenpis\/wp-json\/wp\/v2\/media?parent=172"}],"curies":[{"name":"wp","href":"https:\/\/api.w.org\/{rel}","templated":true}]}}