{"id":177,"date":"2014-01-10T20:49:42","date_gmt":"2014-01-10T20:49:42","guid":{"rendered":"http:\/\/www.cent.uo.edu.cu\/cenpis\/?page_id=177"},"modified":"2015-02-03T16:54:09","modified_gmt":"2015-02-03T16:54:09","slug":"doctorado-en-instrumentacion-y-procesamiento-de-senales","status":"publish","type":"page","link":"https:\/\/www.cent.uo.edu.cu\/cenpis\/docencia\/postgrado\/doctorado-en-instrumentacion-y-procesamiento-de-senales\/","title":{"rendered":"Doctorado en Instrumentaci\u00f3n y Procesamiento de Se\u00f1ales"},"content":{"rendered":"<p>Coordinador<\/p>\n<p><a title=\"Dr.C. Enrique Juan Mara\u00f1\u00f3n Reyes\" href=\"http:\/\/www.cent.uo.edu.cu\/cenpis\/generales\/colectivo\/dr-c-enrique-juan-maranon-reyes\/\">DrC. Enrique J. Mara\u00f1\u00f3n Reyes<\/a><\/p>\n<div>enriquem@fie.uo.edu.cu<\/div>\n<p><\/p>\n<p><em>Si es de su inter\u00e9s recibir cualquier otra informaci\u00f3n, por favor contacte con el Coordinador<\/em><\/p>\n","protected":false},"excerpt":{"rendered":"<p>Coordinador DrC. Enrique J. Mara\u00f1\u00f3n Reyes enriquem@fie.uo.edu.cu Si es de su inter\u00e9s recibir cualquier otra informaci\u00f3n, por favor contacte con el Coordinador<\/p>\n","protected":false},"author":10,"featured_media":0,"parent":166,"menu_order":0,"comment_status":"closed","ping_status":"closed","template":"","meta":{"ngg_post_thumbnail":0,"footnotes":""},"class_list":["post-177","page","type-page","status-publish","hentry"],"_links":{"self":[{"href":"https:\/\/www.cent.uo.edu.cu\/cenpis\/wp-json\/wp\/v2\/pages\/177","targetHints":{"allow":["GET"]}}],"collection":[{"href":"https:\/\/www.cent.uo.edu.cu\/cenpis\/wp-json\/wp\/v2\/pages"}],"about":[{"href":"https:\/\/www.cent.uo.edu.cu\/cenpis\/wp-json\/wp\/v2\/types\/page"}],"author":[{"embeddable":true,"href":"https:\/\/www.cent.uo.edu.cu\/cenpis\/wp-json\/wp\/v2\/users\/10"}],"replies":[{"embeddable":true,"href":"https:\/\/www.cent.uo.edu.cu\/cenpis\/wp-json\/wp\/v2\/comments?post=177"}],"version-history":[{"count":3,"href":"https:\/\/www.cent.uo.edu.cu\/cenpis\/wp-json\/wp\/v2\/pages\/177\/revisions"}],"predecessor-version":[{"id":481,"href":"https:\/\/www.cent.uo.edu.cu\/cenpis\/wp-json\/wp\/v2\/pages\/177\/revisions\/481"}],"up":[{"embeddable":true,"href":"https:\/\/www.cent.uo.edu.cu\/cenpis\/wp-json\/wp\/v2\/pages\/166"}],"wp:attachment":[{"href":"https:\/\/www.cent.uo.edu.cu\/cenpis\/wp-json\/wp\/v2\/media?parent=177"}],"curies":[{"name":"wp","href":"https:\/\/api.w.org\/{rel}","templated":true}]}}