{"id":20,"date":"2014-01-10T18:31:57","date_gmt":"2014-01-10T18:31:57","guid":{"rendered":"http:\/\/www.cent.uo.edu.cu\/cenpis\/?page_id=20"},"modified":"2017-10-23T14:50:46","modified_gmt":"2017-10-23T14:50:46","slug":"colectivo","status":"publish","type":"page","link":"https:\/\/www.cent.uo.edu.cu\/cenpis\/generales\/colectivo\/","title":{"rendered":"Colectivo"},"content":{"rendered":"<h4><strong>Principales Investigadores<\/strong><\/h4>\n<p><a title=\"Dr.C. Enrique Juan Mara\u00f1\u00f3n Reyes\" href=\"http:\/\/www.cent.uo.edu.cu\/cenpis\/generales\/colectivo\/dr-c-enrique-juan-maranon-reyes\/\">DrC. Enrique J. Mara\u00f1\u00f3n Reyes<\/a><\/p>\n<p><a title=\"Dr.C. Carlos R. V\u00e1zquez Seisdedos\" href=\"http:\/\/www.cent.uo.edu.cu\/cenpis\/generales\/colectivo\/dr-c-carlos-r-vazquez-seisdedos\/\">DrC. Carlos R. V\u00e1zquez Seisdedos<\/a><\/p>\n<p><a title=\"Dr.C. Daniel I. Escobedo Beceiro\" href=\"http:\/\/www.cent.uo.edu.cu\/cenpis\/generales\/colectivo\/dr-c-daniel-i-escobedo-beceiro\/\">DrC. Daniel I.\u00a0Escobedo Beceiro<\/a><\/p>\n<p><a title=\"Dr.C. Fernando E. Vald\u00e9s P\u00e9rez\" href=\"http:\/\/www.cent.uo.edu.cu\/cenpis\/generales\/colectivo\/dr-c-fernando-e-valdes-perez\/\">DrC. Fernando E. Vald\u00e9s P\u00e9rez<\/a><\/p>\n<p><a title=\"Dr.C. Sergio D. Cano Ortiz\" href=\"http:\/\/www.cent.uo.edu.cu\/cenpis\/generales\/colectivo\/dr-c-sergio-d-cano-ortiz\/\">DrC. Sergio D. Cano Ortiz<\/a><\/p>\n<p><a title=\"MSc. Erislandy Omar Mart\u00ednez\" href=\"http:\/\/www.cent.uo.edu.cu\/cenpis\/msc-erislandy-omar-martinez\/\">MSc. Erislandy Omar Mart\u00ednez<\/a><\/p>\n<p><a title=\"MSc. Onelia Carballo Reina\" href=\"http:\/\/www.cent.uo.edu.cu\/cenpis\/generales\/colectivo\/msc-onelia-carballo-reina\/\">MSc. Onelia Carballo Reina<\/a><\/p>\n<p><a title=\"Ing. Frank Sanabria Mac\u00ed\u00adas\" href=\"http:\/\/www.cent.uo.edu.cu\/cenpis\/generales\/colectivo\/ing-frank-sanabria-maci%c2%adas\/\">Ing. Lic<\/a><a title=\"Ing. Frank Sanabria Mac\u00ed\u00adas\" href=\"http:\/\/www.cent.uo.edu.cu\/cenpis\/generales\/colectivo\/ing-frank-sanabria-maci%c2%adas\/\">. Frank Sanabria Mac\u00edas<\/a><\/p>\n<p><a title=\"Ing. Yissel Rodr\u00edguez Aldana\" href=\"http:\/\/www.cent.uo.edu.cu\/cenpis\/ing-yissel-rodriguez-aldana\/\">MSc. Yissel Rodr\u00edguez Aldana<\/a><\/p>\n<p><a title=\"Ing. Yissel Rodr\u00edguez Aldana\" href=\"http:\/\/www.cent.uo.edu.cu\/cenpis\/generales\/colectivo\/ing-felipe-rodriguez-arias\/\">MSc. Felipe Rodr\u00edguez Arias<\/a><\/p>\n<p><a title=\"Ing. Yissel Rodr\u00edguez Aldana\" href=\"http:\/\/www.cent.uo.edu.cu\/cenpis\/generales\/colectivo\/ing-leaned-quintana-vivanco\/\">Ing. Leaned M. Quintana Vivanco<\/a><\/p>\n<p><a href=\"http:\/\/www.cent.uo.edu.cu\/cenpis\/generales\/colectivo\/ing-vladimir-ortiz-grave-de-peralta\/\">Ing. Vladimir Ortiz Grave de Peralta<\/a><\/p>\n<p><a href=\"http:\/\/www.cent.uo.edu.cu\/cenpis\/generales\/colectivo\/ing-david-castro-pinol\/\">Ing. David Castro Pi\u00f1ol<\/a><\/p>\n<p>&nbsp;<\/p>\n<h4><strong>Secretaria<\/strong><\/h4>\n<p>Dani N\u00fa\u00f1ez N\u00fa\u00f1ez<\/p>\n","protected":false},"excerpt":{"rendered":"<p>Principales Investigadores DrC. Enrique J. Mara\u00f1\u00f3n Reyes DrC. Carlos R. V\u00e1zquez Seisdedos DrC. Daniel I.\u00a0Escobedo Beceiro DrC. Fernando E. Vald\u00e9s P\u00e9rez DrC. Sergio D. Cano Ortiz MSc. Erislandy Omar Mart\u00ednez MSc. Onelia Carballo Reina Ing. Lic. Frank Sanabria Mac\u00edas MSc. &hellip; <a href=\"https:\/\/www.cent.uo.edu.cu\/cenpis\/generales\/colectivo\/\">Sigue leyendo <span class=\"meta-nav\">&rarr;<\/span><\/a><\/p>\n","protected":false},"author":10,"featured_media":0,"parent":14,"menu_order":1,"comment_status":"closed","ping_status":"closed","template":"","meta":{"ngg_post_thumbnail":0,"footnotes":""},"class_list":["post-20","page","type-page","status-publish","hentry"],"_links":{"self":[{"href":"https:\/\/www.cent.uo.edu.cu\/cenpis\/wp-json\/wp\/v2\/pages\/20","targetHints":{"allow":["GET"]}}],"collection":[{"href":"https:\/\/www.cent.uo.edu.cu\/cenpis\/wp-json\/wp\/v2\/pages"}],"about":[{"href":"https:\/\/www.cent.uo.edu.cu\/cenpis\/wp-json\/wp\/v2\/types\/page"}],"author":[{"embeddable":true,"href":"https:\/\/www.cent.uo.edu.cu\/cenpis\/wp-json\/wp\/v2\/users\/10"}],"replies":[{"embeddable":true,"href":"https:\/\/www.cent.uo.edu.cu\/cenpis\/wp-json\/wp\/v2\/comments?post=20"}],"version-history":[{"count":12,"href":"https:\/\/www.cent.uo.edu.cu\/cenpis\/wp-json\/wp\/v2\/pages\/20\/revisions"}],"predecessor-version":[{"id":539,"href":"https:\/\/www.cent.uo.edu.cu\/cenpis\/wp-json\/wp\/v2\/pages\/20\/revisions\/539"}],"up":[{"embeddable":true,"href":"https:\/\/www.cent.uo.edu.cu\/cenpis\/wp-json\/wp\/v2\/pages\/14"}],"wp:attachment":[{"href":"https:\/\/www.cent.uo.edu.cu\/cenpis\/wp-json\/wp\/v2\/media?parent=20"}],"curies":[{"name":"wp","href":"https:\/\/api.w.org\/{rel}","templated":true}]}}