{"id":265,"date":"2014-01-14T21:12:38","date_gmt":"2014-01-14T21:12:38","guid":{"rendered":"http:\/\/www.cent.uo.edu.cu\/cenpis\/?page_id=265"},"modified":"2014-01-14T21:58:56","modified_gmt":"2014-01-14T21:58:56","slug":"publicaciones-recientes-2","status":"publish","type":"page","link":"https:\/\/www.cent.uo.edu.cu\/cenpis\/generales\/colectivo\/dr-c-carlos-r-vazquez-seisdedos\/publicaciones-recientes-2\/","title":{"rendered":"Publicaciones recientes"},"content":{"rendered":"<p><strong>Jo\u00e3o P.V. Madeiro, William B. Nicolson, Paulo C. Cortez, Jo\u00e3o A.L. Marques, Carlos R. V\u00e1zquez-Seisdedos, Narmadha Elangovan, G. Andre Ng, Fernando S. Schlindwein (2013)<\/strong>\u00a0\u201cNEW APPROACH FOR T-WAVE PEAK DETECTION AND T-WAVE END LOCATION IN 12-LEAD PACED ECG SIGNALS BASED ON A MATHEMATICAL MODEL. \u201c. Medical Engineering &amp; Physics, Volume 35, Issue 8<\/p>\n<p><strong>Carlos R. V\u00e1zquez Seisdedos, Francisco Perdig\u00f3n Romero, Liset V\u00e1zquez Romaguera<\/strong><strong>.<\/strong>\u00a0DISE\u00d1O DE SOFTWARE PARA AN\u00c1LISIS DE SE\u00d1ALES ELECTROOCULOGR\u00c1FICAS. Inform\u00e1tica 2013. Santiago de Cuba. ISBN: 978-959-7213-02-4<\/p>\n<p><strong>Jo\u00e3o P.V. Madeiro, Paulo C. Corteza, Jo\u00e3o A.L. Marques, Carlos R.V. Seisdedos, Carlos R.M.R. Sobrinho (2012)<\/strong>\u00a0\u201cAN INNOVATIVE APPROACH OF QRS SEGMENTATION BASED ON FIRST-DERIVATIVE, HILBERT AND WAVELET TRANSFORMS\u201d. Medical Engineering &amp; Physics, Volume 34, Issue 9<\/p>\n<p><strong>F.E. Vald\u00e9s-P\u00e9rez, A. Serrano-Romero y C.R. V\u00e1zquez-Seisdedos (2011)<\/strong>\u00a0\u201cM\u00c9TODO DE LA PLANTILLA GAUSSIANA PARA EXTRAER PAR\u00c1METROS DEL PRIMER SONIDO CARD\u00cdACO: EVALUACI\u00d3N DE SU EXACTITUD Y ROBUSTEZ AL RUIDO\u201d. V Congreso Latinoamericano de Ingenier\u00eda Biom\u00e9dica CLAIB 2011, La Habana, Cuba. ISBN 978-3-642-21197-3<\/p>\n<p><strong>C.R. V\u00e1zquez-Seisdedos, Y. Fadraga-Acosta y F.E. Vald\u00e9s-P\u00e9rez (2011)<\/strong>\u00a0\u201cDELINEACI\u00d3N DE MOVIMIENTOS OCULARES SAC\u00c1DICOS: DESEMPE\u00d1O EN PRESENCIA DE RUIDO\u201d. V Congreso Latinoamericano de Ingenier\u00eda Biom\u00e9dica CLAIB 2011, La Habana, Cuba. ISBN 978-3-642-21197-3<\/p>\n<p><strong>F.E. Vald\u00e9s-P\u00e9rez, C.R. V\u00e1quez-Seisdedos, G. Yared, J.L. Sansone and E.D. Moreno (2006)<\/strong>\u201cDETERMINACI\u00d3N DE LA POSICI\u00d3N DEL SONIDO S1 POR PROMEDIADO DE PUNTOS EN LA ENERG\u00c3\u00adA DEL FONOCARDIOGRAMA\u201d. CLAIB 2007, IFMBE Proceedings 18, pp. 145-149<\/p>\n","protected":false},"excerpt":{"rendered":"<p>Jo\u00e3o P.V. Madeiro, William B. Nicolson, Paulo C. Cortez, Jo\u00e3o A.L. Marques, Carlos R. V\u00e1zquez-Seisdedos, Narmadha Elangovan, G. Andre Ng, Fernando S. Schlindwein (2013)\u00a0\u201cNEW APPROACH FOR T-WAVE PEAK DETECTION AND T-WAVE END LOCATION IN 12-LEAD PACED ECG SIGNALS BASED ON &hellip; <a href=\"https:\/\/www.cent.uo.edu.cu\/cenpis\/generales\/colectivo\/dr-c-carlos-r-vazquez-seisdedos\/publicaciones-recientes-2\/\">Sigue leyendo <span class=\"meta-nav\">&rarr;<\/span><\/a><\/p>\n","protected":false},"author":10,"featured_media":0,"parent":31,"menu_order":0,"comment_status":"open","ping_status":"open","template":"","meta":{"ngg_post_thumbnail":0,"footnotes":""},"class_list":["post-265","page","type-page","status-publish","hentry"],"_links":{"self":[{"href":"https:\/\/www.cent.uo.edu.cu\/cenpis\/wp-json\/wp\/v2\/pages\/265","targetHints":{"allow":["GET"]}}],"collection":[{"href":"https:\/\/www.cent.uo.edu.cu\/cenpis\/wp-json\/wp\/v2\/pages"}],"about":[{"href":"https:\/\/www.cent.uo.edu.cu\/cenpis\/wp-json\/wp\/v2\/types\/page"}],"author":[{"embeddable":true,"href":"https:\/\/www.cent.uo.edu.cu\/cenpis\/wp-json\/wp\/v2\/users\/10"}],"replies":[{"embeddable":true,"href":"https:\/\/www.cent.uo.edu.cu\/cenpis\/wp-json\/wp\/v2\/comments?post=265"}],"version-history":[{"count":7,"href":"https:\/\/www.cent.uo.edu.cu\/cenpis\/wp-json\/wp\/v2\/pages\/265\/revisions"}],"predecessor-version":[{"id":268,"href":"https:\/\/www.cent.uo.edu.cu\/cenpis\/wp-json\/wp\/v2\/pages\/265\/revisions\/268"}],"up":[{"embeddable":true,"href":"https:\/\/www.cent.uo.edu.cu\/cenpis\/wp-json\/wp\/v2\/pages\/31"}],"wp:attachment":[{"href":"https:\/\/www.cent.uo.edu.cu\/cenpis\/wp-json\/wp\/v2\/media?parent=265"}],"curies":[{"name":"wp","href":"https:\/\/api.w.org\/{rel}","templated":true}]}}