{"id":273,"date":"2014-01-14T21:20:27","date_gmt":"2014-01-14T21:20:27","guid":{"rendered":"http:\/\/www.cent.uo.edu.cu\/cenpis\/?page_id=273"},"modified":"2014-01-20T16:13:55","modified_gmt":"2014-01-20T16:13:55","slug":"publicaciones-recientes-3","status":"publish","type":"page","link":"https:\/\/www.cent.uo.edu.cu\/cenpis\/generales\/colectivo\/dr-c-daniel-i-escobedo-beceiro\/publicaciones-recientes-3\/","title":{"rendered":"Publicaciones recientes"},"content":{"rendered":"<p><strong>D. I. Escobedo B., F. Sanabria M., E. J. Mara\u00f1\u00f3n R., S. Cano O., L. Zamora M., L. Reg\u00fceiferos P., L. Capdevila B (2013)<\/strong>\u00a0\u201cPRECLASIFICACI\u00d3N DE LLANTO INFANTIL Y PRUEBAS PRELIMINARES DE VALIDEZ\u201d. Inform\u00e1tica 2013. I Congreso Integracionista de las Ciencias y las Tecnolog\u00edas Inform\u00e1ticas, Santiago de Cuba, Cuba. ISBN: 978-959-7213-02-4<\/p>\n<p><strong>S. D. Cano O; C. A. Reyes G; O. Reyes G; D. I. Escobedo B; J. D. Cano O. (2011)<\/strong>\u201cEMERGENCE OF A NEW ALTERNATIVE ON CRY ANALYSIS: THE FUZZY APPROACH\u201d. V Congreso Latinoamericano de Ingenier\u00eda Biom\u00e9dica. CLAIB 2011, La Habana, Cuba. ISBN: 978-3-642-21197-3<\/p>\n<p><strong>C. M. Pino R; Y. Crespo F; S. D. Cano O; D. I. Escobedo B; Y. Carcases. B; L. Porro P. (2011)<\/strong>\u00a0\u201cTECNOLOG\u00cdA WEB APLICADA AL ESTUDIO DEL LLANTO INFANTIL\u201d. VIII Congreso Internacional de Inform\u00e1tica en la Salud. Inform\u00e1tica 2011, La Habana, Cuba. ISBN: 978-959-7213-01-7<\/p>\n<p><strong>S. D. Cano O., D. I. Escobedo B., C. A. Reyes G., L. Reg\u00fceiferos P., L Capdevila B. (2010)<\/strong>\u201cEL ENFOQUE MULTILATERAL PARA EL PROBLEMA DE LA CLASIFICACI\u00d3N DEL LLANTO INFANTIL CON FINES DIAGN\u00d3STICOS\u201d. Revista Electr\u00f3nica Ciencia en su PC. N\u00famero 3. pp. 96-108, CITMA. Santiago de Cuba. ISSN: 1027-2887<\/p>\n<p><strong>C. A. Reyes G; O. Reyes G; S. D. Cano O; D. I. Escobedo B; R. Zatarain; L. Barr\u00f3n E. (2010)<\/strong>\u201cSOFT COMPUTING APPROACHES TO THE PROBLEM OF INFANT CRY CLASSIFICATION WITH DIAGNOSTIC PURPOSES\u201d. Studies in Computational Intelligence. Book series. Vol. 312. pp. 3-18, ISSN: 1860949X, ISBN: 978-364215110-1, DOI: 10.1007\/978-3-642-15111-8_1<\/p>\n","protected":false},"excerpt":{"rendered":"<p>D. I. Escobedo B., F. Sanabria M., E. J. Mara\u00f1\u00f3n R., S. Cano O., L. Zamora M., L. Reg\u00fceiferos P., L. Capdevila B (2013)\u00a0\u201cPRECLASIFICACI\u00d3N DE LLANTO INFANTIL Y PRUEBAS PRELIMINARES DE VALIDEZ\u201d. Inform\u00e1tica 2013. I Congreso Integracionista de las Ciencias &hellip; <a href=\"https:\/\/www.cent.uo.edu.cu\/cenpis\/generales\/colectivo\/dr-c-daniel-i-escobedo-beceiro\/publicaciones-recientes-3\/\">Sigue leyendo <span class=\"meta-nav\">&rarr;<\/span><\/a><\/p>\n","protected":false},"author":10,"featured_media":0,"parent":28,"menu_order":0,"comment_status":"open","ping_status":"open","template":"","meta":{"ngg_post_thumbnail":0,"footnotes":""},"class_list":["post-273","page","type-page","status-publish","hentry"],"_links":{"self":[{"href":"https:\/\/www.cent.uo.edu.cu\/cenpis\/wp-json\/wp\/v2\/pages\/273","targetHints":{"allow":["GET"]}}],"collection":[{"href":"https:\/\/www.cent.uo.edu.cu\/cenpis\/wp-json\/wp\/v2\/pages"}],"about":[{"href":"https:\/\/www.cent.uo.edu.cu\/cenpis\/wp-json\/wp\/v2\/types\/page"}],"author":[{"embeddable":true,"href":"https:\/\/www.cent.uo.edu.cu\/cenpis\/wp-json\/wp\/v2\/users\/10"}],"replies":[{"embeddable":true,"href":"https:\/\/www.cent.uo.edu.cu\/cenpis\/wp-json\/wp\/v2\/comments?post=273"}],"version-history":[{"count":3,"href":"https:\/\/www.cent.uo.edu.cu\/cenpis\/wp-json\/wp\/v2\/pages\/273\/revisions"}],"predecessor-version":[{"id":334,"href":"https:\/\/www.cent.uo.edu.cu\/cenpis\/wp-json\/wp\/v2\/pages\/273\/revisions\/334"}],"up":[{"embeddable":true,"href":"https:\/\/www.cent.uo.edu.cu\/cenpis\/wp-json\/wp\/v2\/pages\/28"}],"wp:attachment":[{"href":"https:\/\/www.cent.uo.edu.cu\/cenpis\/wp-json\/wp\/v2\/media?parent=273"}],"curies":[{"name":"wp","href":"https:\/\/api.w.org\/{rel}","templated":true}]}}