{"id":28,"date":"2014-01-10T19:39:49","date_gmt":"2014-01-10T19:39:49","guid":{"rendered":"http:\/\/www.cent.uo.edu.cu\/cenpis\/?page_id=28"},"modified":"2017-03-08T20:01:53","modified_gmt":"2017-03-08T20:01:53","slug":"dr-c-daniel-i-escobedo-beceiro","status":"publish","type":"page","link":"https:\/\/www.cent.uo.edu.cu\/cenpis\/generales\/colectivo\/dr-c-daniel-i-escobedo-beceiro\/","title":{"rendered":"DrC. Daniel I. Escobedo Beceiro"},"content":{"rendered":"<p>Profesor Titular, Investigador Auxiliar<br \/>\n<strong>Labor que desempe\u00f1a: <\/strong>Profesor Investigador<strong>, <\/strong>Miembro del Grupo de Direcci\u00f3n.<\/p>\n<p><strong>Grado(s) Cient\u00edficos(s):<\/strong><\/p>\n<p>* Ingeniero en Telecomunicaciones, ISPJAM, 1985<\/p>\n<p>* Investigador Auxiliar, Academia de Ciencias de Cuba, 1999<\/p>\n<p>* Doctor en Ciencias T\u00e9cnicas, Universidad de Oriente, 2010<\/p>\n<p><strong>Intereses Cient\u00edficos:<\/strong><\/p>\n<p>Es fundador desde 1987 del Grupo de Procesamiento de Voz, tambi\u00e9n fundador del CENPIS. Ha llevado a cabo trabajos de Investigaci\u00f3n y Desarrollo en Telecomunicaciones, Procesamiento Digital de Se\u00f1ales, Procesamiento de Voz, Fon\u00e9tica, An\u00e1lisis del llanto infantil orientado al diagn\u00f3stico, Reconocimiento de Patrones, Aplicaciones de Procesamiento de Voz para la medicina y la ense\u00f1anza especial.<\/p>\n<p>Estuvo en 1988 como profesor invitado en la Universidad Polit\u00e9cnica de Madrid, y en 1991, en el Centro de Investigaciones Avanzadas del Instituto Polit\u00e9cnico Nacional de M\u00e9xico. Fue Investigador Invitado en 1996, ala Universidad de Humboldt en Berl\u00edn. En el 2001 hizo una estancia como Investigador en el tema del an\u00e1lisis del llanto infantil y patolog\u00edas de la voz en la Universidad Libre de Bruselas. En el 2014 hizo estancia de investigaci\u00f3n en la referida universidad como l\u00edder de un subproyecto del llanto infantil, como parte del proyecto VLIR que B\u00e9lgica desarrolla con la Universidad de Oriente.<\/p>\n<p>Ha participado en una treintena de eventos cient\u00edficos siendo tribunal en el \u00e1rea de Procesamiento de Voz. Ha formado parte del comit\u00e9 cient\u00edfico en varios de estos eventos. Tiene varios registros y m\u00e1s de 40 publicaciones en las tem\u00e1ticas referidas. Fue miembro (1989-1995) del Consejo de la Revista Estudios de Comunicaci\u00f3n Social, y del Consejo Cient\u00edfico Multidisciplinario (1992-1998), ambos del Centro de Ling\u00fc\u00edstica Aplicada del CITMA. Fue miembro de la Asociaci\u00f3n Cubana de Reconocimiento de Patrones en el per\u00edodo 1999-2010. Es miembro de la Sociedad Cubana de Matem\u00e1tica y Computaci\u00f3n.<\/p>\n<p>M\u00e1s Informaci\u00f3n en<em> <a href=\"http:\/\/investigadores.uo.edu.cu\/index.php\/2016\/07\/12\/daniel-isac-escobedo-beceiro\/\">\u00abQui\u00e9n es Qui\u00e9n en las Ciencias en la UO\u00bb<\/a><\/em><\/p>\n","protected":false},"excerpt":{"rendered":"<p>Profesor Titular, Investigador Auxiliar Labor que desempe\u00f1a: Profesor Investigador, Miembro del Grupo de Direcci\u00f3n. Grado(s) Cient\u00edficos(s): * Ingeniero en Telecomunicaciones, ISPJAM, 1985 * Investigador Auxiliar, Academia de Ciencias de Cuba, 1999 * Doctor en Ciencias T\u00e9cnicas, Universidad de Oriente, 2010 &hellip; <a href=\"https:\/\/www.cent.uo.edu.cu\/cenpis\/generales\/colectivo\/dr-c-daniel-i-escobedo-beceiro\/\">Sigue leyendo <span class=\"meta-nav\">&rarr;<\/span><\/a><\/p>\n","protected":false},"author":10,"featured_media":0,"parent":20,"menu_order":0,"comment_status":"closed","ping_status":"closed","template":"","meta":{"ngg_post_thumbnail":0,"footnotes":""},"class_list":["post-28","page","type-page","status-publish","hentry"],"_links":{"self":[{"href":"https:\/\/www.cent.uo.edu.cu\/cenpis\/wp-json\/wp\/v2\/pages\/28","targetHints":{"allow":["GET"]}}],"collection":[{"href":"https:\/\/www.cent.uo.edu.cu\/cenpis\/wp-json\/wp\/v2\/pages"}],"about":[{"href":"https:\/\/www.cent.uo.edu.cu\/cenpis\/wp-json\/wp\/v2\/types\/page"}],"author":[{"embeddable":true,"href":"https:\/\/www.cent.uo.edu.cu\/cenpis\/wp-json\/wp\/v2\/users\/10"}],"replies":[{"embeddable":true,"href":"https:\/\/www.cent.uo.edu.cu\/cenpis\/wp-json\/wp\/v2\/comments?post=28"}],"version-history":[{"count":12,"href":"https:\/\/www.cent.uo.edu.cu\/cenpis\/wp-json\/wp\/v2\/pages\/28\/revisions"}],"predecessor-version":[{"id":615,"href":"https:\/\/www.cent.uo.edu.cu\/cenpis\/wp-json\/wp\/v2\/pages\/28\/revisions\/615"}],"up":[{"embeddable":true,"href":"https:\/\/www.cent.uo.edu.cu\/cenpis\/wp-json\/wp\/v2\/pages\/20"}],"wp:attachment":[{"href":"https:\/\/www.cent.uo.edu.cu\/cenpis\/wp-json\/wp\/v2\/media?parent=28"}],"curies":[{"name":"wp","href":"https:\/\/api.w.org\/{rel}","templated":true}]}}