{"id":309,"date":"2014-01-14T21:50:25","date_gmt":"2014-01-14T21:50:25","guid":{"rendered":"http:\/\/www.cent.uo.edu.cu\/cenpis\/?page_id=309"},"modified":"2014-01-14T21:50:25","modified_gmt":"2014-01-14T21:50:25","slug":"publicaciones-recientes-12","status":"publish","type":"page","link":"https:\/\/www.cent.uo.edu.cu\/cenpis\/generales\/colectivo\/ing-yissel-rodriguez-aldana\/publicaciones-recientes-12\/","title":{"rendered":"Publicaciones recientes"},"content":{"rendered":"<p><strong>Yissel Rodr\u00edguez Aldana, Enrique Mara\u00f1\u00f3n Reyes, Valia Rodr\u00edguez Rodr\u00edguez, Teresa M. Puebla.<\/strong>DETECCI\u00d3N Y ELIMINACI\u00d3N DE ARTEFACTOS DEL\u00a0ELECTROENCEFALOGRAMA OBTENIDO EN UCI. Inform\u00e1tica 2013. I Congreso Integracionista de las Ciencias y las Tecnolog\u00edas Inform\u00e1ticas, XV\u00a0 Convenci\u00f3n Internacional Inform\u00e1tica 2013, Santiago de Cuba. ISBN: 978-959-7213-02-4<\/p>\n","protected":false},"excerpt":{"rendered":"<p>Yissel Rodr\u00edguez Aldana, Enrique Mara\u00f1\u00f3n Reyes, Valia Rodr\u00edguez Rodr\u00edguez, Teresa M. Puebla.DETECCI\u00d3N Y ELIMINACI\u00d3N DE ARTEFACTOS DEL\u00a0ELECTROENCEFALOGRAMA OBTENIDO EN UCI. Inform\u00e1tica 2013. I Congreso Integracionista de las Ciencias y las Tecnolog\u00edas Inform\u00e1ticas, XV\u00a0 Convenci\u00f3n Internacional Inform\u00e1tica 2013, Santiago de Cuba. &hellip; <a href=\"https:\/\/www.cent.uo.edu.cu\/cenpis\/generales\/colectivo\/ing-yissel-rodriguez-aldana\/publicaciones-recientes-12\/\">Sigue leyendo <span class=\"meta-nav\">&rarr;<\/span><\/a><\/p>\n","protected":false},"author":10,"featured_media":0,"parent":49,"menu_order":0,"comment_status":"open","ping_status":"open","template":"","meta":{"ngg_post_thumbnail":0,"footnotes":""},"class_list":["post-309","page","type-page","status-publish","hentry"],"_links":{"self":[{"href":"https:\/\/www.cent.uo.edu.cu\/cenpis\/wp-json\/wp\/v2\/pages\/309","targetHints":{"allow":["GET"]}}],"collection":[{"href":"https:\/\/www.cent.uo.edu.cu\/cenpis\/wp-json\/wp\/v2\/pages"}],"about":[{"href":"https:\/\/www.cent.uo.edu.cu\/cenpis\/wp-json\/wp\/v2\/types\/page"}],"author":[{"embeddable":true,"href":"https:\/\/www.cent.uo.edu.cu\/cenpis\/wp-json\/wp\/v2\/users\/10"}],"replies":[{"embeddable":true,"href":"https:\/\/www.cent.uo.edu.cu\/cenpis\/wp-json\/wp\/v2\/comments?post=309"}],"version-history":[{"count":1,"href":"https:\/\/www.cent.uo.edu.cu\/cenpis\/wp-json\/wp\/v2\/pages\/309\/revisions"}],"predecessor-version":[{"id":310,"href":"https:\/\/www.cent.uo.edu.cu\/cenpis\/wp-json\/wp\/v2\/pages\/309\/revisions\/310"}],"up":[{"embeddable":true,"href":"https:\/\/www.cent.uo.edu.cu\/cenpis\/wp-json\/wp\/v2\/pages\/49"}],"wp:attachment":[{"href":"https:\/\/www.cent.uo.edu.cu\/cenpis\/wp-json\/wp\/v2\/media?parent=309"}],"curies":[{"name":"wp","href":"https:\/\/api.w.org\/{rel}","templated":true}]}}