{"id":31,"date":"2014-01-10T19:41:24","date_gmt":"2014-01-10T19:41:24","guid":{"rendered":"http:\/\/www.cent.uo.edu.cu\/cenpis\/?page_id=31"},"modified":"2017-03-08T20:01:31","modified_gmt":"2017-03-08T20:01:31","slug":"dr-c-carlos-r-vazquez-seisdedos","status":"publish","type":"page","link":"https:\/\/www.cent.uo.edu.cu\/cenpis\/generales\/colectivo\/dr-c-carlos-r-vazquez-seisdedos\/","title":{"rendered":"DrC. Carlos R. V\u00e1zquez Seisdedos"},"content":{"rendered":"<h4>Profesor Titular<\/h4>\n<p><strong>Labor que desempe\u00f1a: <\/strong>Profesor<strong>, <\/strong>Miembro del Grupo de Direcci\u00f3n.<\/p>\n<p><strong>Grado(s) Cient\u00edficos(s):<\/strong><\/p>\n<ul>\n<li>Ingeniero en Telecomunicaciones, Universidad de Oriente, 1985<\/li>\n<li>Especialista en Dise\u00f1o de Sistemas Electr\u00f3nicos, Univ. Polit\u00e9cnica de Madrid, 1992<\/li>\n<li>Doctor en Ciencias T\u00e9cnicas, Universidad Polit\u00e9cnica de Catalu\u00f1a, 2001<\/li>\n<\/ul>\n<p><strong>Intereses Cient\u00edficos:<\/strong><\/p>\n<p>El dise\u00f1o de equipos m\u00e9dicos, la instrumentaci\u00f3n electr\u00f3nica y el procesamiento de se\u00f1ales biom\u00e9dicas. Ha participado en el desarrollo de: instrumento de calibraci\u00f3n de temperatura y presi\u00f3n (1987), m\u00e1quina de hemodi\u00e1lisis extracorp\u00f3rea (1991), monitor de plasmaf\u00e9resis por filtraci\u00f3n (1992), tres monitores telem\u00e9tricos electrocardiogr\u00e1ficos (1999-2002) y un sistema para electronistagmografia (2009). Ha contribuido al desarrollo de nuevos de m\u00e9todos para el procesamiento y an\u00e1lisis de se\u00f1ales electrocardiogr\u00e1ficas y electroculogr\u00e1ficas.<\/p>\n<p>Ha realizado estancias de investigaci\u00f3n en universidades de Espa\u00f1a, Portugal, Brasil, Venezuela, Ecuador y B\u00e9lgica. Desde 1986 ha impartido las asignaturas de Electr\u00f3nica Digital, Microprocesadores, Dise\u00f1o de Equipos Electr\u00f3nicos, Instrumentaci\u00f3n Electr\u00f3nica y Circuitos El\u00e9ctricos en instituciones de Cuba, Ecuador, y Brasil.<br \/>\nParticip\u00f3 en el dise\u00f1o curricular de la carrera de Ingenier\u00eda Biom\u00e9dica en Cuba (2005). Ha impartido diversos cursos de postgrado en: microprocesadores y microcontroladores, procesamiento anal\u00f3gico y digital de se\u00f1ales, instrumentaci\u00f3n biom\u00e9dica y virtual. Ha dirigido tres tesis doctorales y diversas tesis de maestr\u00edas. Posee m\u00e1s de 10 publicaciones en revistas, m\u00e1s de 40 publicaciones en congresos, varios registros de software, varios cap\u00edtulos de libros y 2 libros traducidos.<br \/>\nHa recibido dos premios del rector de la UO y otras distinciones de educaci\u00f3n superior y de la Academia de Ciencias de Cuba (ACC), entre la que se destaca la de personalidad cient\u00edfica en la provincia Santiago de Cuba. Miembro del tribunal nacional de doctorados, del consejo cient\u00edfico y de la comisi\u00f3n de grados de la UO, y de la Sociedad Cubana de Bioingenier\u00eda. Fue acad\u00e9mico titular de la ACC (2006-2012).<\/p>\n<p>M\u00e1s Informaci\u00f3n en<em> <a href=\"http:\/\/investigadores.uo.edu.cu\/index.php\/2016\/09\/22\/carlos-roman-vazquez-seisdedos\/\">\u00abQui\u00e9n es Qui\u00e9n en las Ciencias en la UO\u00bb<\/a><\/em><\/p>\n","protected":false},"excerpt":{"rendered":"<p>Profesor Titular Labor que desempe\u00f1a: Profesor, Miembro del Grupo de Direcci\u00f3n. Grado(s) Cient\u00edficos(s): Ingeniero en Telecomunicaciones, Universidad de Oriente, 1985 Especialista en Dise\u00f1o de Sistemas Electr\u00f3nicos, Univ. Polit\u00e9cnica de Madrid, 1992 Doctor en Ciencias T\u00e9cnicas, Universidad Polit\u00e9cnica de Catalu\u00f1a, 2001 &hellip; <a href=\"https:\/\/www.cent.uo.edu.cu\/cenpis\/generales\/colectivo\/dr-c-carlos-r-vazquez-seisdedos\/\">Sigue leyendo <span class=\"meta-nav\">&rarr;<\/span><\/a><\/p>\n","protected":false},"author":10,"featured_media":0,"parent":20,"menu_order":0,"comment_status":"closed","ping_status":"closed","template":"","meta":{"ngg_post_thumbnail":0,"footnotes":""},"class_list":["post-31","page","type-page","status-publish","hentry"],"_links":{"self":[{"href":"https:\/\/www.cent.uo.edu.cu\/cenpis\/wp-json\/wp\/v2\/pages\/31","targetHints":{"allow":["GET"]}}],"collection":[{"href":"https:\/\/www.cent.uo.edu.cu\/cenpis\/wp-json\/wp\/v2\/pages"}],"about":[{"href":"https:\/\/www.cent.uo.edu.cu\/cenpis\/wp-json\/wp\/v2\/types\/page"}],"author":[{"embeddable":true,"href":"https:\/\/www.cent.uo.edu.cu\/cenpis\/wp-json\/wp\/v2\/users\/10"}],"replies":[{"embeddable":true,"href":"https:\/\/www.cent.uo.edu.cu\/cenpis\/wp-json\/wp\/v2\/comments?post=31"}],"version-history":[{"count":8,"href":"https:\/\/www.cent.uo.edu.cu\/cenpis\/wp-json\/wp\/v2\/pages\/31\/revisions"}],"predecessor-version":[{"id":614,"href":"https:\/\/www.cent.uo.edu.cu\/cenpis\/wp-json\/wp\/v2\/pages\/31\/revisions\/614"}],"up":[{"embeddable":true,"href":"https:\/\/www.cent.uo.edu.cu\/cenpis\/wp-json\/wp\/v2\/pages\/20"}],"wp:attachment":[{"href":"https:\/\/www.cent.uo.edu.cu\/cenpis\/wp-json\/wp\/v2\/media?parent=31"}],"curies":[{"name":"wp","href":"https:\/\/api.w.org\/{rel}","templated":true}]}}