{"id":316,"date":"2014-01-14T21:52:39","date_gmt":"2014-01-14T21:52:39","guid":{"rendered":"http:\/\/www.cent.uo.edu.cu\/cenpis\/?page_id=316"},"modified":"2014-01-14T21:52:39","modified_gmt":"2014-01-14T21:52:39","slug":"publicaciones-recientes-14","status":"publish","type":"page","link":"https:\/\/www.cent.uo.edu.cu\/cenpis\/generales\/colectivo\/ing-felipe-rodriguez-arias\/publicaciones-recientes-14\/","title":{"rendered":"Publicaciones recientes"},"content":{"rendered":"<p><strong>Felipe Rodriguez Arias, Frank Sanabria Mac\u00edas, Pedro Soto Vega, Enrique Mara\u00f1\u00f3n Reyes, Maite Balart Cid.<\/strong>\u00a0AN\u00c1LISIS COMPARATIVO DE LOS ALGORITMOS ICA Y WAVELETS EN LA B\u00daSQUEDA DE IM\u00c1GENES BASADA EN CONTENIDO. Inform\u00e1tica 2013. I Congreso Integracionista de las Ciencias y las Tecnolog\u00edas Inform\u00e1ticas, Santiago de Cuba. ISBN: 978-959-7213-02-4<\/p>\n","protected":false},"excerpt":{"rendered":"<p>Felipe Rodriguez Arias, Frank Sanabria Mac\u00edas, Pedro Soto Vega, Enrique Mara\u00f1\u00f3n Reyes, Maite Balart Cid.\u00a0AN\u00c1LISIS COMPARATIVO DE LOS ALGORITMOS ICA Y WAVELETS EN LA B\u00daSQUEDA DE IM\u00c1GENES BASADA EN CONTENIDO. Inform\u00e1tica 2013. I Congreso Integracionista de las Ciencias y las &hellip; <a href=\"https:\/\/www.cent.uo.edu.cu\/cenpis\/generales\/colectivo\/ing-felipe-rodriguez-arias\/publicaciones-recientes-14\/\">Sigue leyendo <span class=\"meta-nav\">&rarr;<\/span><\/a><\/p>\n","protected":false},"author":10,"featured_media":0,"parent":61,"menu_order":0,"comment_status":"open","ping_status":"open","template":"","meta":{"ngg_post_thumbnail":0,"footnotes":""},"class_list":["post-316","page","type-page","status-publish","hentry"],"_links":{"self":[{"href":"https:\/\/www.cent.uo.edu.cu\/cenpis\/wp-json\/wp\/v2\/pages\/316","targetHints":{"allow":["GET"]}}],"collection":[{"href":"https:\/\/www.cent.uo.edu.cu\/cenpis\/wp-json\/wp\/v2\/pages"}],"about":[{"href":"https:\/\/www.cent.uo.edu.cu\/cenpis\/wp-json\/wp\/v2\/types\/page"}],"author":[{"embeddable":true,"href":"https:\/\/www.cent.uo.edu.cu\/cenpis\/wp-json\/wp\/v2\/users\/10"}],"replies":[{"embeddable":true,"href":"https:\/\/www.cent.uo.edu.cu\/cenpis\/wp-json\/wp\/v2\/comments?post=316"}],"version-history":[{"count":1,"href":"https:\/\/www.cent.uo.edu.cu\/cenpis\/wp-json\/wp\/v2\/pages\/316\/revisions"}],"predecessor-version":[{"id":317,"href":"https:\/\/www.cent.uo.edu.cu\/cenpis\/wp-json\/wp\/v2\/pages\/316\/revisions\/317"}],"up":[{"embeddable":true,"href":"https:\/\/www.cent.uo.edu.cu\/cenpis\/wp-json\/wp\/v2\/pages\/61"}],"wp:attachment":[{"href":"https:\/\/www.cent.uo.edu.cu\/cenpis\/wp-json\/wp\/v2\/media?parent=316"}],"curies":[{"name":"wp","href":"https:\/\/api.w.org\/{rel}","templated":true}]}}