{"id":322,"date":"2014-01-14T21:54:39","date_gmt":"2014-01-14T21:54:39","guid":{"rendered":"http:\/\/www.cent.uo.edu.cu\/cenpis\/?page_id=322"},"modified":"2017-01-27T16:58:33","modified_gmt":"2017-01-27T16:58:33","slug":"publicaciones-recientes-16","status":"publish","type":"page","link":"https:\/\/www.cent.uo.edu.cu\/cenpis\/generales\/colectivo\/ing-vladimir-ortiz-grave-de-peralta\/publicaciones-recientes-16\/","title":{"rendered":"Publicaciones recientes"},"content":{"rendered":"<p><strong>Vladimir Ortiz Grave de Peralta, Arisleydis Portuondo Montoya,Yenisey Fadraga Acosta, Carlos R. V\u00e1zquez Seisdedos<\/strong><strong>.<\/strong>\u00a0GENERADOR DE SE\u00d1ALES ARTIFICIALES DE MOVIMIENTOS OCULARES SAC\u00c1DICOS. Inform\u00e1tica 2013 Santiago de Cuba. ISBN: 978-959-7213-02-4<\/p>\n<p><strong>Arisleydis Portuondo Montoya, Vladimir Ortiz Grave de Peralta, Yenisey Fadraga Acosta, Carlos R. V\u00e1zquez Seisdedos.<\/strong>\u00a0EMSTIMULATOR 2.0: SOFTWARE PARA LA ESTIMULACI\u00d3N DE MOVIMIENTOS OCULARES SAC\u00c1DICOS. Inform\u00e1tica 2013. Santiago de Cuba. ISBN: 978-959-7213-02-4<\/p>\n","protected":false},"excerpt":{"rendered":"<p>Vladimir Ortiz Grave de Peralta, Arisleydis Portuondo Montoya,Yenisey Fadraga Acosta, Carlos R. V\u00e1zquez Seisdedos.\u00a0GENERADOR DE SE\u00d1ALES ARTIFICIALES DE MOVIMIENTOS OCULARES SAC\u00c1DICOS. Inform\u00e1tica 2013 Santiago de Cuba. ISBN: 978-959-7213-02-4 Arisleydis Portuondo Montoya, Vladimir Ortiz Grave de Peralta, Yenisey Fadraga Acosta, Carlos &hellip; <a href=\"https:\/\/www.cent.uo.edu.cu\/cenpis\/generales\/colectivo\/ing-vladimir-ortiz-grave-de-peralta\/publicaciones-recientes-16\/\">Sigue leyendo <span class=\"meta-nav\">&rarr;<\/span><\/a><\/p>\n","protected":false},"author":10,"featured_media":0,"parent":67,"menu_order":0,"comment_status":"closed","ping_status":"closed","template":"","meta":{"ngg_post_thumbnail":0,"footnotes":""},"class_list":["post-322","page","type-page","status-publish","hentry"],"_links":{"self":[{"href":"https:\/\/www.cent.uo.edu.cu\/cenpis\/wp-json\/wp\/v2\/pages\/322","targetHints":{"allow":["GET"]}}],"collection":[{"href":"https:\/\/www.cent.uo.edu.cu\/cenpis\/wp-json\/wp\/v2\/pages"}],"about":[{"href":"https:\/\/www.cent.uo.edu.cu\/cenpis\/wp-json\/wp\/v2\/types\/page"}],"author":[{"embeddable":true,"href":"https:\/\/www.cent.uo.edu.cu\/cenpis\/wp-json\/wp\/v2\/users\/10"}],"replies":[{"embeddable":true,"href":"https:\/\/www.cent.uo.edu.cu\/cenpis\/wp-json\/wp\/v2\/comments?post=322"}],"version-history":[{"count":3,"href":"https:\/\/www.cent.uo.edu.cu\/cenpis\/wp-json\/wp\/v2\/pages\/322\/revisions"}],"predecessor-version":[{"id":555,"href":"https:\/\/www.cent.uo.edu.cu\/cenpis\/wp-json\/wp\/v2\/pages\/322\/revisions\/555"}],"up":[{"embeddable":true,"href":"https:\/\/www.cent.uo.edu.cu\/cenpis\/wp-json\/wp\/v2\/pages\/67"}],"wp:attachment":[{"href":"https:\/\/www.cent.uo.edu.cu\/cenpis\/wp-json\/wp\/v2\/media?parent=322"}],"curies":[{"name":"wp","href":"https:\/\/api.w.org\/{rel}","templated":true}]}}