{"id":33,"date":"2014-01-10T19:42:33","date_gmt":"2014-01-10T19:42:33","guid":{"rendered":"http:\/\/www.cent.uo.edu.cu\/cenpis\/?page_id=33"},"modified":"2017-03-08T20:01:56","modified_gmt":"2017-03-08T20:01:56","slug":"dr-c-fernando-e-valdes-perez","status":"publish","type":"page","link":"https:\/\/www.cent.uo.edu.cu\/cenpis\/generales\/colectivo\/dr-c-fernando-e-valdes-perez\/","title":{"rendered":"DrC. Fernando E. Vald\u00e9s P\u00e9rez"},"content":{"rendered":"<h4>Profesor Titular<\/h4>\n<p><strong>Labor que desempe\u00f1a:\u00a0<\/strong>Vice-Decano de la Facultad de Ingenier\u00ed\u00ada El\u00e9ctrica.<\/p>\n<p><strong>Grado(s) Cient\u00edficos(s):<\/strong><\/p>\n<ul>\n<li>Ingeniero Electricista. Esp de Telecomunicaciones, Universidad de Oriente, 1997<\/li>\n<li>Master en Autom\u00e1tica, Universidad de Oriente, 2001<\/li>\n<li>Doctor en Ciencias T\u00e9cnicas, Universidad de Oriente, 2010<\/li>\n<\/ul>\n<p><strong>Intereses Cient\u00edficos:<\/strong><\/p>\n<p>Adquisici\u00f3n, procesamiento y an\u00e1lisis de se\u00f1ales biom\u00e9dicas: Procesamiento de se\u00f1ales del sistema cardiovascular: electrocardiograma (ECG) y fonocardiograma (PCG). Estimulaci\u00f3n visual y an\u00e1lisis de movimientos oculares.<\/p>\n<p>Con 36 a\u00f1os de experiencia acad\u00e9mica, ha impartido cursos de pregrado y posgrado relacionados con la arquitectura y la programaci\u00f3n de los microprocesadores, los microcontroladores y las computadoras personales, as\u00ed como los circuitos el\u00e9ctricos, la electr\u00f3nica digital, el procesamiento digital y estad\u00edstico de se\u00f1ales y la instrumentaci\u00f3n virtual, con \u00e9nfasis en las aplicaciones biom\u00e9dicas. Dirigi\u00f3 y fund\u00f3 en 1986 el Grupo de Equipos M\u00e9dicos (GEMSA) que dise\u00f1\u00f3 y construy\u00f3 un monitor de hemodi\u00e1lisis o ri\u00f1\u00f3n artificial computarizado y un monitor de plasmaf\u00e9resis por filtraci\u00f3n.<br \/>\nEs autor principal de 4 libros de texto publicados en Cuba (1), Espa\u00f1a (1) y Estados Unidos (2).<br \/>\nHa sido profesor invitado en M\u00e9xico, Colombia, Ecuador y Venezuela. Es coordinador de la Maestr\u00eda en Ingenier\u00eda Biom\u00e9dica de la UO, miembro del Consejo Cient\u00edfico de la FIE, y Vicedecano de Investigaci\u00f3n y Posgrado de la FIE. Ha recibido la Distinci\u00f3n por la Educaci\u00f3n Cubana otorgada por el Ministerio de Educaci\u00f3n Superior (2003), la Medalla \u201cJos\u00e9 Tey\u201d que otorga el Consejo de Estado (2007) y declarado por la Delegaci\u00f3n Territorial del CITMA en Santiago de Cuba como Personalidad Cient\u00edfica Relevante (2010).<\/p>\n<p>M\u00e1s Informaci\u00f3n en<em> <a href=\"http:\/\/investigadores.uo.edu.cu\/index.php\/2016\/01\/08\/fernando-eudaldo-valdes-perez\/\">\u00abQui\u00e9n es Qui\u00e9n en las Ciencias en la UO\u00bb<\/a><\/em><\/p>\n","protected":false},"excerpt":{"rendered":"<p>Profesor Titular Labor que desempe\u00f1a:\u00a0Vice-Decano de la Facultad de Ingenier\u00ed\u00ada El\u00e9ctrica. Grado(s) Cient\u00edficos(s): Ingeniero Electricista. Esp de Telecomunicaciones, Universidad de Oriente, 1997 Master en Autom\u00e1tica, Universidad de Oriente, 2001 Doctor en Ciencias T\u00e9cnicas, Universidad de Oriente, 2010 Intereses Cient\u00edficos: Adquisici\u00f3n, &hellip; <a href=\"https:\/\/www.cent.uo.edu.cu\/cenpis\/generales\/colectivo\/dr-c-fernando-e-valdes-perez\/\">Sigue leyendo <span class=\"meta-nav\">&rarr;<\/span><\/a><\/p>\n","protected":false},"author":10,"featured_media":0,"parent":20,"menu_order":0,"comment_status":"closed","ping_status":"closed","template":"","meta":{"ngg_post_thumbnail":0,"footnotes":""},"class_list":["post-33","page","type-page","status-publish","hentry"],"_links":{"self":[{"href":"https:\/\/www.cent.uo.edu.cu\/cenpis\/wp-json\/wp\/v2\/pages\/33","targetHints":{"allow":["GET"]}}],"collection":[{"href":"https:\/\/www.cent.uo.edu.cu\/cenpis\/wp-json\/wp\/v2\/pages"}],"about":[{"href":"https:\/\/www.cent.uo.edu.cu\/cenpis\/wp-json\/wp\/v2\/types\/page"}],"author":[{"embeddable":true,"href":"https:\/\/www.cent.uo.edu.cu\/cenpis\/wp-json\/wp\/v2\/users\/10"}],"replies":[{"embeddable":true,"href":"https:\/\/www.cent.uo.edu.cu\/cenpis\/wp-json\/wp\/v2\/comments?post=33"}],"version-history":[{"count":7,"href":"https:\/\/www.cent.uo.edu.cu\/cenpis\/wp-json\/wp\/v2\/pages\/33\/revisions"}],"predecessor-version":[{"id":616,"href":"https:\/\/www.cent.uo.edu.cu\/cenpis\/wp-json\/wp\/v2\/pages\/33\/revisions\/616"}],"up":[{"embeddable":true,"href":"https:\/\/www.cent.uo.edu.cu\/cenpis\/wp-json\/wp\/v2\/pages\/20"}],"wp:attachment":[{"href":"https:\/\/www.cent.uo.edu.cu\/cenpis\/wp-json\/wp\/v2\/media?parent=33"}],"curies":[{"name":"wp","href":"https:\/\/api.w.org\/{rel}","templated":true}]}}