{"id":340,"date":"2014-01-20T18:11:14","date_gmt":"2014-01-20T18:11:14","guid":{"rendered":"http:\/\/www.cent.uo.edu.cu\/cenpis\/?page_id=340"},"modified":"2016-05-23T18:41:40","modified_gmt":"2016-05-23T18:41:40","slug":"desarrollo-de-metodos-y-herramientas-para-monitoreo-intraoperatorio-y-de-electroencefalografia-continua-eegc-es-un-proyecto-asociado-a-al-programa-creacion-de-una-plataforma-de-i-d-en-neurotecno","status":"publish","type":"page","link":"https:\/\/www.cent.uo.edu.cu\/cenpis\/investigacion\/proyectos\/desarrollo-de-metodos-y-herramientas-para-monitoreo-intraoperatorio-y-de-electroencefalografia-continua-eegc-es-un-proyecto-asociado-a-al-programa-creacion-de-una-plataforma-de-i-d-en-neurotecno\/","title":{"rendered":"Desarrollo de m\u00e9todos y herramientas para monitoreo intraoperatorio y de Electroencefalograf\u00eda continua (EEGc). Es un proyecto asociado al Programa: Creaci\u00f3n de una Plataforma de I +D  en Neurotecnolog\u00eda."},"content":{"rendered":"<p>La motivaci\u00f3n es mejorar el cuidado del paciente la calidad y la inocuidad de la anestesia, para lograr un curso intra y pos-operativo m\u00e1s predecible, mayor satisfacci\u00f3n del paciente, y para usar los recursos eficientemente, logrando ahorros en los costos\u00a0 Estudios retrospectivos han mostrado, , que el monitoreo de la hipnosis en el proceso operatorio reduce el riesgo de la recuperaci\u00f3n de la conciencia y recuerdos de eventos, atribuibles a la anestesia insuficiente, adicionalmente, ayuda a evitar estados de anestesia profundos de manera innecesaria, lo cual podr\u00eda producir largos periodos de recuperaci\u00f3n, problemas hemodin\u00e1micos , la necesidad de asistencia respiratoria pos-operativa, e incremento del tiempo de estancia en la Sal\u00f3n de Operaciones. El monitoreo del Sistema Nervioso Central (SNC) bajo anestesia ha demostrado reducir el con-sumo de anest\u00e9sicos.\u00a0 No menos importante es la monitorizaci\u00f3n confiable de la hipnosis ligera o los niveles de sedaci\u00f3n, donde un paciente est\u00e1 consciente o se puede despertar f\u00e1cilmente, contin\u00faan siendo un desaf\u00edo). Sin embargo, la sedaci\u00f3n es uno de los objetivos principal en una unidad de cuidados intensivos. La sedaci\u00f3n en la (UCI) es tasada convencionalmente por sistemas de puntuaci\u00f3n manuales. La sedaci\u00f3n insuficiente puede provocar isquemia del miocardio la desincronizaci\u00f3n del ventilador. Una larga sedaci\u00f3n innecesaria, puede causar problemas de diagn\u00f3stico y resultar en el uso de pruebas costosas y pueden incrementar la duraci\u00f3n y los riesgos de la ventilaci\u00f3n mec\u00e1nica. Por lo tanto, de forma semejante al monitoreo en el sal\u00f3n de operaciones, una valoraci\u00f3n autom\u00e1tica una estrategia de valoraci\u00f3n dosis-efecto que pod\u00eda traer considerables beneficios para el cuidado del paciente en la UCI. El grado de la depresi\u00f3n de SNC es muy dif\u00edcil de medir con se\u00f1ales cl\u00ednicas. Sin embargo, hay una necesidad de una medida que est\u00e9 directamente relacionada con el estado de conciencia, el efecto hipn\u00f3tico o la depresi\u00f3n de SNC. El progreso reciente en este campo ha estado basado en la utilizaci\u00f3n del Electroencefalograma (EEG).<\/p>\n<p>El objetivo general es desarrollar nuevos m\u00e9todos, algoritmos y herramientas de software para la monitorizaci\u00f3n de estados de consciencia es pacientes con sue\u00f1o inducido.<\/p>\n<p>Los objetivos espec\u00edficos son:<\/p>\n<p>1.\u00a0\u00a0\u00a0\u00a0\u00a0\u00a0\u00a0\u00a0\u00a0\u00a0\u00a0 Desarrollar m\u00e9todos y algoritmos para:<\/p>\n<p>\u2022\u00a0\u00a0\u00a0\u00a0\u00a0\u00a0\u00a0\u00a0\u00a0\u00a0\u00a0\u00a0 Detectar, clasificar, corregir o eliminar artefactos de la se\u00f1al de EEG.<\/p>\n<p>\u2022\u00a0\u00a0\u00a0\u00a0\u00a0\u00a0\u00a0\u00a0\u00a0\u00a0\u00a0\u00a0 Cuantificar la profundidad anest\u00e9sica del paciente a partir del EEG.<\/p>\n<p>\u2022\u00a0\u00a0\u00a0\u00a0\u00a0\u00a0\u00a0\u00a0\u00a0\u00a0\u00a0\u00a0 Clasificar estados cerebrales en pacientes de UCI.<\/p>\n<p>\u2022\u00a0\u00a0\u00a0\u00a0\u00a0\u00a0\u00a0\u00a0\u00a0\u00a0\u00a0\u00a0 Detecci\u00f3n de espigas y descargas epil\u00e9pticas en el trazado de Electroencefalograma continuo (EEGc).<\/p>\n<p>2.\u00a0\u00a0\u00a0\u00a0\u00a0\u00a0\u00a0\u00a0\u00a0\u00a0\u00a0 Desarrollar las herramientas software para:<\/p>\n<p>\u2022\u00a0\u00a0\u00a0\u00a0\u00a0\u00a0\u00a0\u00a0\u00a0\u00a0\u00a0\u00a0 Prototipo de un monitor de profundidad de anestesia.<\/p>\n<p>\u2022\u00a0\u00a0\u00a0\u00a0\u00a0\u00a0\u00a0\u00a0\u00a0\u00a0\u00a0\u00a0 Detecci\u00f3n, correcci\u00f3n y\/o eliminaci\u00f3n de artefactos.<\/p>\n<p>\u2022\u00a0\u00a0\u00a0\u00a0\u00a0\u00a0\u00a0\u00a0\u00a0\u00a0\u00a0\u00a0 Detecci\u00f3n de espigas epil\u00e9pticas.<\/p>\n<p>3.\u00a0\u00a0\u00a0\u00a0\u00a0\u00a0\u00a0\u00a0\u00a0\u00a0\u00a0 Desarrollar una primera versi\u00f3n de Base de Datos con registros EEG realizados en el sal\u00f3n de operaciones y UCI, que permita comprobar la validez de los algoritmos desarrollados y el apoyo a futuros trabajos.<\/p>\n","protected":false},"excerpt":{"rendered":"<p>La motivaci\u00f3n es mejorar el cuidado del paciente la calidad y la inocuidad de la anestesia, para lograr un curso intra y pos-operativo m\u00e1s predecible, mayor satisfacci\u00f3n del paciente, y para usar los recursos eficientemente, logrando ahorros en los costos\u00a0 &hellip; <a href=\"https:\/\/www.cent.uo.edu.cu\/cenpis\/investigacion\/proyectos\/desarrollo-de-metodos-y-herramientas-para-monitoreo-intraoperatorio-y-de-electroencefalografia-continua-eegc-es-un-proyecto-asociado-a-al-programa-creacion-de-una-plataforma-de-i-d-en-neurotecno\/\">Sigue leyendo <span class=\"meta-nav\">&rarr;<\/span><\/a><\/p>\n","protected":false},"author":10,"featured_media":0,"parent":143,"menu_order":0,"comment_status":"closed","ping_status":"closed","template":"","meta":{"ngg_post_thumbnail":0,"footnotes":""},"class_list":["post-340","page","type-page","status-publish","hentry"],"_links":{"self":[{"href":"https:\/\/www.cent.uo.edu.cu\/cenpis\/wp-json\/wp\/v2\/pages\/340","targetHints":{"allow":["GET"]}}],"collection":[{"href":"https:\/\/www.cent.uo.edu.cu\/cenpis\/wp-json\/wp\/v2\/pages"}],"about":[{"href":"https:\/\/www.cent.uo.edu.cu\/cenpis\/wp-json\/wp\/v2\/types\/page"}],"author":[{"embeddable":true,"href":"https:\/\/www.cent.uo.edu.cu\/cenpis\/wp-json\/wp\/v2\/users\/10"}],"replies":[{"embeddable":true,"href":"https:\/\/www.cent.uo.edu.cu\/cenpis\/wp-json\/wp\/v2\/comments?post=340"}],"version-history":[{"count":3,"href":"https:\/\/www.cent.uo.edu.cu\/cenpis\/wp-json\/wp\/v2\/pages\/340\/revisions"}],"predecessor-version":[{"id":521,"href":"https:\/\/www.cent.uo.edu.cu\/cenpis\/wp-json\/wp\/v2\/pages\/340\/revisions\/521"}],"up":[{"embeddable":true,"href":"https:\/\/www.cent.uo.edu.cu\/cenpis\/wp-json\/wp\/v2\/pages\/143"}],"wp:attachment":[{"href":"https:\/\/www.cent.uo.edu.cu\/cenpis\/wp-json\/wp\/v2\/media?parent=340"}],"curies":[{"name":"wp","href":"https:\/\/api.w.org\/{rel}","templated":true}]}}