{"id":343,"date":"2014-01-20T18:55:57","date_gmt":"2014-01-20T18:55:57","guid":{"rendered":"http:\/\/www.cent.uo.edu.cu\/cenpis\/?page_id=343"},"modified":"2014-01-20T18:57:55","modified_gmt":"2014-01-20T18:57:55","slug":"estimacion-de-pose-y-seguimiento-de-multiples-locutores-en-espacios-inteligentes-usando-fusion-audiovisual","status":"publish","type":"page","link":"https:\/\/www.cent.uo.edu.cu\/cenpis\/investigacion\/proyectos\/estimacion-de-pose-y-seguimiento-de-multiples-locutores-en-espacios-inteligentes-usando-fusion-audiovisual\/","title":{"rendered":"Estimaci\u00f3n de pose y seguimiento de m\u00faltiples locutores en espacios inteligentes usando fusi\u00f3n audiovisual"},"content":{"rendered":"<ul>\n<li>\n<div>Proyecto Universitario<\/div>\n<\/li>\n<li>\n<div>Desarrollo de las neurociencias, apoyo a la producci\u00f3n de equipos m\u00e9dicos de avanzada y medios diagn\u00f3sticos<\/div>\n<\/li>\n<\/ul>\n<p>Este proyecto tiene como antecedentes un proyecto de Ciencia y Conciencia anterior, denominado \u201cSistema de seguimiento de m\u00faltiples interlocutores usando fusi\u00f3n de audio y video\u201d. Con dicho proyecto el CENPIS ha venido desarrollado un trabajo en el campo de los sistemas de detecci\u00f3n y localizaci\u00f3n usando de manera independiente informaci\u00f3n audio y video, as\u00ed como un sistema de fusi\u00f3n audiovisual al nivel del estado del arte.<\/p>\n<p><strong>Jefe de Proyecto<\/strong><\/p>\n<ul>\n<li>\n<div><a title=\"Dr.C. Enrique Juan Mara\u00f1\u00f3n Reyes\" href=\"http:\/\/localhost\/wp\/generales\/colectivo\/marannon\/\">Dr.C. Enrique Juan Mara\u00f1\u00f3n Reyes<\/a><\/div>\n<\/li>\n<\/ul>\n<p><strong>Integrantes<\/strong><\/p>\n<ul>\n<li>\n<div><a title=\"Ing. Frank Sanabria Mac\u00ed\u00adas\" href=\"http:\/\/localhost\/wp\/generales\/colectivo\/frank\/\">Ing. Frank Sanabria Mac\u00ed\u00adas<\/a><\/div>\n<\/li>\n<\/ul>\n<p><strong>Otros datos\u2026<\/strong><\/p>\n<ul>\n<li>\n<div>Fecha de inicio: 2013<\/div>\n<\/li>\n<li>\n<div>Fecha de culminaci\u00f3n: 2014<\/div>\n<\/li>\n<\/ul>\n","protected":false},"excerpt":{"rendered":"<p>Proyecto Universitario Desarrollo de las neurociencias, apoyo a la producci\u00f3n de equipos m\u00e9dicos de avanzada y medios diagn\u00f3sticos Este proyecto tiene como antecedentes un proyecto de Ciencia y Conciencia anterior, denominado \u201cSistema de seguimiento de m\u00faltiples interlocutores usando fusi\u00f3n de &hellip; <a href=\"https:\/\/www.cent.uo.edu.cu\/cenpis\/investigacion\/proyectos\/estimacion-de-pose-y-seguimiento-de-multiples-locutores-en-espacios-inteligentes-usando-fusion-audiovisual\/\">Sigue leyendo <span class=\"meta-nav\">&rarr;<\/span><\/a><\/p>\n","protected":false},"author":10,"featured_media":0,"parent":143,"menu_order":0,"comment_status":"open","ping_status":"open","template":"","meta":{"ngg_post_thumbnail":0,"footnotes":""},"class_list":["post-343","page","type-page","status-publish","hentry"],"_links":{"self":[{"href":"https:\/\/www.cent.uo.edu.cu\/cenpis\/wp-json\/wp\/v2\/pages\/343","targetHints":{"allow":["GET"]}}],"collection":[{"href":"https:\/\/www.cent.uo.edu.cu\/cenpis\/wp-json\/wp\/v2\/pages"}],"about":[{"href":"https:\/\/www.cent.uo.edu.cu\/cenpis\/wp-json\/wp\/v2\/types\/page"}],"author":[{"embeddable":true,"href":"https:\/\/www.cent.uo.edu.cu\/cenpis\/wp-json\/wp\/v2\/users\/10"}],"replies":[{"embeddable":true,"href":"https:\/\/www.cent.uo.edu.cu\/cenpis\/wp-json\/wp\/v2\/comments?post=343"}],"version-history":[{"count":1,"href":"https:\/\/www.cent.uo.edu.cu\/cenpis\/wp-json\/wp\/v2\/pages\/343\/revisions"}],"predecessor-version":[{"id":344,"href":"https:\/\/www.cent.uo.edu.cu\/cenpis\/wp-json\/wp\/v2\/pages\/343\/revisions\/344"}],"up":[{"embeddable":true,"href":"https:\/\/www.cent.uo.edu.cu\/cenpis\/wp-json\/wp\/v2\/pages\/143"}],"wp:attachment":[{"href":"https:\/\/www.cent.uo.edu.cu\/cenpis\/wp-json\/wp\/v2\/media?parent=343"}],"curies":[{"name":"wp","href":"https:\/\/api.w.org\/{rel}","templated":true}]}}