{"id":345,"date":"2014-01-20T18:56:39","date_gmt":"2014-01-20T18:56:39","guid":{"rendered":"http:\/\/www.cent.uo.edu.cu\/cenpis\/?page_id=345"},"modified":"2014-02-05T19:26:02","modified_gmt":"2014-02-05T19:26:02","slug":"saibal","status":"publish","type":"page","link":"https:\/\/www.cent.uo.edu.cu\/cenpis\/investigacion\/proyectos\/saibal\/","title":{"rendered":"Saibal"},"content":{"rendered":"<ul>\n<li>\n<div>Proyecto Universitario<\/div>\n<\/li>\n<li>\n<div>Apoyo a la producci\u00f3n de software y equipos de avanzada.<\/div>\n<\/li>\n<\/ul>\n<p>Investigaciones en visi\u00f3n por computadora, estudios de forma y textura. Desarrollo de sistemas para el procesamiento, mejoramiento y reconocimiento de im\u00e1genes para identificaci\u00f3n y seguimiento de objetos y personas. Manejo automatizado de equipamiento a estos efectos y desarrollo de aplicaciones.<\/p>\n<p><strong>Jefe de Proyecto<\/strong><\/p>\n<ul>\n<li>\n<div><a title=\"Dr.C. Enrique Juan Mara\u00f1\u00f3n Reyes\" href=\"http:\/\/www.cent.uo.edu.cu\/cenpis\/generales\/colectivo\/dr-c-enrique-juan-maranon-reyes\/\">Dr.C. Enrique Juan Mara\u00f1\u00f3n Reyes<\/a><\/div>\n<\/li>\n<\/ul>\n<p><strong>Integrantes<\/strong><\/p>\n<ul>\n<li>\n<div><a title=\"Ing. Joan Alberto Aguilar Pe\u00f1a\" href=\"http:\/\/www.cent.uo.edu.cu\/cenpis\/generales\/colectivo\/ing-joan-alberto-aguilar-pena\/\">Ing. Joan Aguilar Pe\u00f1a<\/a><\/div>\n<\/li>\n<li>\n<div><a title=\"Ing. David Cort\u00e9s Fern\u00e1ndez- Vi\u00f1a\" href=\"http:\/\/www.cent.uo.edu.cu\/cenpis\/generales\/colectivo\/ing-david-cortes-fernandez-vina\/\">Ing. David Cort\u00e9s Fern\u00e1ndez-Vi\u00f1a<\/a><\/div>\n<\/li>\n<li>\n<div><a title=\"Ing. Leaned Quintana Vivanco\" href=\"http:\/\/www.cent.uo.edu.cu\/cenpis\/generales\/colectivo\/ing-leaned-quintana-vivanco\/\">Ing. Leaned Quintana Vivanco<\/a><\/div>\n<\/li>\n<li>\n<div><a title=\"Ing. Fredes Hubert S\u00e1nchez\" href=\"http:\/\/www.cent.uo.edu.cu\/cenpis\/generales\/colectivo\/ing-fredes-hubert-sanchez\/\">Ing. Fredes Hubert S\u00e1nchez<\/a><\/div>\n<\/li>\n<li>\n<div><a title=\"Ing. Felipe Rodr\u00edguez Arias\" href=\"http:\/\/www.cent.uo.edu.cu\/cenpis\/generales\/colectivo\/ing-felipe-rodriguez-arias\/\">Ing. Felipe Rodr\u00edguez Arias<\/a><\/div>\n<\/li>\n<li>\n<div>Otras entidades del MES, MINSAP y Divisi\u00f3n Nacional de Criminal\u00edstica<\/div>\n<\/li>\n<\/ul>\n<p><strong>Otros datos\u2026<\/strong><\/p>\n<ul>\n<li>\n<div>Fecha de inicio: 2013<\/div>\n<\/li>\n<li>\n<div>Fecha de culminaci\u00f3n: 2014<\/div>\n<\/li>\n<\/ul>\n","protected":false},"excerpt":{"rendered":"<p>Proyecto Universitario Apoyo a la producci\u00f3n de software y equipos de avanzada. Investigaciones en visi\u00f3n por computadora, estudios de forma y textura. Desarrollo de sistemas para el procesamiento, mejoramiento y reconocimiento de im\u00e1genes para identificaci\u00f3n y seguimiento de objetos y &hellip; <a href=\"https:\/\/www.cent.uo.edu.cu\/cenpis\/investigacion\/proyectos\/saibal\/\">Sigue leyendo <span class=\"meta-nav\">&rarr;<\/span><\/a><\/p>\n","protected":false},"author":10,"featured_media":0,"parent":143,"menu_order":0,"comment_status":"open","ping_status":"open","template":"","meta":{"ngg_post_thumbnail":0,"footnotes":""},"class_list":["post-345","page","type-page","status-publish","hentry"],"_links":{"self":[{"href":"https:\/\/www.cent.uo.edu.cu\/cenpis\/wp-json\/wp\/v2\/pages\/345","targetHints":{"allow":["GET"]}}],"collection":[{"href":"https:\/\/www.cent.uo.edu.cu\/cenpis\/wp-json\/wp\/v2\/pages"}],"about":[{"href":"https:\/\/www.cent.uo.edu.cu\/cenpis\/wp-json\/wp\/v2\/types\/page"}],"author":[{"embeddable":true,"href":"https:\/\/www.cent.uo.edu.cu\/cenpis\/wp-json\/wp\/v2\/users\/10"}],"replies":[{"embeddable":true,"href":"https:\/\/www.cent.uo.edu.cu\/cenpis\/wp-json\/wp\/v2\/comments?post=345"}],"version-history":[{"count":3,"href":"https:\/\/www.cent.uo.edu.cu\/cenpis\/wp-json\/wp\/v2\/pages\/345\/revisions"}],"predecessor-version":[{"id":437,"href":"https:\/\/www.cent.uo.edu.cu\/cenpis\/wp-json\/wp\/v2\/pages\/345\/revisions\/437"}],"up":[{"embeddable":true,"href":"https:\/\/www.cent.uo.edu.cu\/cenpis\/wp-json\/wp\/v2\/pages\/143"}],"wp:attachment":[{"href":"https:\/\/www.cent.uo.edu.cu\/cenpis\/wp-json\/wp\/v2\/media?parent=345"}],"curies":[{"name":"wp","href":"https:\/\/api.w.org\/{rel}","templated":true}]}}