{"id":35,"date":"2014-01-10T19:43:05","date_gmt":"2014-01-10T19:43:05","guid":{"rendered":"http:\/\/www.cent.uo.edu.cu\/cenpis\/?page_id=35"},"modified":"2017-03-08T20:00:46","modified_gmt":"2017-03-08T20:00:46","slug":"dr-c-sergio-d-cano-ortiz","status":"publish","type":"page","link":"https:\/\/www.cent.uo.edu.cu\/cenpis\/generales\/colectivo\/dr-c-sergio-d-cano-ortiz\/","title":{"rendered":"DrC. Sergio D. Cano Ortiz"},"content":{"rendered":"<p>Profesor Titular<br \/>\n<strong>Labor que desempe\u00f1a:<\/strong> Profesor<\/p>\n<p><b>Grado(s) Cient\u00edficos(s):<\/b><\/p>\n<ul>\n<li>Ingeniero Electricista, Universidad de Oriente, 1982<\/li>\n<li>Master of Science en Telecomunicaciones, Universidad T\u00e9cnica de Praga, 1988<\/li>\n<li>Doctor en Ciencias T\u00e9cnicas (PhD), Universidad. T\u00e9cnica de Praga, 1990<\/li>\n<li>Diplomado en Direcci\u00f3n de Procesos Universitarios, ISPJAE, 2001<\/li>\n<\/ul>\n<p><b>Intereses Cient\u00edficos:<\/b><\/p>\n<p>Simulaci\u00f3n en PC de circuitos el\u00e9ctricos-electr\u00f3nicos y de potencia, las tecnolog\u00edas del habla (an\u00e1lisis, s\u00edntesis y reconocimiento de voz), el procesamiento digital de voz-llanto y sus aplicaciones biom\u00e9dicas, y reconocimiento de patrones. Ha participado en el desarrollo de paquetes de software para an\u00e1lisis y simulaci\u00f3n de circuitos el\u00e9ctricos-electr\u00f3nicos y de potencia (1985), software para modelaci\u00f3n y extracci\u00f3n param\u00e9trica en se\u00f1ales de voz (1989), caracterizaci\u00f3n autom\u00e1tica de fonemas castellanos (1990), software para estimaci\u00f3n de contorno tonal y formantes en voz y llanto (1994), clasificadores <i>off-line<\/i> de llanto basados en RNA (2006), plataforma web colaborativa para se\u00f1ales biom\u00e9dicas WebSA 1.0 (2011). Ha contribuido al desarrollo de m\u00e9todos para el reconocimiento de voz al nivel sublexical y en la clasificaci\u00f3n y reconocimiento de patrones en se\u00f1ales de llanto infantil con fines diagn\u00f3sticos.<\/p>\n<p>Ha sido conferencista magistral (<i>keynote speaker<\/i>) en 5 congresos internacionales: CCBOL 1998 y 2000 (Bolivia), SITI 2004 y SIIEE 2006 (M\u00e9xico), MAVEBA 2011 (como evento sat\u00e9lite dentro de INTERSPEECH 2011) (Firenze, Italia). Ha realizado estancias <i>post doc<\/i> en Free Univ. Brussels en B\u00e9lgica en 1998 y 2000, as\u00ed como estancias de Profesor Invitado y de investigaci\u00f3n en instituciones de 15 pa\u00edses de Europa, \u00c1frica y Am\u00e9rica Latina. Desde 1982 ha impartido las asignaturas de Circuitos El\u00e9ctricos 1,2 y 3, Electrotecnia y Electr\u00f3nica Industrial, Electr\u00f3nica de Potencia, Instrumentaci\u00f3n Electr\u00f3nica, Electrotecnia 2, Medidas El\u00e9ctricas y Computaci\u00f3n en instituciones de Cuba y Angola. Ha impartido varios cursos de posgrado en procesamiento digital de voz y sus aplicaciones biom\u00e9dicas, reconocimiento de patrones, formaci\u00f3n de habilidades en la educaci\u00f3n superior. Ha dirigido 2 tesis doctorales y varias tesis de maestr\u00eda, es miembro del Tribunal de Grados de Telecomunicaciones y Electr\u00f3nica. Posee 2 libros publicados en co-autor\u00eda, tiene m\u00e1s de 50 publicaciones en revistas y publicaciones en congresos, varios registros de software, varios cap\u00edtulos de libro. Es miembro de la cartera de revisores de revistas indexadas como la <b><i>Revista Mexicana de Computaci\u00f3n<\/i><\/b>, <b><i>Journal Biomedical Signal Processing and Control, Medical Engineering &amp; Physics<\/i><\/b> y <b><i>WSEAS Transactions on Computers. <\/i><\/b><\/p>\n<p>Ha obtenido la certificaci\u00f3n de Especialista de Alto Nivel que otorga la UNAICC, 4 sellos Forjadores del Futuro, 2 premios del rector de la UO, 1 distinci\u00f3n del ministro as\u00ed como otras distinciones de educaci\u00f3n superior. Es miembro de Sociedad Cubana de Bioingenier\u00eda, Sociedad Cubana de Matem\u00e1tica y Computaci\u00f3n y SIMEI. Se desempe\u00f1\u00f3 como miembro fundador de la Junta Directiva de la ACRP.<\/p>\n<p>M\u00e1s Informaci\u00f3n en<em> <a href=\"http:\/\/investigadores.uo.edu.cu\/index.php\/2016\/04\/20\/sergio-daniel-cano-ortiz\/\">\u00abQui\u00e9n es Qui\u00e9n en las Ciencias en la UO\u00bb<\/a><\/em><\/p>\n","protected":false},"excerpt":{"rendered":"<p>Profesor Titular Labor que desempe\u00f1a: Profesor Grado(s) Cient\u00edficos(s): Ingeniero Electricista, Universidad de Oriente, 1982 Master of Science en Telecomunicaciones, Universidad T\u00e9cnica de Praga, 1988 Doctor en Ciencias T\u00e9cnicas (PhD), Universidad. T\u00e9cnica de Praga, 1990 Diplomado en Direcci\u00f3n de Procesos Universitarios, &hellip; <a href=\"https:\/\/www.cent.uo.edu.cu\/cenpis\/generales\/colectivo\/dr-c-sergio-d-cano-ortiz\/\">Sigue leyendo <span class=\"meta-nav\">&rarr;<\/span><\/a><\/p>\n","protected":false},"author":10,"featured_media":0,"parent":20,"menu_order":0,"comment_status":"closed","ping_status":"closed","template":"","meta":{"ngg_post_thumbnail":0,"footnotes":""},"class_list":["post-35","page","type-page","status-publish","hentry"],"_links":{"self":[{"href":"https:\/\/www.cent.uo.edu.cu\/cenpis\/wp-json\/wp\/v2\/pages\/35","targetHints":{"allow":["GET"]}}],"collection":[{"href":"https:\/\/www.cent.uo.edu.cu\/cenpis\/wp-json\/wp\/v2\/pages"}],"about":[{"href":"https:\/\/www.cent.uo.edu.cu\/cenpis\/wp-json\/wp\/v2\/types\/page"}],"author":[{"embeddable":true,"href":"https:\/\/www.cent.uo.edu.cu\/cenpis\/wp-json\/wp\/v2\/users\/10"}],"replies":[{"embeddable":true,"href":"https:\/\/www.cent.uo.edu.cu\/cenpis\/wp-json\/wp\/v2\/comments?post=35"}],"version-history":[{"count":8,"href":"https:\/\/www.cent.uo.edu.cu\/cenpis\/wp-json\/wp\/v2\/pages\/35\/revisions"}],"predecessor-version":[{"id":612,"href":"https:\/\/www.cent.uo.edu.cu\/cenpis\/wp-json\/wp\/v2\/pages\/35\/revisions\/612"}],"up":[{"embeddable":true,"href":"https:\/\/www.cent.uo.edu.cu\/cenpis\/wp-json\/wp\/v2\/pages\/20"}],"wp:attachment":[{"href":"https:\/\/www.cent.uo.edu.cu\/cenpis\/wp-json\/wp\/v2\/media?parent=35"}],"curies":[{"name":"wp","href":"https:\/\/api.w.org\/{rel}","templated":true}]}}