{"id":385,"date":"2014-01-28T19:08:47","date_gmt":"2014-01-28T19:08:47","guid":{"rendered":"http:\/\/www.cent.uo.edu.cu\/cenpis\/?page_id=385"},"modified":"2014-01-29T17:19:03","modified_gmt":"2014-01-29T17:19:03","slug":"grupos-de-investigacion","status":"publish","type":"page","link":"https:\/\/www.cent.uo.edu.cu\/cenpis\/investigacion\/grupos-de-investigacion\/","title":{"rendered":"Grupos de Investigaci\u00f3n"},"content":{"rendered":"<p>Grupo de Neurotecnolog\u00eda<\/p>\n<p>Grupo de Procesamiento de Voz<\/p>\n<p>Grupo de Bioingenier\u00eda<\/p>\n<p>Grupo de Visi\u00f3n<\/p>\n<p>Grupo de Producci\u00f3n de Software<\/p>\n<p>El Grupo de Producci\u00f3n de Software adem\u00e1s de tareas de investigaci\u00f3n y desarrollo, se ha concebido para la terminaci\u00f3n de software y prototipos.<\/p>\n<p><strong>L\u00edneas Cient\u00edficas del CENPIS<\/strong><\/p>\n<p style=\"text-align: left\"><b><\/b><strong>Neurotecnolog\u00eda<\/strong>: An\u00e1lisis, procesamiento, desarrollo de indicadores, clasificaci\u00f3n y reconocimiento de biose\u00f1ales que reflejen el comportamiento del Sistema Nervioso Central (SNC) para obtener m\u00e9todos, dispositivos y herramientas computacionales que ayuden en el diagn\u00f3stico y seguimiento de estas enfermedades. Indicadores cuantitativos a partir del Electroencefalograma (EEG) para ayudar al diagn\u00f3stico de patolog\u00edas del SNC. Estudio de movimientos oculares en Ataxia y Esquizofrenia, formas de medici\u00f3n, algoritmos e indicadores robustos a artefactos.<\/p>\n<p><strong>Procesamiento de Voz<\/strong>: An\u00e1lisis y procesamiento de Voz, Habla, Llanto Infantil, Reconocimiento de Patrones y el desarrollo de aplicaciones en el campo de la medicina, entre otras \u00e1reas del conocimiento. Tambi\u00e9n estudios de Neuropsicolog\u00eda encaminados al desarrollo de aplicaciones m\u00e9dicas.<\/p>\n<p><strong>Instrumentaci\u00f3n y procesamiento de se\u00f1ales cardiovasculares<\/strong>: Investigaci\u00f3n de fono y electrocardiograma, estudio de la variabilidad de la frecuencia cardiaca y de indicadores robustos a artefactos. Desarrollo de sistemas para adquirir, procesar y analizar se\u00f1ales cardiovasculares para mejorar el diagn\u00f3stico ante patolog\u00edas. Desarrollo de herramientas computacionales. Electrocardiograf\u00eda de larga duraci\u00f3n y monitoreo cardiaco no invasivo y no restrictivo<b>.<\/b><\/p>\n<p><strong>Sistemas de Visi\u00f3n<\/strong>: Investigaciones en visi\u00f3n por computadora, estudios de forma y textura. Desarrollo de sistemas para el procesamiento, mejoramiento y reconocimiento de im\u00e1genes para identificaci\u00f3n y seguimiento de objetos y personas. Manejo automatizado de equipamiento a estos efectos y desarrollo de aplicaciones.<\/p>\n<p>El CENPIS coordina la red de Biom\u00e9dica y Equipos M\u00e9dicos de la Universidad de Oriente, participa en redes tem\u00e1ticas que tambi\u00e9n enlazan l\u00edneas de investigaci\u00f3n y proyectos del centro, con entidades del pa\u00eds y del territorio. Es un centro de investigaciones y desarrollo de herramientas y software para aplicaciones m\u00e9dicas principalmente<\/p>\n","protected":false},"excerpt":{"rendered":"<p>Grupo de Neurotecnolog\u00eda Grupo de Procesamiento de Voz Grupo de Bioingenier\u00eda Grupo de Visi\u00f3n Grupo de Producci\u00f3n de Software El Grupo de Producci\u00f3n de Software adem\u00e1s de tareas de investigaci\u00f3n y desarrollo, se ha concebido para la terminaci\u00f3n de software &hellip; <a href=\"https:\/\/www.cent.uo.edu.cu\/cenpis\/investigacion\/grupos-de-investigacion\/\">Sigue leyendo <span class=\"meta-nav\">&rarr;<\/span><\/a><\/p>\n","protected":false},"author":10,"featured_media":0,"parent":127,"menu_order":0,"comment_status":"open","ping_status":"open","template":"","meta":{"ngg_post_thumbnail":0,"footnotes":""},"class_list":["post-385","page","type-page","status-publish","hentry"],"_links":{"self":[{"href":"https:\/\/www.cent.uo.edu.cu\/cenpis\/wp-json\/wp\/v2\/pages\/385","targetHints":{"allow":["GET"]}}],"collection":[{"href":"https:\/\/www.cent.uo.edu.cu\/cenpis\/wp-json\/wp\/v2\/pages"}],"about":[{"href":"https:\/\/www.cent.uo.edu.cu\/cenpis\/wp-json\/wp\/v2\/types\/page"}],"author":[{"embeddable":true,"href":"https:\/\/www.cent.uo.edu.cu\/cenpis\/wp-json\/wp\/v2\/users\/10"}],"replies":[{"embeddable":true,"href":"https:\/\/www.cent.uo.edu.cu\/cenpis\/wp-json\/wp\/v2\/comments?post=385"}],"version-history":[{"count":7,"href":"https:\/\/www.cent.uo.edu.cu\/cenpis\/wp-json\/wp\/v2\/pages\/385\/revisions"}],"predecessor-version":[{"id":400,"href":"https:\/\/www.cent.uo.edu.cu\/cenpis\/wp-json\/wp\/v2\/pages\/385\/revisions\/400"}],"up":[{"embeddable":true,"href":"https:\/\/www.cent.uo.edu.cu\/cenpis\/wp-json\/wp\/v2\/pages\/127"}],"wp:attachment":[{"href":"https:\/\/www.cent.uo.edu.cu\/cenpis\/wp-json\/wp\/v2\/media?parent=385"}],"curies":[{"name":"wp","href":"https:\/\/api.w.org\/{rel}","templated":true}]}}