{"id":39,"date":"2014-01-10T19:44:06","date_gmt":"2014-01-10T19:44:06","guid":{"rendered":"http:\/\/www.cent.uo.edu.cu\/cenpis\/?page_id=39"},"modified":"2017-03-08T19:32:57","modified_gmt":"2017-03-08T19:32:57","slug":"ing-frank-sanabria-maci%c2%adas","status":"publish","type":"page","link":"https:\/\/www.cent.uo.edu.cu\/cenpis\/generales\/colectivo\/ing-frank-sanabria-maci%c2%adas\/","title":{"rendered":"Ing. Lic. Frank Sanabria Mac\u00ed\u00adas"},"content":{"rendered":"<p>Profesor Asistente<br \/>\n<strong>Labor que desempe\u00f1a: <\/strong>Profesor<strong>, <\/strong>Director del Centro.<\/p>\n<p><strong>Grado(s) Cient\u00edficos(s):<\/strong><\/p>\n<ul>\n<li>Ingeniero en Telecomunicaciones y Electr\u00f3nica, Universidad de Oriente, 2001<\/li>\n<li>Licenciado en Ciencias de la Computaci\u00f3n , Universidad de Oriente, 2007<\/li>\n<\/ul>\n<p><strong>Intereses Cient\u00edficos:<\/strong><\/p>\n<p>Ha desarrollado trabajos de Investigaci\u00f3n y Desarrollo en tem\u00e1ticas de Procesamiento Digital de Se\u00f1ales e Im\u00e1genes como el An\u00e1lisis del llanto infantil orientado al diagn\u00f3stico, Procesamiento de Se\u00f1ales Electroencefalogr\u00e1ficas para el estudio de enfermedades del Sistema Nervioso Central y Tratamiento de Im\u00e1genes por contenido usando Wavelet. Ha participado en varios eventos cient\u00edficos, tiene art\u00edculos en revistas y cuenta con registros de Software.<br \/>\nDesarrolla su tema de doctorado en \u201cSeguimiento de m\u00faltiples interlocutores en espacios inteligentes usando fusi\u00f3n audiovisual en colaboraci\u00f3n\u201d con la Universidad de Alcal\u00e1 (Espa\u00f1a). Es miembro de la Sociedad Cubana de Matem\u00e1tica y Computaci\u00f3n y la Asociaci\u00f3n Cubana de Reconocimiento de Patrones desde 2007. Ha impartido asignaturas de Procesamiento de Se\u00f1ales y Estad\u00edstica Matem\u00e1tica en la carrera de Telecomunicaciones y Electr\u00f3nica.<\/p>\n","protected":false},"excerpt":{"rendered":"<p>Profesor Asistente Labor que desempe\u00f1a: Profesor, Director del Centro. Grado(s) Cient\u00edficos(s): Ingeniero en Telecomunicaciones y Electr\u00f3nica, Universidad de Oriente, 2001 Licenciado en Ciencias de la Computaci\u00f3n , Universidad de Oriente, 2007 Intereses Cient\u00edficos: Ha desarrollado trabajos de Investigaci\u00f3n y Desarrollo &hellip; <a href=\"https:\/\/www.cent.uo.edu.cu\/cenpis\/generales\/colectivo\/ing-frank-sanabria-maci%c2%adas\/\">Sigue leyendo <span class=\"meta-nav\">&rarr;<\/span><\/a><\/p>\n","protected":false},"author":10,"featured_media":0,"parent":20,"menu_order":0,"comment_status":"closed","ping_status":"closed","template":"","meta":{"ngg_post_thumbnail":0,"footnotes":""},"class_list":["post-39","page","type-page","status-publish","hentry"],"_links":{"self":[{"href":"https:\/\/www.cent.uo.edu.cu\/cenpis\/wp-json\/wp\/v2\/pages\/39","targetHints":{"allow":["GET"]}}],"collection":[{"href":"https:\/\/www.cent.uo.edu.cu\/cenpis\/wp-json\/wp\/v2\/pages"}],"about":[{"href":"https:\/\/www.cent.uo.edu.cu\/cenpis\/wp-json\/wp\/v2\/types\/page"}],"author":[{"embeddable":true,"href":"https:\/\/www.cent.uo.edu.cu\/cenpis\/wp-json\/wp\/v2\/users\/10"}],"replies":[{"embeddable":true,"href":"https:\/\/www.cent.uo.edu.cu\/cenpis\/wp-json\/wp\/v2\/comments?post=39"}],"version-history":[{"count":5,"href":"https:\/\/www.cent.uo.edu.cu\/cenpis\/wp-json\/wp\/v2\/pages\/39\/revisions"}],"predecessor-version":[{"id":601,"href":"https:\/\/www.cent.uo.edu.cu\/cenpis\/wp-json\/wp\/v2\/pages\/39\/revisions\/601"}],"up":[{"embeddable":true,"href":"https:\/\/www.cent.uo.edu.cu\/cenpis\/wp-json\/wp\/v2\/pages\/20"}],"wp:attachment":[{"href":"https:\/\/www.cent.uo.edu.cu\/cenpis\/wp-json\/wp\/v2\/media?parent=39"}],"curies":[{"name":"wp","href":"https:\/\/api.w.org\/{rel}","templated":true}]}}