{"id":41,"date":"2014-01-10T19:44:28","date_gmt":"2014-01-10T19:44:28","guid":{"rendered":"http:\/\/www.cent.uo.edu.cu\/cenpis\/?page_id=41"},"modified":"2017-03-06T16:18:53","modified_gmt":"2017-03-06T16:18:53","slug":"msc-onelia-carballo-reina","status":"publish","type":"page","link":"https:\/\/www.cent.uo.edu.cu\/cenpis\/generales\/colectivo\/msc-onelia-carballo-reina\/","title":{"rendered":"MSc. Onelia Carballo Reina"},"content":{"rendered":"<p>Profesora Auxiliar<br \/>\n<strong>Labor que desempe\u00f1a: <\/strong>Profesora<\/p>\n<p><strong>Grado(s) Cient\u00edficos(s):<\/strong><\/p>\n<ul>\n<li>Licenciado en Psicolog\u00eda, Universidad Central de Las Villas, 1988<\/li>\n<li>Master en Neurociencias y Biolog\u00eda del Comportamiento, Universidad Pablo de Olavide en Sevilla, Espa\u00f1a, 1999<\/li>\n<li>Master en Neurociencias, Centro de Neurociencias de Cuba, 2016<\/li>\n<\/ul>\n<p><strong>Intereses Cient\u00edficos:<\/strong><\/p>\n<p>Los estudios principales que ha desarrollado en los \u00faltimos 5 a\u00f1os est\u00e1n vinculados a la investigaci\u00f3n de los trastornos espec\u00edficos del aprendizaje y en particular en la dislexia. Validaci\u00f3n de un instrumento para la exploraci\u00f3n de la sensibilidad visual del movimiento en ni\u00f1os con estrabismo y glaucoma as\u00ed como con otras afectaciones oftalmol\u00f3gicas.<\/p>\n<p>Ha publicado en revistas y ha presentado en eventos nacionales e internacionales los resultados relacionados con los trastornos que los ni\u00f1os con estrabismo y glaucoma presentan en la percepci\u00f3n del movimiento. Vincula el trabajo de la investigaci\u00f3n con el trabajo de asistencia en el hospital Provincial Saturnino Lora en los Servicios de Neurolog\u00eda y Neurocirug\u00eda as\u00ed como es Profesora de la Facultad de Medicina I en la carrera de Psicolog\u00eda Medica.<\/p>\n","protected":false},"excerpt":{"rendered":"<p>Profesora Auxiliar Labor que desempe\u00f1a: Profesora Grado(s) Cient\u00edficos(s): Licenciado en Psicolog\u00eda, Universidad Central de Las Villas, 1988 Master en Neurociencias y Biolog\u00eda del Comportamiento, Universidad Pablo de Olavide en Sevilla, Espa\u00f1a, 1999 Master en Neurociencias, Centro de Neurociencias de Cuba, &hellip; <a href=\"https:\/\/www.cent.uo.edu.cu\/cenpis\/generales\/colectivo\/msc-onelia-carballo-reina\/\">Sigue leyendo <span class=\"meta-nav\">&rarr;<\/span><\/a><\/p>\n","protected":false},"author":10,"featured_media":0,"parent":20,"menu_order":0,"comment_status":"closed","ping_status":"closed","template":"","meta":{"ngg_post_thumbnail":0,"footnotes":""},"class_list":["post-41","page","type-page","status-publish","hentry"],"_links":{"self":[{"href":"https:\/\/www.cent.uo.edu.cu\/cenpis\/wp-json\/wp\/v2\/pages\/41","targetHints":{"allow":["GET"]}}],"collection":[{"href":"https:\/\/www.cent.uo.edu.cu\/cenpis\/wp-json\/wp\/v2\/pages"}],"about":[{"href":"https:\/\/www.cent.uo.edu.cu\/cenpis\/wp-json\/wp\/v2\/types\/page"}],"author":[{"embeddable":true,"href":"https:\/\/www.cent.uo.edu.cu\/cenpis\/wp-json\/wp\/v2\/users\/10"}],"replies":[{"embeddable":true,"href":"https:\/\/www.cent.uo.edu.cu\/cenpis\/wp-json\/wp\/v2\/comments?post=41"}],"version-history":[{"count":4,"href":"https:\/\/www.cent.uo.edu.cu\/cenpis\/wp-json\/wp\/v2\/pages\/41\/revisions"}],"predecessor-version":[{"id":585,"href":"https:\/\/www.cent.uo.edu.cu\/cenpis\/wp-json\/wp\/v2\/pages\/41\/revisions\/585"}],"up":[{"embeddable":true,"href":"https:\/\/www.cent.uo.edu.cu\/cenpis\/wp-json\/wp\/v2\/pages\/20"}],"wp:attachment":[{"href":"https:\/\/www.cent.uo.edu.cu\/cenpis\/wp-json\/wp\/v2\/media?parent=41"}],"curies":[{"name":"wp","href":"https:\/\/api.w.org\/{rel}","templated":true}]}}