{"id":43,"date":"2014-01-10T19:44:50","date_gmt":"2014-01-10T19:44:50","guid":{"rendered":"http:\/\/www.cent.uo.edu.cu\/cenpis\/?page_id=43"},"modified":"2017-03-06T16:18:22","modified_gmt":"2017-03-06T16:18:22","slug":"msc-erislandy-omar-martinez","status":"publish","type":"page","link":"https:\/\/www.cent.uo.edu.cu\/cenpis\/generales\/colectivo\/msc-erislandy-omar-martinez\/","title":{"rendered":"MSc. Erislandy Omar Mart\u00ednez"},"content":{"rendered":"<p>Profesor Auxiliar<br \/>\n<strong>Labor que desempe\u00f1a: <\/strong>Profesor Investigador, Asesor de Proyectos VRIP, UO.<\/p>\n<p><strong>Grado(s) Cient\u00edficos(s):<\/strong><\/p>\n<ul>\n<li>Licenciado en Psicolog\u00eda, Universidad de Oriente, 2005<\/li>\n<li>Master en Psicolog\u00eda Cl\u00ednica, y Psicolog\u00eda Educativa, Facultad de Psicolog\u00eda, Universidad de la Habana, 2009<\/li>\n<\/ul>\n<p><strong>Intereses Cient\u00edficos:<\/strong><\/p>\n<p>Se forma como neuropsic\u00f3logo cognitivo, con punto de especializaci\u00f3n en Neuroling\u00fc\u00edstica y Afasiolog\u00eda. Es miembro de las Sociedades Cubanas de Psicolog\u00eda, de Psicolog\u00eda de la Salud, de Neurofisiolog\u00eda Cl\u00ednica y de Eyes Movement Desensitization and Reprocessing. Ha colaborado desde 2005 hasta la actualidad como docente de la Carrera de Psicolog\u00eda de la Universidad de Oriente, asumiendo varias asignaturas de pregrado e impartiendo adem\u00e1s cursos de postgrado en neuropsicolog\u00eda, neuroling\u00fc\u00edstica, neurociencias cognitivas, investigaci\u00f3n y publicaci\u00f3n cient\u00edfica. Coordina Diplomado en Neuropsicolog\u00eda Cognitiva. Ha prestado servicio asistencial en las \u00e1reas de neurolog\u00eda y neurocirug\u00eda del Hospital General Saturnino Lora, y en los servicios de Geriatr\u00eda y Hemodi\u00e1lisis del Hospital General Juan Bruno Zayas, ambos de la Ciudad de Santiago de Cuba.<\/p>\n<p>Su trabajo de investigaci\u00f3n lo orienta a la exploraci\u00f3n, diagn\u00f3stico y caracterizaci\u00f3n neuropsicol\u00f3gica del paciente af\u00e1sico, para lo cual ha desarrollo y validado instrumentos de evaluaci\u00f3n neurocognitiva. Asociado a ello ha asesorado y dirigido varias tesis de licenciatura y de maestr\u00eda en psicolog\u00eda y en neurociencias. Ha divulgado sus resultados de investigaci\u00f3n en Publicaciones Cient\u00edficas como: Revista Santiago (2005, 2007), Revista Informaci\u00f3n Cient\u00edfica (2007, 2012), Revista del Hospital Psiqui\u00e1trico de La Habana (2011), Revista Neurolog\u00eda Argentina (2012, 2013), Actas de los Congresos Internacionales de Psicolog\u00eda Latinoamericana (2005, 2007, 2009, 2011, 2013), Actas del Congreso Internacional PsicoSalud (2011), Actas del International Congress of Psychology (2012), Actas del I Congreso de la ALFEPSI (2012), Actas del XIII simposio Internacional de Comunicaci\u00f3n Social (2013), y Actas de la Conferencias Cient\u00edfica Internacional NeuroSantiago (2013).<\/p>\n","protected":false},"excerpt":{"rendered":"<p>Profesor Auxiliar Labor que desempe\u00f1a: Profesor Investigador, Asesor de Proyectos VRIP, UO. Grado(s) Cient\u00edficos(s): Licenciado en Psicolog\u00eda, Universidad de Oriente, 2005 Master en Psicolog\u00eda Cl\u00ednica, y Psicolog\u00eda Educativa, Facultad de Psicolog\u00eda, Universidad de la Habana, 2009 Intereses Cient\u00edficos: Se forma &hellip; <a href=\"https:\/\/www.cent.uo.edu.cu\/cenpis\/generales\/colectivo\/msc-erislandy-omar-martinez\/\">Sigue leyendo <span class=\"meta-nav\">&rarr;<\/span><\/a><\/p>\n","protected":false},"author":10,"featured_media":0,"parent":20,"menu_order":0,"comment_status":"closed","ping_status":"closed","template":"","meta":{"ngg_post_thumbnail":0,"footnotes":""},"class_list":["post-43","page","type-page","status-publish","hentry"],"_links":{"self":[{"href":"https:\/\/www.cent.uo.edu.cu\/cenpis\/wp-json\/wp\/v2\/pages\/43","targetHints":{"allow":["GET"]}}],"collection":[{"href":"https:\/\/www.cent.uo.edu.cu\/cenpis\/wp-json\/wp\/v2\/pages"}],"about":[{"href":"https:\/\/www.cent.uo.edu.cu\/cenpis\/wp-json\/wp\/v2\/types\/page"}],"author":[{"embeddable":true,"href":"https:\/\/www.cent.uo.edu.cu\/cenpis\/wp-json\/wp\/v2\/users\/10"}],"replies":[{"embeddable":true,"href":"https:\/\/www.cent.uo.edu.cu\/cenpis\/wp-json\/wp\/v2\/comments?post=43"}],"version-history":[{"count":6,"href":"https:\/\/www.cent.uo.edu.cu\/cenpis\/wp-json\/wp\/v2\/pages\/43\/revisions"}],"predecessor-version":[{"id":584,"href":"https:\/\/www.cent.uo.edu.cu\/cenpis\/wp-json\/wp\/v2\/pages\/43\/revisions\/584"}],"up":[{"embeddable":true,"href":"https:\/\/www.cent.uo.edu.cu\/cenpis\/wp-json\/wp\/v2\/pages\/20"}],"wp:attachment":[{"href":"https:\/\/www.cent.uo.edu.cu\/cenpis\/wp-json\/wp\/v2\/media?parent=43"}],"curies":[{"name":"wp","href":"https:\/\/api.w.org\/{rel}","templated":true}]}}