{"id":49,"date":"2014-01-10T19:46:24","date_gmt":"2014-01-10T19:46:24","guid":{"rendered":"http:\/\/www.cent.uo.edu.cu\/cenpis\/?page_id=49"},"modified":"2017-03-08T19:35:56","modified_gmt":"2017-03-08T19:35:56","slug":"ing-yissel-rodriguez-aldana","status":"publish","type":"page","link":"https:\/\/www.cent.uo.edu.cu\/cenpis\/generales\/colectivo\/ing-yissel-rodriguez-aldana\/","title":{"rendered":"MSc. Yissel Rodr\u00edguez Aldana"},"content":{"rendered":"<p>Profesora Asistente<br \/>\n<strong>Labor que desempe\u00f1a: <\/strong>Profesora<\/p>\n<p><strong>Grado(s) Cient\u00edficos(s):<\/strong><\/p>\n<ul>\n<li>Ingeniero en Ciencias Inform\u00e1ticas, Universidad de Ciencias Inform\u00e1ticas, 2008<\/li>\n<li>Master en Ingenier\u00eda Biom\u00e9dica, 2013<\/li>\n<\/ul>\n<p><strong>Intereses Cient\u00edficos<br \/>\n<\/strong>Procesamiento de biose\u00f1ales, an\u00e1lisis tiempo-frecuencia y t\u00e9cnicas de inteligencia artificial.<\/p>\n","protected":false},"excerpt":{"rendered":"<p>Profesora Asistente Labor que desempe\u00f1a: Profesora Grado(s) Cient\u00edficos(s): Ingeniero en Ciencias Inform\u00e1ticas, Universidad de Ciencias Inform\u00e1ticas, 2008 Master en Ingenier\u00eda Biom\u00e9dica, 2013 Intereses Cient\u00edficos Procesamiento de biose\u00f1ales, an\u00e1lisis tiempo-frecuencia y t\u00e9cnicas de inteligencia artificial.<\/p>\n","protected":false},"author":10,"featured_media":0,"parent":20,"menu_order":0,"comment_status":"closed","ping_status":"closed","template":"","meta":{"ngg_post_thumbnail":0,"footnotes":""},"class_list":["post-49","page","type-page","status-publish","hentry"],"_links":{"self":[{"href":"https:\/\/www.cent.uo.edu.cu\/cenpis\/wp-json\/wp\/v2\/pages\/49","targetHints":{"allow":["GET"]}}],"collection":[{"href":"https:\/\/www.cent.uo.edu.cu\/cenpis\/wp-json\/wp\/v2\/pages"}],"about":[{"href":"https:\/\/www.cent.uo.edu.cu\/cenpis\/wp-json\/wp\/v2\/types\/page"}],"author":[{"embeddable":true,"href":"https:\/\/www.cent.uo.edu.cu\/cenpis\/wp-json\/wp\/v2\/users\/10"}],"replies":[{"embeddable":true,"href":"https:\/\/www.cent.uo.edu.cu\/cenpis\/wp-json\/wp\/v2\/comments?post=49"}],"version-history":[{"count":5,"href":"https:\/\/www.cent.uo.edu.cu\/cenpis\/wp-json\/wp\/v2\/pages\/49\/revisions"}],"predecessor-version":[{"id":603,"href":"https:\/\/www.cent.uo.edu.cu\/cenpis\/wp-json\/wp\/v2\/pages\/49\/revisions\/603"}],"up":[{"embeddable":true,"href":"https:\/\/www.cent.uo.edu.cu\/cenpis\/wp-json\/wp\/v2\/pages\/20"}],"wp:attachment":[{"href":"https:\/\/www.cent.uo.edu.cu\/cenpis\/wp-json\/wp\/v2\/media?parent=49"}],"curies":[{"name":"wp","href":"https:\/\/api.w.org\/{rel}","templated":true}]}}