{"id":523,"date":"2016-05-23T18:50:00","date_gmt":"2016-05-23T18:50:00","guid":{"rendered":"http:\/\/www.cent.uo.edu.cu\/cenpis\/?page_id=523"},"modified":"2016-05-23T18:58:59","modified_gmt":"2016-05-23T18:58:59","slug":"ing-david-castro-pinol","status":"publish","type":"page","link":"https:\/\/www.cent.uo.edu.cu\/cenpis\/generales\/colectivo\/ing-david-castro-pinol\/","title":{"rendered":"Ing. David Castro Pi\u00f1ol"},"content":{"rendered":"<p>Adiestrado<br \/>\n<strong>Labor que desempe\u00f1a:<\/strong> Investigador del Grupo de Visi\u00f3n de Computadora<\/p>\n<p><strong>Grado(s) Cient\u00edficos(s):<\/strong><br \/>\n\u2022 Ingeniero en Telecomunicaciones y Electr\u00f3nica, Universidad de Oriente, 2015<\/p>\n<p><strong>Intereses Cient\u00edficos:<\/strong><br \/>\nActualmente se encuentra realizando su adiestramiento en el Centro de Estudios de Neurociencias y Procesamiento de Im\u00e1genes y Se\u00f1ales. Forma parte del grupo de visi\u00f3n por computadora investigando en el \u00e1rea de procesamiento y detecci\u00f3n de objetos en im\u00e1genes de rayos X. Ha pasado cursos de postgrado de procesamiento digital de se\u00f1ales, teor\u00eda de se\u00f1ales y sistemas, reconocimiento de patrones, entre otros. Presenta inter\u00e9s tambi\u00e9n en el desarrollo de aplicaciones basadas en hardware libre.<\/p>\n","protected":false},"excerpt":{"rendered":"<p>Adiestrado Labor que desempe\u00f1a: Investigador del Grupo de Visi\u00f3n de Computadora Grado(s) Cient\u00edficos(s): \u2022 Ingeniero en Telecomunicaciones y Electr\u00f3nica, Universidad de Oriente, 2015 Intereses Cient\u00edficos: Actualmente se encuentra realizando su adiestramiento en el Centro de Estudios de Neurociencias y Procesamiento &hellip; <a href=\"https:\/\/www.cent.uo.edu.cu\/cenpis\/generales\/colectivo\/ing-david-castro-pinol\/\">Sigue leyendo <span class=\"meta-nav\">&rarr;<\/span><\/a><\/p>\n","protected":false},"author":10,"featured_media":0,"parent":20,"menu_order":0,"comment_status":"closed","ping_status":"closed","template":"","meta":{"ngg_post_thumbnail":0,"footnotes":""},"class_list":["post-523","page","type-page","status-publish","hentry"],"_links":{"self":[{"href":"https:\/\/www.cent.uo.edu.cu\/cenpis\/wp-json\/wp\/v2\/pages\/523","targetHints":{"allow":["GET"]}}],"collection":[{"href":"https:\/\/www.cent.uo.edu.cu\/cenpis\/wp-json\/wp\/v2\/pages"}],"about":[{"href":"https:\/\/www.cent.uo.edu.cu\/cenpis\/wp-json\/wp\/v2\/types\/page"}],"author":[{"embeddable":true,"href":"https:\/\/www.cent.uo.edu.cu\/cenpis\/wp-json\/wp\/v2\/users\/10"}],"replies":[{"embeddable":true,"href":"https:\/\/www.cent.uo.edu.cu\/cenpis\/wp-json\/wp\/v2\/comments?post=523"}],"version-history":[{"count":3,"href":"https:\/\/www.cent.uo.edu.cu\/cenpis\/wp-json\/wp\/v2\/pages\/523\/revisions"}],"predecessor-version":[{"id":531,"href":"https:\/\/www.cent.uo.edu.cu\/cenpis\/wp-json\/wp\/v2\/pages\/523\/revisions\/531"}],"up":[{"embeddable":true,"href":"https:\/\/www.cent.uo.edu.cu\/cenpis\/wp-json\/wp\/v2\/pages\/20"}],"wp:attachment":[{"href":"https:\/\/www.cent.uo.edu.cu\/cenpis\/wp-json\/wp\/v2\/media?parent=523"}],"curies":[{"name":"wp","href":"https:\/\/api.w.org\/{rel}","templated":true}]}}