{"id":525,"date":"2016-05-23T18:52:16","date_gmt":"2016-05-23T18:52:16","guid":{"rendered":"http:\/\/www.cent.uo.edu.cu\/cenpis\/?page_id=525"},"modified":"2016-05-23T19:00:42","modified_gmt":"2016-05-23T19:00:42","slug":"publicaciones","status":"publish","type":"page","link":"https:\/\/www.cent.uo.edu.cu\/cenpis\/generales\/colectivo\/ing-david-castro-pinol\/publicaciones\/","title":{"rendered":"Publicaciones recientes"},"content":{"rendered":"<p>\u2022 <strong>Castro Pi\u00f1ol, D., Sanabria Macias, F., Mara\u00f1\u00f3n Reyes, E., &amp; Rodr\u00edguez Arias, F. (2016)<\/strong>. Reconocimiento de armas en im\u00e1genes de rayos X mediante Saco de Palabras Visuales. Revista Cubana de Ciencias Inform\u00e1ticas, 10(1), 152-161.<\/p>\n","protected":false},"excerpt":{"rendered":"<p>\u2022 Castro Pi\u00f1ol, D., Sanabria Macias, F., Mara\u00f1\u00f3n Reyes, E., &amp; Rodr\u00edguez Arias, F. (2016). Reconocimiento de armas en im\u00e1genes de rayos X mediante Saco de Palabras Visuales. Revista Cubana de Ciencias Inform\u00e1ticas, 10(1), 152-161.<\/p>\n","protected":false},"author":10,"featured_media":0,"parent":523,"menu_order":0,"comment_status":"closed","ping_status":"closed","template":"","meta":{"ngg_post_thumbnail":0,"footnotes":""},"class_list":["post-525","page","type-page","status-publish","hentry"],"_links":{"self":[{"href":"https:\/\/www.cent.uo.edu.cu\/cenpis\/wp-json\/wp\/v2\/pages\/525","targetHints":{"allow":["GET"]}}],"collection":[{"href":"https:\/\/www.cent.uo.edu.cu\/cenpis\/wp-json\/wp\/v2\/pages"}],"about":[{"href":"https:\/\/www.cent.uo.edu.cu\/cenpis\/wp-json\/wp\/v2\/types\/page"}],"author":[{"embeddable":true,"href":"https:\/\/www.cent.uo.edu.cu\/cenpis\/wp-json\/wp\/v2\/users\/10"}],"replies":[{"embeddable":true,"href":"https:\/\/www.cent.uo.edu.cu\/cenpis\/wp-json\/wp\/v2\/comments?post=525"}],"version-history":[{"count":3,"href":"https:\/\/www.cent.uo.edu.cu\/cenpis\/wp-json\/wp\/v2\/pages\/525\/revisions"}],"predecessor-version":[{"id":532,"href":"https:\/\/www.cent.uo.edu.cu\/cenpis\/wp-json\/wp\/v2\/pages\/525\/revisions\/532"}],"up":[{"embeddable":true,"href":"https:\/\/www.cent.uo.edu.cu\/cenpis\/wp-json\/wp\/v2\/pages\/523"}],"wp:attachment":[{"href":"https:\/\/www.cent.uo.edu.cu\/cenpis\/wp-json\/wp\/v2\/media?parent=525"}],"curies":[{"name":"wp","href":"https:\/\/api.w.org\/{rel}","templated":true}]}}