{"id":61,"date":"2014-01-10T19:57:03","date_gmt":"2014-01-10T19:57:03","guid":{"rendered":"http:\/\/www.cent.uo.edu.cu\/cenpis\/?page_id=61"},"modified":"2017-03-06T16:19:44","modified_gmt":"2017-03-06T16:19:44","slug":"ing-felipe-rodriguez-arias","status":"publish","type":"page","link":"https:\/\/www.cent.uo.edu.cu\/cenpis\/generales\/colectivo\/ing-felipe-rodriguez-arias\/","title":{"rendered":"MSc. Felipe Rodr\u00edguez Arias"},"content":{"rendered":"<h4>Profesor Asistente<\/h4>\n<p><strong>Labor que desempe\u00f1a:<\/strong> Profesor, Miembro del Consejo de Direcci\u00f3n<\/p>\n<p><strong>Grado(s) Cient\u00edficos(s):<\/strong><\/p>\n<ul>\n<li>Ingeniero en Ciencias Inform\u00e1ticas, Universidad de las Ciencias Inform\u00e1ticas, 2009<\/li>\n<li>Master en Ciencias de la Computaci\u00f3n, Universidad de Oriente, 2016<\/li>\n<\/ul>\n<p><strong>Intereses Cient\u00edficos:<\/strong><\/p>\n<p>El \u00e1rea del procesamiento de im\u00e1genes e identificaci\u00f3n de patrones, la programaci\u00f3n paralela para multiprocesadores, la programaci\u00f3n de prop\u00f3sito general en unidades de procesamiento gr\u00e1fico y el estudio de tecnolog\u00edas para el desarrollo de aplicaciones web din\u00e1micas.<\/p>\n<p>Est\u00e1 vinculado al desarrollo de software desde el a\u00f1o 2005. Ha participado en proyectos internacionales de colaboraci\u00f3n con Venezuela y con el Centro de Inmunolog\u00eda Molecular (CIM) en el \u00e1rea de miner\u00eda de datos y programaci\u00f3n de sistemas inform\u00e1ticos. Particip\u00f3 en el desarrollo del proyecto Sistema Automatizado de Identificaci\u00f3n Bal\u00edstica (SAIBal) en la implementaci\u00f3n de algoritmos de identificaci\u00f3n de patrones. Es miembro de la Asociaci\u00f3n Cubana de Reconocimiento de Patrones. Integrante del Grupo de Producci\u00f3n de Software y del Grupo de Visi\u00f3n por Computadoras del CENPIS.<\/p>\n","protected":false},"excerpt":{"rendered":"<p>Profesor Asistente Labor que desempe\u00f1a: Profesor, Miembro del Consejo de Direcci\u00f3n Grado(s) Cient\u00edficos(s): Ingeniero en Ciencias Inform\u00e1ticas, Universidad de las Ciencias Inform\u00e1ticas, 2009 Master en Ciencias de la Computaci\u00f3n, Universidad de Oriente, 2016 Intereses Cient\u00edficos: El \u00e1rea del procesamiento de &hellip; <a href=\"https:\/\/www.cent.uo.edu.cu\/cenpis\/generales\/colectivo\/ing-felipe-rodriguez-arias\/\">Sigue leyendo <span class=\"meta-nav\">&rarr;<\/span><\/a><\/p>\n","protected":false},"author":10,"featured_media":0,"parent":20,"menu_order":0,"comment_status":"closed","ping_status":"closed","template":"","meta":{"ngg_post_thumbnail":0,"footnotes":""},"class_list":["post-61","page","type-page","status-publish","hentry"],"_links":{"self":[{"href":"https:\/\/www.cent.uo.edu.cu\/cenpis\/wp-json\/wp\/v2\/pages\/61","targetHints":{"allow":["GET"]}}],"collection":[{"href":"https:\/\/www.cent.uo.edu.cu\/cenpis\/wp-json\/wp\/v2\/pages"}],"about":[{"href":"https:\/\/www.cent.uo.edu.cu\/cenpis\/wp-json\/wp\/v2\/types\/page"}],"author":[{"embeddable":true,"href":"https:\/\/www.cent.uo.edu.cu\/cenpis\/wp-json\/wp\/v2\/users\/10"}],"replies":[{"embeddable":true,"href":"https:\/\/www.cent.uo.edu.cu\/cenpis\/wp-json\/wp\/v2\/comments?post=61"}],"version-history":[{"count":3,"href":"https:\/\/www.cent.uo.edu.cu\/cenpis\/wp-json\/wp\/v2\/pages\/61\/revisions"}],"predecessor-version":[{"id":586,"href":"https:\/\/www.cent.uo.edu.cu\/cenpis\/wp-json\/wp\/v2\/pages\/61\/revisions\/586"}],"up":[{"embeddable":true,"href":"https:\/\/www.cent.uo.edu.cu\/cenpis\/wp-json\/wp\/v2\/pages\/20"}],"wp:attachment":[{"href":"https:\/\/www.cent.uo.edu.cu\/cenpis\/wp-json\/wp\/v2\/media?parent=61"}],"curies":[{"name":"wp","href":"https:\/\/api.w.org\/{rel}","templated":true}]}}