{"id":65,"date":"2014-01-10T20:01:20","date_gmt":"2014-01-10T20:01:20","guid":{"rendered":"http:\/\/www.cent.uo.edu.cu\/cenpis\/?page_id=65"},"modified":"2017-03-09T21:20:21","modified_gmt":"2017-03-09T21:20:21","slug":"ing-leaned-quintana-vivanco","status":"publish","type":"page","link":"https:\/\/www.cent.uo.edu.cu\/cenpis\/generales\/colectivo\/ing-leaned-quintana-vivanco\/","title":{"rendered":"Ing. Leaned M. Quintana Vivanco"},"content":{"rendered":"<p>Profesora Instructora<br \/>\n<strong>Labor que desempe\u00f1a: <\/strong>Profesora, Dise\u00f1adora de Interfaz de Usuario, Programadora<\/p>\n<p><strong>Grado(s) Cient\u00edficos(s):<\/strong><\/p>\n<ul>\n<li>Ingeniera en Inform\u00e1tica, Universidad de Oriente, 2011<\/li>\n<\/ul>\n<p><strong>Intereses Cient\u00edficos:<\/strong><\/p>\n<p>Desde que forma parte del colectivo del Centro de Estudios de Neurociencias y Procesamiento de Im\u00e1genes y Se\u00f1ales (CENPIS) ha estado vinculada a la programaci\u00f3n de varios proyectos de centro.<\/p>\n<p>Ha formado parte del Grupo de Visi\u00f3n por Computadoras, realizando trabajos tanto de desarrollo de software como de t\u00e9cnicas de procesamiento digital de im\u00e1genes. Desde su fundaci\u00f3n pertenece al Grupo de Producci\u00f3n de Software (GPS).<\/p>\n<p>Junto al Grupo de Procesamiento de Voz formo parte del equipo que llevo a una versi\u00f3n superior\u00a0 el desarrollo del software Preclasificador a su versi\u00f3n 3.0.<\/p>\n<p>Contin\u00faa su labor como miembro del GPS unido al Grupo de Procesamiento de Voz en otros proyectos.<\/p>\n<p>&nbsp;<\/p>\n","protected":false},"excerpt":{"rendered":"<p>Profesora Instructora Labor que desempe\u00f1a: Profesora, Dise\u00f1adora de Interfaz de Usuario, Programadora Grado(s) Cient\u00edficos(s): Ingeniera en Inform\u00e1tica, Universidad de Oriente, 2011 Intereses Cient\u00edficos: Desde que forma parte del colectivo del Centro de Estudios de Neurociencias y Procesamiento de Im\u00e1genes y &hellip; <a href=\"https:\/\/www.cent.uo.edu.cu\/cenpis\/generales\/colectivo\/ing-leaned-quintana-vivanco\/\">Sigue leyendo <span class=\"meta-nav\">&rarr;<\/span><\/a><\/p>\n","protected":false},"author":10,"featured_media":0,"parent":20,"menu_order":0,"comment_status":"closed","ping_status":"closed","template":"","meta":{"ngg_post_thumbnail":0,"footnotes":""},"class_list":["post-65","page","type-page","status-publish","hentry"],"_links":{"self":[{"href":"https:\/\/www.cent.uo.edu.cu\/cenpis\/wp-json\/wp\/v2\/pages\/65","targetHints":{"allow":["GET"]}}],"collection":[{"href":"https:\/\/www.cent.uo.edu.cu\/cenpis\/wp-json\/wp\/v2\/pages"}],"about":[{"href":"https:\/\/www.cent.uo.edu.cu\/cenpis\/wp-json\/wp\/v2\/types\/page"}],"author":[{"embeddable":true,"href":"https:\/\/www.cent.uo.edu.cu\/cenpis\/wp-json\/wp\/v2\/users\/10"}],"replies":[{"embeddable":true,"href":"https:\/\/www.cent.uo.edu.cu\/cenpis\/wp-json\/wp\/v2\/comments?post=65"}],"version-history":[{"count":6,"href":"https:\/\/www.cent.uo.edu.cu\/cenpis\/wp-json\/wp\/v2\/pages\/65\/revisions"}],"predecessor-version":[{"id":619,"href":"https:\/\/www.cent.uo.edu.cu\/cenpis\/wp-json\/wp\/v2\/pages\/65\/revisions\/619"}],"up":[{"embeddable":true,"href":"https:\/\/www.cent.uo.edu.cu\/cenpis\/wp-json\/wp\/v2\/pages\/20"}],"wp:attachment":[{"href":"https:\/\/www.cent.uo.edu.cu\/cenpis\/wp-json\/wp\/v2\/media?parent=65"}],"curies":[{"name":"wp","href":"https:\/\/api.w.org\/{rel}","templated":true}]}}