{"id":67,"date":"2014-01-10T20:01:44","date_gmt":"2014-01-10T20:01:44","guid":{"rendered":"http:\/\/www.cent.uo.edu.cu\/cenpis\/?page_id=67"},"modified":"2017-03-06T16:26:06","modified_gmt":"2017-03-06T16:26:06","slug":"ing-vladimir-ortiz-grave-de-peralta","status":"publish","type":"page","link":"https:\/\/www.cent.uo.edu.cu\/cenpis\/generales\/colectivo\/ing-vladimir-ortiz-grave-de-peralta\/","title":{"rendered":"Ing. Vladimir Ortiz Grave de Peralta"},"content":{"rendered":"<p>Profesor Instructor<br \/>\n<strong>Labor que desempe\u00f1a: <\/strong>Profesor<strong>, <\/strong>Programador, Probador<\/p>\n<p><strong>Grado(s) Cient\u00edficos(s):<\/strong><\/p>\n<ul>\n<li>Ingeniero en Inform\u00e1tica, Universidad de Oriente, 2011<\/li>\n<\/ul>\n<p><strong>Intereses Cient\u00edficos:<\/strong><\/p>\n<p>Actualmente se encuentra realizando su adiestramiento en el Centro de Estudios de Neurociencias y Procesamiento de Im\u00e1genes y Se\u00f1ales. Ha formado parte del Grupo de Neurotecnolog\u00eda, en el proyecto de Movimientos Oculares. Actualmente pertenece al Grupo de Producci\u00f3n de Software (GPS), donde le fue asignado el rol de Programador y Probador.<\/p>\n<p>Adem\u00e1s de continuar su superaci\u00f3n personal mediante Cursos de Postgrado de preparaci\u00f3n general para adiestrados impartidos por la UO y adem\u00e1s preparaci\u00f3n espec\u00edfica y entrenamientos en temas de perfil profesional.<\/p>\n","protected":false},"excerpt":{"rendered":"<p>Profesor Instructor Labor que desempe\u00f1a: Profesor, Programador, Probador Grado(s) Cient\u00edficos(s): Ingeniero en Inform\u00e1tica, Universidad de Oriente, 2011 Intereses Cient\u00edficos: Actualmente se encuentra realizando su adiestramiento en el Centro de Estudios de Neurociencias y Procesamiento de Im\u00e1genes y Se\u00f1ales. Ha formado &hellip; <a href=\"https:\/\/www.cent.uo.edu.cu\/cenpis\/generales\/colectivo\/ing-vladimir-ortiz-grave-de-peralta\/\">Sigue leyendo <span class=\"meta-nav\">&rarr;<\/span><\/a><\/p>\n","protected":false},"author":10,"featured_media":0,"parent":20,"menu_order":0,"comment_status":"closed","ping_status":"closed","template":"","meta":{"ngg_post_thumbnail":0,"footnotes":""},"class_list":["post-67","page","type-page","status-publish","hentry"],"_links":{"self":[{"href":"https:\/\/www.cent.uo.edu.cu\/cenpis\/wp-json\/wp\/v2\/pages\/67","targetHints":{"allow":["GET"]}}],"collection":[{"href":"https:\/\/www.cent.uo.edu.cu\/cenpis\/wp-json\/wp\/v2\/pages"}],"about":[{"href":"https:\/\/www.cent.uo.edu.cu\/cenpis\/wp-json\/wp\/v2\/types\/page"}],"author":[{"embeddable":true,"href":"https:\/\/www.cent.uo.edu.cu\/cenpis\/wp-json\/wp\/v2\/users\/10"}],"replies":[{"embeddable":true,"href":"https:\/\/www.cent.uo.edu.cu\/cenpis\/wp-json\/wp\/v2\/comments?post=67"}],"version-history":[{"count":3,"href":"https:\/\/www.cent.uo.edu.cu\/cenpis\/wp-json\/wp\/v2\/pages\/67\/revisions"}],"predecessor-version":[{"id":591,"href":"https:\/\/www.cent.uo.edu.cu\/cenpis\/wp-json\/wp\/v2\/pages\/67\/revisions\/591"}],"up":[{"embeddable":true,"href":"https:\/\/www.cent.uo.edu.cu\/cenpis\/wp-json\/wp\/v2\/pages\/20"}],"wp:attachment":[{"href":"https:\/\/www.cent.uo.edu.cu\/cenpis\/wp-json\/wp\/v2\/media?parent=67"}],"curies":[{"name":"wp","href":"https:\/\/api.w.org\/{rel}","templated":true}]}}