{"id":754,"date":"2017-10-23T19:34:30","date_gmt":"2017-10-23T19:34:30","guid":{"rendered":"http:\/\/www.cent.uo.edu.cu\/cenpis\/?page_id=754"},"modified":"2017-10-23T19:38:35","modified_gmt":"2017-10-23T19:38:35","slug":"ano-2012","status":"publish","type":"page","link":"https:\/\/www.cent.uo.edu.cu\/cenpis\/ano-2012\/","title":{"rendered":"A\u00f1o: 2012"},"content":{"rendered":"<p><span style=\"color: #993300;font-size: 14pt\"><strong>Sesiones\u00a0Cient\u00edficas\u00a0CENPIS 2012<\/strong><\/span><\/p>\n<p><strong>\u00a0Enero<br \/>\n<\/strong><\/p>\n<ul>\n<li>Tema: \u00abDetecci\u00f3n de artefacto en EEG utilizando descomposici\u00f3n en modos emp\u00edricos\u00bb.<br \/>\nA cargo de: Ing. Yissel Rodr\u00edguez Aldana<\/li>\n<li>Tema: \u00bb Estudio de m\u00e9todos estad\u00edsticos para la evaluaci\u00f3n de clasificadores de profundidad anest\u00e9sica \u00bb<br \/>\nA cargo de: Ing. Karelia Oca\u00f1a La O<\/li>\n<\/ul>\n<p><strong>Febrero<br \/>\n<\/strong><\/p>\n<ul>\n<li>Tema: \u00abProyectos SAIBAL y Monitor de Anestesia, su estado, situaciones favorables y adversas. Propuestas cient\u00edficas\u00bb.<br \/>\nA cargo de:\u00a0 DrC. Enrique J. Mara\u00f1\u00f3n Reyes<\/li>\n<li>Tema: \u00abAn\u00e1lisis sistem\u00e1tico y meta an\u00e1lisis una nueva visi\u00f3n del estudio bibliogr\u00e1fico. Los gestores bibliogr\u00e1ficos Mendeley y Endnotes 11\u00bb.<br \/>\nA cargo de: DrC. Enrique J. Mara\u00f1\u00f3n Reyes<\/li>\n<\/ul>\n<p><strong>Marzo<\/strong><\/p>\n<ul>\n<li>Tema: \u201c\u00bfC\u00f3mo publicar un art\u00edculo cient\u00edfico?\u201d<br \/>\nA cargo de:\u00a0 DrC. Carlos R. V\u00e1zquez Seisdedos<\/li>\n<li>Tema: \u201cProcesamiento de la se\u00f1al sinusoidal para movimientos oculares\u201d<br \/>\nA cargo de: Ing. Yenisey Fadraga Acosta<\/li>\n<\/ul>\n<p><strong>Abril<\/strong><\/p>\n<ul>\n<li>Primera parte: \u201cNuevo m\u00e9todo para detecci\u00f3n del final de la onda T: desempe\u00f1o en condiciones ruidosas\u201d.<br \/>\nA cargo de: DrC. Carlos V\u00e1zquez Seisdedos<br \/>\nSegunda parte: \u201cEMAnalizer2.0: propuesta de nueva herramienta en C# para el an\u00e1lisis de movimientos oculares sac\u00e1dicos\u201d.<br \/>\nA cargo de: DrC. Carlos V\u00e1zquez Seisdedos<\/li>\n<\/ul>\n<p><strong>Mayo<\/strong><\/p>\n<ul>\n<li>Tema: \u201cProcedimiento para obtener una serie RR m\u00ednimamente libre de artefactos en el an\u00e1lisis de la variabilidad de la frecuencia card\u00edaca\u201d.<br \/>\nA cargo de: Ing. Jos\u00e9 R. Ledea Vargas.<\/li>\n<li>Tema: \u201cAn\u00e1lisis del ECG de larga duraci\u00f3n: problemas y soluciones\u201d.<br \/>\nA cargo de: DrC. Fernando E. Vald\u00e9s P\u00e9rez.<\/li>\n<\/ul>\n<p><strong>Septiembre<\/strong><\/p>\n<ul>\n<li>Tema: \u201cSeguimiento de m\u00faltiples interlocutores en Espacios Inteligentes utilizando informaci\u00f3n de audio y video\u201d.<br \/>\nA cargo de: Ing. Lic. Frank Sanabria Macias<\/li>\n<li>Tema: \u201cSistema de indicadores para el diagn\u00f3stico de la Dislexia: Validaci\u00f3n del test para la Exploraci\u00f3n Visual de la Percepci\u00f3n del Movimiento\u201d.<br \/>\nA cargo de:\u00a0 Lic. Onelia Carballo Reina<\/li>\n<\/ul>\n<p><strong>Octubre<\/strong><\/p>\n<ul>\n<li>Tema: \u201cEstudio neuroling\u00fc\u00edstico del procesamiento l\u00e9xico y sint\u00e1ctico en pacientes af\u00e1sicos con alteraciones en el procesamiento ac\u00fastico-<br \/>\nfon\u00e9mico\u201d.<br \/>\nA cargo de:\u00a0 Lic. Erislandys Omar Mart\u00ednez<\/li>\n<li>Tema: \u201cT\u00e9cnica de enmascaramiento de voz por inversi\u00f3n de frecuencia y divisi\u00f3n de banda\u201d.<br \/>\nA cargo de:\u00a0 Ing. Jos\u00e9 A. Rosell Oliveros<\/li>\n<\/ul>\n","protected":false},"excerpt":{"rendered":"<p>Sesiones\u00a0Cient\u00edficas\u00a0CENPIS 2012 \u00a0Enero Tema: \u00abDetecci\u00f3n de artefacto en EEG utilizando descomposici\u00f3n en modos emp\u00edricos\u00bb. A cargo de: Ing. Yissel Rodr\u00edguez Aldana Tema: \u00bb Estudio de m\u00e9todos estad\u00edsticos para la evaluaci\u00f3n de clasificadores de profundidad anest\u00e9sica \u00bb A cargo de: Ing. &hellip; <a href=\"https:\/\/www.cent.uo.edu.cu\/cenpis\/ano-2012\/\">Sigue leyendo <span class=\"meta-nav\">&rarr;<\/span><\/a><\/p>\n","protected":false},"author":10,"featured_media":0,"parent":0,"menu_order":0,"comment_status":"closed","ping_status":"closed","template":"","meta":{"ngg_post_thumbnail":0,"footnotes":""},"class_list":["post-754","page","type-page","status-publish","hentry"],"_links":{"self":[{"href":"https:\/\/www.cent.uo.edu.cu\/cenpis\/wp-json\/wp\/v2\/pages\/754","targetHints":{"allow":["GET"]}}],"collection":[{"href":"https:\/\/www.cent.uo.edu.cu\/cenpis\/wp-json\/wp\/v2\/pages"}],"about":[{"href":"https:\/\/www.cent.uo.edu.cu\/cenpis\/wp-json\/wp\/v2\/types\/page"}],"author":[{"embeddable":true,"href":"https:\/\/www.cent.uo.edu.cu\/cenpis\/wp-json\/wp\/v2\/users\/10"}],"replies":[{"embeddable":true,"href":"https:\/\/www.cent.uo.edu.cu\/cenpis\/wp-json\/wp\/v2\/comments?post=754"}],"version-history":[{"count":11,"href":"https:\/\/www.cent.uo.edu.cu\/cenpis\/wp-json\/wp\/v2\/pages\/754\/revisions"}],"predecessor-version":[{"id":767,"href":"https:\/\/www.cent.uo.edu.cu\/cenpis\/wp-json\/wp\/v2\/pages\/754\/revisions\/767"}],"wp:attachment":[{"href":"https:\/\/www.cent.uo.edu.cu\/cenpis\/wp-json\/wp\/v2\/media?parent=754"}],"curies":[{"name":"wp","href":"https:\/\/api.w.org\/{rel}","templated":true}]}}