{"id":768,"date":"2017-10-23T19:38:26","date_gmt":"2017-10-23T19:38:26","guid":{"rendered":"http:\/\/www.cent.uo.edu.cu\/cenpis\/?page_id=768"},"modified":"2017-10-23T20:04:31","modified_gmt":"2017-10-23T20:04:31","slug":"ano-2013","status":"publish","type":"page","link":"https:\/\/www.cent.uo.edu.cu\/cenpis\/ano-2013\/","title":{"rendered":"A\u00f1o: 2013"},"content":{"rendered":"<p><span style=\"color: #993300;font-size: 14pt\"><strong>Sesiones\u00a0Cient\u00edficas\u00a0CENPIS 2013<\/strong><\/span><\/p>\n<p><strong>\u00a0Enero<br \/>\n<\/strong><\/p>\n<ul>\n<li>Tema: \u201cTransformada de Wavelet en la b\u00fasqueda de im\u00e1genes por contenido\u201d.<br \/>\nA cargo de:\u00a0 Ing. Felipe Rodr\u00edguez Arias<\/li>\n<\/ul>\n<p><strong>Abril<br \/>\n<\/strong><\/p>\n<ul>\n<li>Tema:\u00a0 \u201cPropuesta de una arquitectura base de software para el desarrollo de<br \/>\naplicaciones en el CENPIS\u201d.<br \/>\nA cargo de:\u00a0 Ing. Joan A. Aguilar Pe\u00f1a<\/li>\n<li>Tema:\u00a0 \u201cCorrecci\u00f3n de artefactos en el Electroencefalograma utilizando<br \/>\ndescomposici\u00f3n modal emp\u00edrica\u201d.<br \/>\nA cargo de: Ing. Yissel Rodr\u00edguez Aldana<\/li>\n<\/ul>\n<p><strong>Mayo<\/strong><\/p>\n<ul>\n<li>Tema:\u00a0 \u201cEstudio del procesamiento l\u00e9xico y morfosint\u00e1ctico en pacientes af\u00e1sicos<br \/>\ncon alteraciones en los procesos de conversi\u00f3n ac\u00fastico-fon\u00e9mica\u201d.<br \/>\nA cargo de:\u00a0 MSc. Erislandy Omar Mart\u00ednez<\/li>\n<li>Tema: \u201cOptimizaci\u00f3n de filtrado por los m\u00e9todos de la Mediana y Gaussiano<br \/>\npara la mejor convergencia del Snake en la segmentaci\u00f3n de im\u00e1genes\u201d.<br \/>\nA cargo de: Ing.\u00a0 Leaned Quintana Vivanco<\/li>\n<\/ul>\n<p><strong>Junio<\/strong><\/p>\n<ul>\n<li>Tema: (ejercicio de Atestaci\u00f3n) \u201cSistema de indicadores desde la percepci\u00f3n del movimiento para el<br \/>\ndiagn\u00f3stico de la dislexia\u201d.<br \/>\nA cargo de: Lic.\u00a0 Onelia Carballo Reyna<\/li>\n<li>Tema: \u201cEstabilizaci\u00f3n de movimiento en secuencias de video\u201d.<br \/>\nA cargo de:\u00a0 Ing. Fredes Hubert S\u00e1nchez<\/li>\n<\/ul>\n<p><strong>Julio<\/strong><\/p>\n<ul>\n<li>Tema: \u201cIndicador espectral para la estimaci\u00f3n de distancia en<br \/>\nim\u00e1genes\u201d.<br \/>\nA cargo de: Ing. L\u00eddice Mait\u00e9 Balart Cid<\/li>\n<\/ul>\n<p><strong>Septiembre<\/strong><\/p>\n<ul>\n<li>Tema: \u201cEstimulador de movimientos sac\u00e1dicos.\u201d<br \/>\nA cargo de: Ing. Arisleydis Portuondo Montoya<\/li>\n<\/ul>\n<p><strong>Octubre<\/strong><\/p>\n<ul>\n<li>Tema: \u201cGeneraci\u00f3n de se\u00f1ales sac\u00e1dicas artificiales\u201d<br \/>\nA cargo de: Ing. Vladimir Ortiz Grave de Peralta<\/li>\n<\/ul>\n<p><strong>Noviembre<\/strong><\/p>\n<ul>\n<li>Tema: \u201cPropuesta de algoritmo para la detecci\u00f3n de pupila\u201d<br \/>\nA cargo de: Ing. Liset V\u00e1zquez Romaguera<\/li>\n<li>Tema: \u201cEntrop\u00eda espectral para determinar nivel de profundidad anest\u00e9sica en se\u00f1ales de electroencefalograma\u201d<br \/>\nA cargo de: Ing. Teresa M. Puebla Iglesias<\/li>\n<\/ul>\n<p><strong>Diciembre<\/strong><\/p>\n<ul>\n<li>Tema: \u201cSeguimiento de m\u00faltiples interlocutores en espacios inteligentes utilizando<br \/>\ninformaci\u00f3n de audio y video\u201d<br \/>\nA cargo de: Ing. Lic. Frank Sanabria Macias<\/li>\n<\/ul>\n","protected":false},"excerpt":{"rendered":"<p>Sesiones\u00a0Cient\u00edficas\u00a0CENPIS 2013 \u00a0Enero Tema: \u201cTransformada de Wavelet en la b\u00fasqueda de im\u00e1genes por contenido\u201d. A cargo de:\u00a0 Ing. Felipe Rodr\u00edguez Arias Abril Tema:\u00a0 \u201cPropuesta de una arquitectura base de software para el desarrollo de aplicaciones en el CENPIS\u201d. A cargo &hellip; <a href=\"https:\/\/www.cent.uo.edu.cu\/cenpis\/ano-2013\/\">Sigue leyendo <span class=\"meta-nav\">&rarr;<\/span><\/a><\/p>\n","protected":false},"author":10,"featured_media":0,"parent":0,"menu_order":0,"comment_status":"closed","ping_status":"closed","template":"","meta":{"ngg_post_thumbnail":0,"footnotes":""},"class_list":["post-768","page","type-page","status-publish","hentry"],"_links":{"self":[{"href":"https:\/\/www.cent.uo.edu.cu\/cenpis\/wp-json\/wp\/v2\/pages\/768","targetHints":{"allow":["GET"]}}],"collection":[{"href":"https:\/\/www.cent.uo.edu.cu\/cenpis\/wp-json\/wp\/v2\/pages"}],"about":[{"href":"https:\/\/www.cent.uo.edu.cu\/cenpis\/wp-json\/wp\/v2\/types\/page"}],"author":[{"embeddable":true,"href":"https:\/\/www.cent.uo.edu.cu\/cenpis\/wp-json\/wp\/v2\/users\/10"}],"replies":[{"embeddable":true,"href":"https:\/\/www.cent.uo.edu.cu\/cenpis\/wp-json\/wp\/v2\/comments?post=768"}],"version-history":[{"count":7,"href":"https:\/\/www.cent.uo.edu.cu\/cenpis\/wp-json\/wp\/v2\/pages\/768\/revisions"}],"predecessor-version":[{"id":791,"href":"https:\/\/www.cent.uo.edu.cu\/cenpis\/wp-json\/wp\/v2\/pages\/768\/revisions\/791"}],"wp:attachment":[{"href":"https:\/\/www.cent.uo.edu.cu\/cenpis\/wp-json\/wp\/v2\/media?parent=768"}],"curies":[{"name":"wp","href":"https:\/\/api.w.org\/{rel}","templated":true}]}}