{"id":777,"date":"2017-10-23T19:54:20","date_gmt":"2017-10-23T19:54:20","guid":{"rendered":"http:\/\/www.cent.uo.edu.cu\/cenpis\/?page_id=777"},"modified":"2017-10-23T20:01:15","modified_gmt":"2017-10-23T20:01:15","slug":"ano-2014","status":"publish","type":"page","link":"https:\/\/www.cent.uo.edu.cu\/cenpis\/ano-2014\/","title":{"rendered":"A\u00f1o: 2014"},"content":{"rendered":"<p><span style=\"color: #993300;font-size: 14pt\"><strong>Sesiones\u00a0Cient\u00edficas\u00a0CENPIS 2014<\/strong><\/span><\/p>\n<p><strong>\u00a0Enero<br \/>\n<\/strong><\/p>\n<ul>\n<li>Tema: \u201cDetecci\u00f3n del complejo QRS en la se\u00f1al electrocardiogr\u00e1fica usando transformada Wavelet\u201d<br \/>\nA cargo de:\u00a0 Ing.\u00a0 Jos\u00e9 Ledea Vargas<\/li>\n<li>Tema: \u201cM\u00e9todo para corregir artefactos en ECG multicanal usando entrop\u00eda y Wavelet\u201d<br \/>\nA cargo de: MSc. Ing. Beatr\u00edz Rodr\u00edguez Alvarez<\/li>\n<\/ul>\n<p><strong>Febrero<\/strong><\/p>\n<ul>\n<li>Tema: \u201cAplicaci\u00f3n para el an\u00e1lisis de la se\u00f1al de persecuci\u00f3n sinusoidal en movimientos oculares\u201d<br \/>\nA cargo de:\u00a0 Ing. Amed Moreno Rosendo<\/li>\n<\/ul>\n<p><strong>Mayo<\/strong><\/p>\n<ul>\n<li>Tema: (Ejercicio de Atestaci\u00f3n) \u201cProcesamiento l\u00e9xico y morfosint\u00e1ctico en presencia de d\u00e9ficits en los procesos de conversi\u00f3n ac\u00fastico-fon\u00e9mica.\u201d<br \/>\nA cargo de:\u00a0 MSc. Erislandy Omar Mart\u00ednez<\/li>\n<\/ul>\n<p><strong>Junio<\/strong><\/p>\n<ul>\n<li>Tema: (Ejercicio de Atestaci\u00f3n) \u201cProcesamiento visual para el movimiento y los trastornos del aprendizaje\u201d<br \/>\nA cargo de: Lic . Onelia Carballo Reina<\/li>\n<\/ul>\n<p><strong>Julio<\/strong><\/p>\n<ul>\n<li>Tema: \u201cRecuperaci\u00f3n de imagen de rayos X del formato de fichero IMG. Presentaci\u00f3n de nueva etapa de colaboraci\u00f3n con el CITI\u201d<br \/>\nA cargo de:\u00a0 Ing. Lic .\u00a0 Frank Sanabria Macias<\/li>\n<\/ul>\n<p><strong>Septiembre<\/strong><\/p>\n<ul>\n<li>Tema: \u201cM\u00e9todos de entrop\u00eda aplicados al an\u00e1lisis del Electroencefalograma\u201d<br \/>\nA cargo de: Ing. Karelia Oca\u00f1a La O<\/li>\n<\/ul>\n<p><strong>Octubre<\/strong><\/p>\n<ul>\n<li>Tema: \u201cEmpleo de la Transformada Wavelet en la detecci\u00f3n de complejos QRS\u201d<br \/>\nA cargo de: Ing. Jos\u00e9 R. Ledea Vargas<\/li>\n<li>Tema: \u201cDetecci\u00f3n autom\u00e1tica de espigas epil\u00e9pticas: una revisi\u00f3n del estado del arte\u201d<br \/>\nA cargo de: Ing. Yissel Rodr\u00edguez Aldana<\/li>\n<\/ul>\n<p><strong>Noviembre<\/strong><\/p>\n<ul>\n<li>Tema: \u201cSistema de servicios hospitalarios integrados en una sala de neurofisiolog\u00eda<br \/>\nde un hospital cl\u00ednico quir\u00fargico\u201d<br \/>\nA cargo de:\u00a0 Ing. Joan A. Aguilar Pe\u00f1a<\/li>\n<li>Tema: \u201cRecuperaci\u00f3n basada en contenido de im\u00e1genes de base de casquillo con huella de percusi\u00f3n central\u201d<br \/>\nA cargo de: Ing. Felipe Rodr\u00edguez Arias<\/li>\n<\/ul>\n<p><strong>Diciembre<\/strong><\/p>\n<ul>\n<li>Tema: \u201cSeguimiento de m\u00faltiples interlocutores en entornos inteligentes usando fusi\u00f3n audiovisual con \u00e9nfasis en localizaci\u00f3n de fuentes de voz\u201d<br \/>\nA cargo de: Ing. Lic. Frank Sanabria Macias<\/li>\n<\/ul>\n","protected":false},"excerpt":{"rendered":"<p>Sesiones\u00a0Cient\u00edficas\u00a0CENPIS 2014 \u00a0Enero Tema: \u201cDetecci\u00f3n del complejo QRS en la se\u00f1al electrocardiogr\u00e1fica usando transformada Wavelet\u201d A cargo de:\u00a0 Ing.\u00a0 Jos\u00e9 Ledea Vargas Tema: \u201cM\u00e9todo para corregir artefactos en ECG multicanal usando entrop\u00eda y Wavelet\u201d A cargo de: MSc. Ing. Beatr\u00edz &hellip; <a href=\"https:\/\/www.cent.uo.edu.cu\/cenpis\/ano-2014\/\">Sigue leyendo <span class=\"meta-nav\">&rarr;<\/span><\/a><\/p>\n","protected":false},"author":10,"featured_media":0,"parent":0,"menu_order":0,"comment_status":"closed","ping_status":"closed","template":"","meta":{"ngg_post_thumbnail":0,"footnotes":""},"class_list":["post-777","page","type-page","status-publish","hentry"],"_links":{"self":[{"href":"https:\/\/www.cent.uo.edu.cu\/cenpis\/wp-json\/wp\/v2\/pages\/777","targetHints":{"allow":["GET"]}}],"collection":[{"href":"https:\/\/www.cent.uo.edu.cu\/cenpis\/wp-json\/wp\/v2\/pages"}],"about":[{"href":"https:\/\/www.cent.uo.edu.cu\/cenpis\/wp-json\/wp\/v2\/types\/page"}],"author":[{"embeddable":true,"href":"https:\/\/www.cent.uo.edu.cu\/cenpis\/wp-json\/wp\/v2\/users\/10"}],"replies":[{"embeddable":true,"href":"https:\/\/www.cent.uo.edu.cu\/cenpis\/wp-json\/wp\/v2\/comments?post=777"}],"version-history":[{"count":6,"href":"https:\/\/www.cent.uo.edu.cu\/cenpis\/wp-json\/wp\/v2\/pages\/777\/revisions"}],"predecessor-version":[{"id":784,"href":"https:\/\/www.cent.uo.edu.cu\/cenpis\/wp-json\/wp\/v2\/pages\/777\/revisions\/784"}],"wp:attachment":[{"href":"https:\/\/www.cent.uo.edu.cu\/cenpis\/wp-json\/wp\/v2\/media?parent=777"}],"curies":[{"name":"wp","href":"https:\/\/api.w.org\/{rel}","templated":true}]}}