{"id":787,"date":"2017-10-23T20:02:14","date_gmt":"2017-10-23T20:02:14","guid":{"rendered":"http:\/\/www.cent.uo.edu.cu\/cenpis\/?page_id=787"},"modified":"2017-10-23T20:27:53","modified_gmt":"2017-10-23T20:27:53","slug":"ano-2016","status":"publish","type":"page","link":"https:\/\/www.cent.uo.edu.cu\/cenpis\/ano-2016\/","title":{"rendered":"A\u00f1o: 2016"},"content":{"rendered":"<p><span style=\"color: #993300;font-size: 14pt\"><strong>Sesiones\u00a0Cient\u00edficas\u00a0CENPIS 2016<\/strong><\/span><\/p>\n<p><strong>Febrero<\/strong><\/p>\n<ul>\n<li>Tema:\u00a0(Atestaci\u00f3n) \u201cDesarrollo de nuevos m\u00e9todos para el monitoreo de EEG continuo y medida del nivel de conciencia en pacientes con accidentes cerebrovasculares\u201d<br \/>\nA cargo de:\u00a0 MSc .\u00a0 Yissel Rodr\u00edguez Aldana<\/li>\n<\/ul>\n<p><strong>Marzo<\/strong><\/p>\n<ul>\n<li>Tema: \u201cIntroducci\u00f3n a Python con ejemplos pr\u00e1cticos para ingenier\u00eda\u201d<br \/>\nA cargo de:\u00a0 Ing. Erick Ram\u00edrez Torres (invitado)<\/li>\n<\/ul>\n<p><strong>Abril<\/strong><\/p>\n<ul>\n<li>Tema: \u201cRecuperaci\u00f3n basada en contenido en im\u00e1genes de rayos x mediante<br \/>\nhistogramas de palabras visuales\u201d<br \/>\nA cargo de:\u00a0 Ing. Felipe Rodr\u00edguez Arias<\/li>\n<\/ul>\n<p><strong>Mayo<\/strong><\/p>\n<ul>\n<li>Tema: \u201cDesarrollo de m\u00e9todos para la predicci\u00f3n de padecimiento de Enfermedad de Alzheimer en personas con Deterioro Cognitivo Leve\u201d<br \/>\nA cargo de: MSc. Jorge Esteban Santos Toural (invitado\u00a0 \u2013presentaci\u00f3n de tema de investigaci\u00f3n para doctorado-)<\/li>\n<li>Tema: \u201cDesarrollo de m\u00e9todos computacionales para el monitoreo intraoperatorio del estado de consciencia a partir del EEG\u201d<br \/>\nA cargo de la\u00a0 MSc. Tahimy Gonz\u00e1lez Rubio (invitada\u00a0 \u2013presentaci\u00f3n de tema de investigaci\u00f3n para doctorado-)<\/li>\n<\/ul>\n","protected":false},"excerpt":{"rendered":"<p>Sesiones\u00a0Cient\u00edficas\u00a0CENPIS 2016 Febrero Tema:\u00a0(Atestaci\u00f3n) \u201cDesarrollo de nuevos m\u00e9todos para el monitoreo de EEG continuo y medida del nivel de conciencia en pacientes con accidentes cerebrovasculares\u201d A cargo de:\u00a0 MSc .\u00a0 Yissel Rodr\u00edguez Aldana Marzo Tema: \u201cIntroducci\u00f3n a Python con ejemplos &hellip; <a href=\"https:\/\/www.cent.uo.edu.cu\/cenpis\/ano-2016\/\">Sigue leyendo <span class=\"meta-nav\">&rarr;<\/span><\/a><\/p>\n","protected":false},"author":10,"featured_media":0,"parent":0,"menu_order":0,"comment_status":"closed","ping_status":"closed","template":"","meta":{"ngg_post_thumbnail":0,"footnotes":""},"class_list":["post-787","page","type-page","status-publish","hentry"],"_links":{"self":[{"href":"https:\/\/www.cent.uo.edu.cu\/cenpis\/wp-json\/wp\/v2\/pages\/787","targetHints":{"allow":["GET"]}}],"collection":[{"href":"https:\/\/www.cent.uo.edu.cu\/cenpis\/wp-json\/wp\/v2\/pages"}],"about":[{"href":"https:\/\/www.cent.uo.edu.cu\/cenpis\/wp-json\/wp\/v2\/types\/page"}],"author":[{"embeddable":true,"href":"https:\/\/www.cent.uo.edu.cu\/cenpis\/wp-json\/wp\/v2\/users\/10"}],"replies":[{"embeddable":true,"href":"https:\/\/www.cent.uo.edu.cu\/cenpis\/wp-json\/wp\/v2\/comments?post=787"}],"version-history":[{"count":5,"href":"https:\/\/www.cent.uo.edu.cu\/cenpis\/wp-json\/wp\/v2\/pages\/787\/revisions"}],"predecessor-version":[{"id":798,"href":"https:\/\/www.cent.uo.edu.cu\/cenpis\/wp-json\/wp\/v2\/pages\/787\/revisions\/798"}],"wp:attachment":[{"href":"https:\/\/www.cent.uo.edu.cu\/cenpis\/wp-json\/wp\/v2\/media?parent=787"}],"curies":[{"name":"wp","href":"https:\/\/api.w.org\/{rel}","templated":true}]}}