{"id":789,"date":"2017-10-23T20:02:21","date_gmt":"2017-10-23T20:02:21","guid":{"rendered":"http:\/\/www.cent.uo.edu.cu\/cenpis\/?page_id=789"},"modified":"2017-10-23T20:42:06","modified_gmt":"2017-10-23T20:42:06","slug":"ano-2017","status":"publish","type":"page","link":"https:\/\/www.cent.uo.edu.cu\/cenpis\/ano-2017\/","title":{"rendered":"A\u00f1o: 2017"},"content":{"rendered":"<p><span style=\"color: #993300;font-size: 14pt\"><strong>Sesiones\u00a0Cient\u00edficas\u00a0CENPIS 2017<\/strong><\/span><\/p>\n<p><strong>Febrero<\/strong><\/p>\n<ul>\n<li>Tema: \u201cSistema Imagis\u201d<br \/>\nA cargo de:\u00a0 MSc .\u00a0 Henry Blanco Lores y MSc . Rolando Kindel\u00e1n Nu\u00f1ez (invitados)<\/li>\n<\/ul>\n<p><strong>Marzo<\/strong><\/p>\n<ul>\n<li>Tema: \u201cDesarrollo de una herramienta para el procesamiento y an\u00e1lisis del electrocardiograma ambulatorio\u201d<br \/>\nA cargo de:\u00a0 Ing. Amalia Villa G\u00f3mez (invitada -Estudiante de maestr\u00eda de la<br \/>\nUniversidad KU-Leuven, B\u00e9lgica-)<\/li>\n<\/ul>\n<p><strong>Septiembre<\/strong><\/p>\n<ul>\n<li>Tema: \u201cD\u00e9ficit en la percepci\u00f3n del movimiento en disl\u00e9xicos con trastorno de ortograf\u00eda que hablan espa\u00f1ol\u201d<br \/>\nA cargo de:\u00a0 MSc. Onelia Carballo Reina<\/li>\n<\/ul>\n<p><strong>Octubre<\/strong><\/p>\n<ul>\n<li>Tema: \u201cEstudio de manglares medianteim\u00e1genes satelitales\u201d<br \/>\nA cargo de: MSc.Yanet Cruz (invitada del Centro de Estudios de Manejo de Zonas Costeras. CEMZOC-)<\/li>\n<li>Tema: \u201cRedes de sensores inal\u00e1mbricospara estudios ambientales\u201d<br \/>\nA cargo de: MSc.L\u00eddice Romero A.<\/li>\n<\/ul>\n","protected":false},"excerpt":{"rendered":"<p>Sesiones\u00a0Cient\u00edficas\u00a0CENPIS 2017 Febrero Tema: \u201cSistema Imagis\u201d A cargo de:\u00a0 MSc .\u00a0 Henry Blanco Lores y MSc . Rolando Kindel\u00e1n Nu\u00f1ez (invitados) Marzo Tema: \u201cDesarrollo de una herramienta para el procesamiento y an\u00e1lisis del electrocardiograma ambulatorio\u201d A cargo de:\u00a0 Ing. Amalia &hellip; <a href=\"https:\/\/www.cent.uo.edu.cu\/cenpis\/ano-2017\/\">Sigue leyendo <span class=\"meta-nav\">&rarr;<\/span><\/a><\/p>\n","protected":false},"author":10,"featured_media":0,"parent":0,"menu_order":0,"comment_status":"closed","ping_status":"closed","template":"","meta":{"ngg_post_thumbnail":0,"footnotes":""},"class_list":["post-789","page","type-page","status-publish","hentry"],"_links":{"self":[{"href":"https:\/\/www.cent.uo.edu.cu\/cenpis\/wp-json\/wp\/v2\/pages\/789","targetHints":{"allow":["GET"]}}],"collection":[{"href":"https:\/\/www.cent.uo.edu.cu\/cenpis\/wp-json\/wp\/v2\/pages"}],"about":[{"href":"https:\/\/www.cent.uo.edu.cu\/cenpis\/wp-json\/wp\/v2\/types\/page"}],"author":[{"embeddable":true,"href":"https:\/\/www.cent.uo.edu.cu\/cenpis\/wp-json\/wp\/v2\/users\/10"}],"replies":[{"embeddable":true,"href":"https:\/\/www.cent.uo.edu.cu\/cenpis\/wp-json\/wp\/v2\/comments?post=789"}],"version-history":[{"count":4,"href":"https:\/\/www.cent.uo.edu.cu\/cenpis\/wp-json\/wp\/v2\/pages\/789\/revisions"}],"predecessor-version":[{"id":804,"href":"https:\/\/www.cent.uo.edu.cu\/cenpis\/wp-json\/wp\/v2\/pages\/789\/revisions\/804"}],"wp:attachment":[{"href":"https:\/\/www.cent.uo.edu.cu\/cenpis\/wp-json\/wp\/v2\/media?parent=789"}],"curies":[{"name":"wp","href":"https:\/\/api.w.org\/{rel}","templated":true}]}}