{"id":58,"date":"2013-02-25T20:38:34","date_gmt":"2013-02-25T20:38:34","guid":{"rendered":"http:\/\/www.cent.uo.edu.cu\/cees\/?page_id=58"},"modified":"2013-02-25T20:38:34","modified_gmt":"2013-02-25T20:38:34","slug":"cees","status":"publish","type":"page","link":"https:\/\/www.cent.uo.edu.cu\/ceped\/cees\/","title":{"rendered":"CeeS"},"content":{"rendered":"<p>El Centro de Estudios de la Educaci\u00f3n Superior se desempe\u00f1a\u00a0como centro de referencia, asesor\u00eda, y consultor\u00edas a profesionales e instituciones que trabajen en investigaciones sobre la Educaci\u00f3n Superior y la Gesti\u00f3n formativo-cultural de las instituciones de Educaci\u00f3n Superior y su realizaci\u00f3n en la sociedad, adem\u00e1s de \u00f3rgano colegiado para la valoraci\u00f3n de proyectos y resultados cient\u00edficos.<\/p>\n<p>Escuela con fundamentos epistemol\u00f3gicos propios, que se ha proyectado en el pa\u00eds y Am\u00e9rica Latina.\u00a0174 Doctores, en Cuba y el extranjero, de ellos 27 trabajan en la Universidad de Oriente, 12 son Gestores Acad\u00e9micos. Adem\u00e1s se han formado\u00a0344 Master.<\/p>\n","protected":false},"excerpt":{"rendered":"<p>El Centro de Estudios de la Educaci\u00f3n Superior se desempe\u00f1a\u00a0como centro de referencia, asesor\u00eda, y consultor\u00edas a profesionales e instituciones que trabajen en investigaciones sobre la Educaci\u00f3n Superior y la Gesti\u00f3n formativo-cultural de las instituciones de Educaci\u00f3n Superior y su realizaci\u00f3n en la sociedad, adem\u00e1s de \u00f3rgano colegiado para la valoraci\u00f3n de proyectos y resultados [&#8230;]<\/p>\n","protected":false},"author":6,"featured_media":0,"parent":0,"menu_order":1,"comment_status":"open","ping_status":"open","template":"","meta":{"ngg_post_thumbnail":0,"footnotes":""},"class_list":["post-58","page","type-page","status-publish","hentry"],"_links":{"self":[{"href":"https:\/\/www.cent.uo.edu.cu\/ceped\/wp-json\/wp\/v2\/pages\/58","targetHints":{"allow":["GET"]}}],"collection":[{"href":"https:\/\/www.cent.uo.edu.cu\/ceped\/wp-json\/wp\/v2\/pages"}],"about":[{"href":"https:\/\/www.cent.uo.edu.cu\/ceped\/wp-json\/wp\/v2\/types\/page"}],"author":[{"embeddable":true,"href":"https:\/\/www.cent.uo.edu.cu\/ceped\/wp-json\/wp\/v2\/users\/6"}],"replies":[{"embeddable":true,"href":"https:\/\/www.cent.uo.edu.cu\/ceped\/wp-json\/wp\/v2\/comments?post=58"}],"version-history":[{"count":2,"href":"https:\/\/www.cent.uo.edu.cu\/ceped\/wp-json\/wp\/v2\/pages\/58\/revisions"}],"predecessor-version":[{"id":60,"href":"https:\/\/www.cent.uo.edu.cu\/ceped\/wp-json\/wp\/v2\/pages\/58\/revisions\/60"}],"wp:attachment":[{"href":"https:\/\/www.cent.uo.edu.cu\/ceped\/wp-json\/wp\/v2\/media?parent=58"}],"curies":[{"name":"wp","href":"https:\/\/api.w.org\/{rel}","templated":true}]}}