{"id":150,"date":"2013-01-22T09:17:55","date_gmt":"2013-01-22T14:17:55","guid":{"rendered":"http:\/\/www.cent.uo.edu.cu\/cnea\/?page_id=150"},"modified":"2016-06-27T17:34:43","modified_gmt":"2016-06-27T21:34:43","slug":"productos","status":"publish","type":"page","link":"https:\/\/www.cent.uo.edu.cu\/cnea\/direccion-de-transferencia\/productos\/","title":{"rendered":"Productos"},"content":{"rendered":"<p style=\"padding-left: 30px;text-align: justify\"><span style=\"font-size: small\"><strong>Acondicionadores Magn\u00e9ticos (magnetizadores):<\/strong> Empleados en el tratamiento magn\u00e9tico a fluidos. Aplicable en diferentes sistemas ingenieros para prevenir y\/o disminuir la formaci\u00f3n de incrustaciones en diferentes sistemas industriales donde existe intercambio de calor (calderas, calentadores, sistemas de enfriamiento, lavadoras de botellas, columnas de destilaci\u00f3n, etc.), contribuyendo a reducir el efecto de gases contaminantes.<\/span><\/p>\n<ul>\n<li><a href=\"http:\/\/www.cent.uo.edu.cu\/cnea\/direccion-de-transferencia\/productos\/magnetizadores\/\">MIPEXT\u00ae<\/a><\/li>\n<\/ul>\n<ul>\n<li><a href=\"http:\/\/www.cent.uo.edu.cu\/cnea\/direccion-de-transferencia\/productos\/magnetizadores-i\/\">NOVAMAG\u00ae<\/a><\/li>\n<\/ul>\n<p style=\"padding-left: 30px;text-align: justify\"><strong>Separadores de Part\u00edculas Ferromagn\u00e9ticas:<\/strong> \u00a0Dise\u00f1ados para separar part\u00edculas ferrosas en ambientes industriales y de laboratorio<\/p>\n<ul style=\"text-align: justify\">\n<li><a href=\"http:\/\/www.cent.uo.edu.cu\/cnea\/direccion-de-transferencia\/productos\/separadores-de-particulas-ferromagneticas\/ferromag\/\">FERROMAG\u00ae<\/a><\/li>\n<\/ul>\n<ul style=\"text-align: justify\">\n<li><a href=\"http:\/\/www.cent.uo.edu.cu\/cnea\/direccion-de-transferencia\/productos\/separadores-de-particulas-ferromagneticas\/ferrolab\/\">\u00a0FERROLAB\u00ae<\/a><\/li>\n<\/ul>\n<p style=\"padding-left: 30px;text-align: justify\"><strong>Estimulador Magn\u00e9tico Local:<\/strong> Orientado al tratamiento de afecciones dermatol\u00f3gicas, ginecol\u00f3gicas y a la rehabilitaci\u00f3n ortop\u00e9dica.<\/p>\n<ul>\n<li>\n<p style=\"padding-left: 30px;text-align: justify\"><!-- [if gte mso 9]&gt;--><\/p>\n<p style=\"text-align: justify\" align=\"left\"><a href=\"http:\/\/www.cent.uo.edu.cu\/cnea\/direccion-de-transferencia\/productos\/estimulador-nak\/\">NaK\u00ae<\/a><\/p>\n<\/li>\n<\/ul>\n","protected":false},"excerpt":{"rendered":"<p>Acondicionadores Magn\u00e9ticos (magnetizadores): Empleados en el tratamiento magn\u00e9tico a fluidos. Aplicable en diferentes sistemas ingenieros para prevenir y\/o disminuir la formaci\u00f3n de incrustaciones en diferentes [&#8230;]<\/p>\n","protected":false},"author":4,"featured_media":0,"parent":122,"menu_order":0,"comment_status":"closed","ping_status":"closed","template":"","meta":{"ngg_post_thumbnail":0,"footnotes":""},"class_list":["post-150","page","type-page","status-publish","hentry"],"_links":{"self":[{"href":"https:\/\/www.cent.uo.edu.cu\/cnea\/wp-json\/wp\/v2\/pages\/150","targetHints":{"allow":["GET"]}}],"collection":[{"href":"https:\/\/www.cent.uo.edu.cu\/cnea\/wp-json\/wp\/v2\/pages"}],"about":[{"href":"https:\/\/www.cent.uo.edu.cu\/cnea\/wp-json\/wp\/v2\/types\/page"}],"author":[{"embeddable":true,"href":"https:\/\/www.cent.uo.edu.cu\/cnea\/wp-json\/wp\/v2\/users\/4"}],"replies":[{"embeddable":true,"href":"https:\/\/www.cent.uo.edu.cu\/cnea\/wp-json\/wp\/v2\/comments?post=150"}],"version-history":[{"count":25,"href":"https:\/\/www.cent.uo.edu.cu\/cnea\/wp-json\/wp\/v2\/pages\/150\/revisions"}],"predecessor-version":[{"id":2313,"href":"https:\/\/www.cent.uo.edu.cu\/cnea\/wp-json\/wp\/v2\/pages\/150\/revisions\/2313"}],"up":[{"embeddable":true,"href":"https:\/\/www.cent.uo.edu.cu\/cnea\/wp-json\/wp\/v2\/pages\/122"}],"wp:attachment":[{"href":"https:\/\/www.cent.uo.edu.cu\/cnea\/wp-json\/wp\/v2\/media?parent=150"}],"curies":[{"name":"wp","href":"https:\/\/api.w.org\/{rel}","templated":true}]}}