{"id":155,"date":"2013-01-22T09:24:03","date_gmt":"2013-01-22T14:24:03","guid":{"rendered":"http:\/\/www.cent.uo.edu.cu\/cnea\/?page_id=155"},"modified":"2017-03-02T17:08:22","modified_gmt":"2017-03-02T22:08:22","slug":"estimulador-nak","status":"publish","type":"page","link":"https:\/\/www.cent.uo.edu.cu\/cnea\/direccion-de-transferencia\/productos\/estimulador-nak\/","title":{"rendered":"Estimulador NaK"},"content":{"rendered":"<p style=\"text-align: left\"><b><a href=\"http:\/\/www.cent.uo.edu.cu\/cnea\/files\/2013\/01\/nak.jpg\"><img loading=\"lazy\" decoding=\"async\" class=\"  wp-image-3164 alignleft\" src=\"http:\/\/www.cent.uo.edu.cu\/cnea\/files\/2013\/01\/nak-300x225.jpg\" alt=\"nak\" width=\"179\" height=\"134\" srcset=\"https:\/\/www.cent.uo.edu.cu\/cnea\/files\/2013\/01\/nak-300x225.jpg 300w, https:\/\/www.cent.uo.edu.cu\/cnea\/files\/2013\/01\/nak-1024x768.jpg 1024w, https:\/\/www.cent.uo.edu.cu\/cnea\/files\/2013\/01\/nak.jpg 1280w\" sizes=\"auto, (max-width: 179px) 100vw, 179px\" \/><\/a>FICHA T\u00c9CNICA DEL PRODUCTO<\/b><\/p>\n<p><b><b>Nombre Comercial:<\/b>\u00a0Estimulador Magn\u00e9tico Local NaK<\/b><\/p>\n<p><b>Modelo<\/b>: Nak- 02<\/p>\n<p>Registro \/ Patente:\u00a0Patente\u00a022846\/2003 Estimulador Magn\u00e9tico Local y marca registrada:\u00a0\u00a0\u00a0NaK 122761\/1995<\/p>\n<p><b>\u00a0<\/b><b>Principales Caracter\u00edsticas T\u00e9cnicas:<\/b><\/p>\n<ul>\n<li>Tensi\u00f3n de la red &#8230;&#8230;&#8230;&#8230;&#8230;&#8230;&#8230;&#8230;&#8230;&#8230;&#8230;..110 \u00b1 10 V<\/li>\n<\/ul>\n<ul>\n<li>Frecuencia de la red&#8230;&#8230;&#8230;&#8230;&#8230;&#8230;&#8230;&#8230;&#8230;&#8230;&#8230;&#8230;60 \u00b1 1Hz<\/li>\n<\/ul>\n<ul>\n<li>Potencia m\u00e1xima de entrada&#8230;&#8230;&#8230;&#8230;&#8230;&#8230;&#8230;&#8230;&#8230;&#8230;35 W<\/li>\n<\/ul>\n<ul>\n<li>Aplicadores\u00a0\u00a0&#8230;&#8230;&#8230;&#8230;&#8230;&#8230;&#8230;&#8230;.. Tres tipos: A, B y Puntero<\/li>\n<\/ul>\n<ul>\n<li>Frecuencia del campo magn\u00e9tico&#8230;&#8230;&#8230;&#8230;&#8230;&#8230;..60 \u00b1 1Hz<\/li>\n<\/ul>\n<ul>\n<li>Inducci\u00f3n magn\u00e9tica &#8230;&#8230;&#8230;&#8230;&#8230;&#8230;&#8230;&#8230;&#8230;&#8230;&#8230;&#8230;9 \u2013 165 Gss<\/li>\n<\/ul>\n<ul>\n<li>R\u00e9gimen de trabajo&#8230;&#8230;&#8230;&#8230;&#8230;&#8230;&#8230;&#8230;&#8230;&#8230;&#8230;&#8230;&#8230;&#8230;..Continuo<\/li>\n<\/ul>\n<ul>\n<li>\u00a0\u00a0Formas de onda disponibles: Sinusoidal, media onda, onda completa ycuadrada.<\/li>\n<\/ul>\n<p style=\"text-align: justify\"><b>Principales Aplicaciones:<\/b><\/p>\n<p style=\"text-align: justify\">La magnetoterapia es un m\u00e9todo mediante el cual se aplican campos magn\u00e9ticos variables o constantes sobre el organismo humano. Este proceder terap\u00e9utico es econ\u00f3mico, de f\u00e1cil aplicaci\u00f3n y menos invasivo que otros m\u00e9todos utilizados en la pr\u00e1ctica m\u00e9dica actual.\u00a0La acci\u00f3n de los campos magn\u00e9ticos de baja frecuencia conduce a la normalizaci\u00f3n del estado energ\u00e9tico de la c\u00e9lula, resta\u00adbleciendo el equilibrio i\u00f3nico a trav\u00e9s de la membrana celular; se produce tambi\u00e9n una mejor irrigaci\u00f3n sangu\u00ednea, lo cual favo\u00adrece el aporte de ox\u00edgeno en la zona tratada. Se aplican en diferentes especiales m\u00e9dicas tales como: Medicina F\u00edsica y Rehabilitaci\u00f3n, Ortopedia, Dermatolog\u00eda, Medicina Natural y Tradicional, Ginecolog\u00eda, Medicina Deportiva, Angiolog\u00eda, Neurolog\u00eda, etc.<b><br \/>\n<\/b><\/p>\n<p style=\"text-align: justify\"><b>Principales Resultados Obtenidos:<\/b><\/p>\n<ul style=\"text-align: justify\">\n<li>Terapia muy eficiente en el alivio de diferentes enfermedades oseas articulares, patolog\u00edas inflamatorias como\u00a0la Inflamaci\u00f3n\u00a0P\u00e9lvica, enfermedades de la piel como\u00a0la Psoriasis\u00a0Vulgar, Dermatitis, Acn\u00e9, Insuficiencia arterial, \u00falceras venosas, cicatrizaci\u00f3n de heridas, consolidaci\u00f3n de fracturas, tratamiento de neuralgias.<\/li>\n<\/ul>\n<ul style=\"text-align: justify\">\n<li>19 prototipos construidos, 4 de ellos en explotaci\u00f3n, este a\u00f1o se incorpora el resto a los procesos de fabricaci\u00f3n.<\/li>\n<\/ul>\n<ul style=\"text-align: justify\">\n<li>Sistema de Gesti\u00f3n de Calidad ISO 9001 implantado para su producci\u00f3n, se trabaja en su perfeccionamiento con vista a la futura certificaci\u00f3n de las producciones.<\/li>\n<\/ul>\n<ul style=\"text-align: justify\">\n<li>Registro como fabricante de equipos m\u00e9dicos ante el CCEEM<\/li>\n<\/ul>\n<p style=\"text-align: justify\"><b>Entidades Beneficiadas:<\/b><b><br \/>\n<\/b><\/p>\n<ul style=\"text-align: justify\">\n<li>Equipos instalados y funcionando con \u00e9xito en el Hospital Ginecobst\u00e9trico \u2018Tamara Bunke\u201d de Santiago de Cuba con m\u00e1s de 300 pacientes tratados en dos a\u00f1os.<\/li>\n<\/ul>\n<ul style=\"text-align: justify\">\n<li>Hospital de Tropas de Fine Cardenas, Matanzas con m\u00e1s de 1000 pacientes tratados.<\/li>\n<\/ul>\n<ul style=\"text-align: justify\">\n<li>Hospital Militar\u00a0\u00a0\u201cJoaquin Castillo Duany\u2019\u00a0\u00a0tuvo un prototipo anterior, ahora ser\u00e1 beneficiado como resultado de un proyecto MES-CNEA-Citma Territorial con nuevos equipos.<\/li>\n<\/ul>\n<p style=\"text-align: justify\"><b>ver <a href=\"http:\/\/www.cent.uo.edu.cu\/cnea\/direccion-de-transferencia\/referencias\/2\/\" target=\"_blank\">Referencias<\/a><\/b><\/p>\n","protected":false},"excerpt":{"rendered":"<p><a href=\"http:\/\/www.cent.uo.edu.cu\/cnea\/files\/2013\/01\/nak.jpg\"><\/a>FICHA T\u00c9CNICA DEL PRODUCTO Nombre Comercial:\u00a0Estimulador Magn\u00e9tico Local NaK Modelo: Nak- 02 Registro \/ Patente:\u00a0Patente\u00a022846\/2003 Estimulador Magn\u00e9tico Local y marca registrada:\u00a0\u00a0\u00a0NaK 122761\/1995 \u00a0Principales Caracter\u00edsticas [&#8230;]<\/p>\n","protected":false},"author":4,"featured_media":0,"parent":150,"menu_order":0,"comment_status":"closed","ping_status":"closed","template":"","meta":{"ngg_post_thumbnail":0,"footnotes":""},"class_list":["post-155","page","type-page","status-publish","hentry"],"_links":{"self":[{"href":"https:\/\/www.cent.uo.edu.cu\/cnea\/wp-json\/wp\/v2\/pages\/155","targetHints":{"allow":["GET"]}}],"collection":[{"href":"https:\/\/www.cent.uo.edu.cu\/cnea\/wp-json\/wp\/v2\/pages"}],"about":[{"href":"https:\/\/www.cent.uo.edu.cu\/cnea\/wp-json\/wp\/v2\/types\/page"}],"author":[{"embeddable":true,"href":"https:\/\/www.cent.uo.edu.cu\/cnea\/wp-json\/wp\/v2\/users\/4"}],"replies":[{"embeddable":true,"href":"https:\/\/www.cent.uo.edu.cu\/cnea\/wp-json\/wp\/v2\/comments?post=155"}],"version-history":[{"count":13,"href":"https:\/\/www.cent.uo.edu.cu\/cnea\/wp-json\/wp\/v2\/pages\/155\/revisions"}],"predecessor-version":[{"id":3165,"href":"https:\/\/www.cent.uo.edu.cu\/cnea\/wp-json\/wp\/v2\/pages\/155\/revisions\/3165"}],"up":[{"embeddable":true,"href":"https:\/\/www.cent.uo.edu.cu\/cnea\/wp-json\/wp\/v2\/pages\/150"}],"wp:attachment":[{"href":"https:\/\/www.cent.uo.edu.cu\/cnea\/wp-json\/wp\/v2\/media?parent=155"}],"curies":[{"name":"wp","href":"https:\/\/api.w.org\/{rel}","templated":true}]}}