{"id":2105,"date":"2015-05-26T10:39:10","date_gmt":"2015-05-26T14:39:10","guid":{"rendered":"http:\/\/www.cent.uo.edu.cu\/cnea\/?page_id=2105"},"modified":"2015-07-01T12:17:16","modified_gmt":"2015-07-01T16:17:16","slug":"comunicacion","status":"publish","type":"page","link":"https:\/\/www.cent.uo.edu.cu\/cnea\/comunicacion\/","title":{"rendered":"Comunicaci\u00f3n"},"content":{"rendered":"<p style=\"text-align: justify\">La pol\u00edtica de comunicaci\u00f3n del CNEA est\u00e1 enfocada hacia el desarrollo de los diversos medios de informaci\u00f3n, el perfeccionamiento de la cultura y los valores organizacionales de la instituci\u00f3n, con el fin de aumentar la competitividad y el buen desempe\u00f1o laboral, encaminados a la aplicaci\u00f3n del electromagnetismo\u00a0para lograr impactos en la industria, la agricultura, la salud y el medio ambiente.<\/p>\n","protected":false},"excerpt":{"rendered":"<p>La pol\u00edtica de comunicaci\u00f3n del CNEA est\u00e1 enfocada hacia el desarrollo de los diversos medios de informaci\u00f3n, el perfeccionamiento de la cultura y los valores [&#8230;]<\/p>\n","protected":false},"author":14,"featured_media":0,"parent":0,"menu_order":0,"comment_status":"closed","ping_status":"closed","template":"","meta":{"ngg_post_thumbnail":0,"footnotes":""},"class_list":["post-2105","page","type-page","status-publish","hentry"],"_links":{"self":[{"href":"https:\/\/www.cent.uo.edu.cu\/cnea\/wp-json\/wp\/v2\/pages\/2105","targetHints":{"allow":["GET"]}}],"collection":[{"href":"https:\/\/www.cent.uo.edu.cu\/cnea\/wp-json\/wp\/v2\/pages"}],"about":[{"href":"https:\/\/www.cent.uo.edu.cu\/cnea\/wp-json\/wp\/v2\/types\/page"}],"author":[{"embeddable":true,"href":"https:\/\/www.cent.uo.edu.cu\/cnea\/wp-json\/wp\/v2\/users\/14"}],"replies":[{"embeddable":true,"href":"https:\/\/www.cent.uo.edu.cu\/cnea\/wp-json\/wp\/v2\/comments?post=2105"}],"version-history":[{"count":4,"href":"https:\/\/www.cent.uo.edu.cu\/cnea\/wp-json\/wp\/v2\/pages\/2105\/revisions"}],"predecessor-version":[{"id":2477,"href":"https:\/\/www.cent.uo.edu.cu\/cnea\/wp-json\/wp\/v2\/pages\/2105\/revisions\/2477"}],"wp:attachment":[{"href":"https:\/\/www.cent.uo.edu.cu\/cnea\/wp-json\/wp\/v2\/media?parent=2105"}],"curies":[{"name":"wp","href":"https:\/\/api.w.org\/{rel}","templated":true}]}}