{"id":2233,"date":"2015-05-27T16:48:04","date_gmt":"2015-05-27T20:48:04","guid":{"rendered":"http:\/\/www.cent.uo.edu.cu\/cnea\/?page_id=2233"},"modified":"2016-03-14T16:00:54","modified_gmt":"2016-03-14T20:00:54","slug":"diplomados","status":"publish","type":"page","link":"https:\/\/www.cent.uo.edu.cu\/cnea\/diplomados\/","title":{"rendered":"Diplomados"},"content":{"rendered":"<ul>\n<li><span style=\"font-size: 10pt\"><b>\u00a0Campos Electromagn\u00e9ticos en la Agricultura y Biotecnolog\u00eda<\/b><\/span><\/li>\n<\/ul>\n<p><span style=\"font-size: 10pt\">Coordinador: Dra C. Clara Esther Mart\u00ednez Manrique\u00a0\u00a0\u00a0\u00a0 e-mail: <span style=\"color: #0000ff\">clarita@uo.edu.cu<\/span><br \/>\n<\/span><\/p>\n<ul>\n<li><span style=\"font-size: 10pt\"><b>Aplicaciones del Campo Electromagn\u00e9tico en la Salud<\/b><\/span><\/li>\n<\/ul>\n<p><span style=\"font-size: 10pt\">Coordinador:\u00a0 Dr C. H\u00e9ctor Camu\u00e9 Ciria\u00a0 \u00a0 \u00a0 e-mail: <span style=\"color: #0000ff\">camuec@uo.edu.cu<\/span><br \/>\n<\/span><\/p>\n<ul>\n<li><span style=\"font-size: 10pt\"><b>Tratamiento Magn\u00e9tico en Sistemas\u00a0 Ingenieros<\/b><\/span><\/li>\n<\/ul>\n<p><span style=\"font-size: 10pt\">Coordinador:\u00a0 Dr C. Guillermo Ribeaux Kindel\u00e1n \u00a0\u00a0 e-mail: <span style=\"color: #0000ff\">ribeaux@uo.edu.cu<\/span><br \/>\n<\/span><\/p>\n<ul>\n<li><span style=\"font-size: 10pt\"><b>Comunicaci\u00f3n de las Ciencias<\/b><\/span><\/li>\n<\/ul>\n<p><span style=\"font-size: 10pt\">Coordinador:\u00a0 MSc. M\u00f3nica R. Berenguer \u00dangaro\u00a0 \u00a0 \u00a0 e-mail: <span style=\"color: #0000ff\">monicab@uo.edu.cu<\/span><br \/>\n<\/span><\/p>\n","protected":false},"excerpt":{"rendered":"<p>\u00a0Campos Electromagn\u00e9ticos en la Agricultura y Biotecnolog\u00eda Coordinador: Dra C. Clara Esther Mart\u00ednez Manrique\u00a0\u00a0\u00a0\u00a0 e-mail: clarita@uo.edu.cu Aplicaciones del Campo Electromagn\u00e9tico en la Salud Coordinador:\u00a0 Dr [&#8230;]<\/p>\n","protected":false},"author":14,"featured_media":0,"parent":0,"menu_order":0,"comment_status":"closed","ping_status":"closed","template":"","meta":{"ngg_post_thumbnail":0,"footnotes":""},"class_list":["post-2233","page","type-page","status-publish","hentry"],"_links":{"self":[{"href":"https:\/\/www.cent.uo.edu.cu\/cnea\/wp-json\/wp\/v2\/pages\/2233","targetHints":{"allow":["GET"]}}],"collection":[{"href":"https:\/\/www.cent.uo.edu.cu\/cnea\/wp-json\/wp\/v2\/pages"}],"about":[{"href":"https:\/\/www.cent.uo.edu.cu\/cnea\/wp-json\/wp\/v2\/types\/page"}],"author":[{"embeddable":true,"href":"https:\/\/www.cent.uo.edu.cu\/cnea\/wp-json\/wp\/v2\/users\/14"}],"replies":[{"embeddable":true,"href":"https:\/\/www.cent.uo.edu.cu\/cnea\/wp-json\/wp\/v2\/comments?post=2233"}],"version-history":[{"count":5,"href":"https:\/\/www.cent.uo.edu.cu\/cnea\/wp-json\/wp\/v2\/pages\/2233\/revisions"}],"predecessor-version":[{"id":2676,"href":"https:\/\/www.cent.uo.edu.cu\/cnea\/wp-json\/wp\/v2\/pages\/2233\/revisions\/2676"}],"wp:attachment":[{"href":"https:\/\/www.cent.uo.edu.cu\/cnea\/wp-json\/wp\/v2\/media?parent=2233"}],"curies":[{"name":"wp","href":"https:\/\/api.w.org\/{rel}","templated":true}]}}