{"id":2557,"date":"2015-07-16T13:02:40","date_gmt":"2015-07-16T17:02:40","guid":{"rendered":"http:\/\/www.cent.uo.edu.cu\/cnea\/?page_id=2557"},"modified":"2019-04-23T10:05:16","modified_gmt":"2019-04-23T14:05:16","slug":"convocatorias","status":"publish","type":"page","link":"https:\/\/www.cent.uo.edu.cu\/cnea\/convocatorias\/","title":{"rendered":"Convocatorias"},"content":{"rendered":"<p>El Centro Nacional de Electromagnetismo Aplicado se complace en invitarle a participar en:<\/p>\n<ul>\n<li><a href=\"http:\/\/www.cent.uo.edu.cu\/cnea\/files\/2019\/04\/TALLER-CAMU\u00c9-ET-AL.png\">Taller: Estimulaci\u00f3n Magn\u00e9tica y El\u00e9ctrica y Tratamiento para la Salud del 6 al 10 de mayo de 2019.<\/a><\/li>\n<li><a href=\"http:\/\/www.cent.uo.edu.cu\/cnea\/files\/2019\/04\/TALLER-YILAN-ET-AL.png\">Taller: Aplicaciones del Electromagnetismo en Agricultura y Biotecnolog\u00eda del 20 al 24 de mayo de 2019.<\/a><\/li>\n<li><a href=\"http:\/\/www.cent.uo.edu.cu\/cnea\/files\/2019\/04\/convocatoria-cnea-2021-esp.pdf\">IX Conferencia de Electromagnetismo Aplicado CNEA del 12 al 14 de mayo de 2021<\/a><\/li>\n<\/ul>\n","protected":false},"excerpt":{"rendered":"<p>El Centro Nacional de Electromagnetismo Aplicado se complace en invitarle a participar en: <a href=\"http:\/\/www.cent.uo.edu.cu\/cnea\/files\/2019\/04\/TALLER-CAMU\u00c9-ET-AL.png\">Taller: Estimulaci\u00f3n Magn\u00e9tica y El\u00e9ctrica y Tratamiento para la Salud del [&#8230;]<\/p>\n","protected":false},"author":14,"featured_media":0,"parent":0,"menu_order":0,"comment_status":"closed","ping_status":"closed","template":"","meta":{"ngg_post_thumbnail":0,"footnotes":""},"class_list":["post-2557","page","type-page","status-publish","hentry"],"_links":{"self":[{"href":"https:\/\/www.cent.uo.edu.cu\/cnea\/wp-json\/wp\/v2\/pages\/2557","targetHints":{"allow":["GET"]}}],"collection":[{"href":"https:\/\/www.cent.uo.edu.cu\/cnea\/wp-json\/wp\/v2\/pages"}],"about":[{"href":"https:\/\/www.cent.uo.edu.cu\/cnea\/wp-json\/wp\/v2\/types\/page"}],"author":[{"embeddable":true,"href":"https:\/\/www.cent.uo.edu.cu\/cnea\/wp-json\/wp\/v2\/users\/14"}],"replies":[{"embeddable":true,"href":"https:\/\/www.cent.uo.edu.cu\/cnea\/wp-json\/wp\/v2\/comments?post=2557"}],"version-history":[{"count":15,"href":"https:\/\/www.cent.uo.edu.cu\/cnea\/wp-json\/wp\/v2\/pages\/2557\/revisions"}],"predecessor-version":[{"id":4217,"href":"https:\/\/www.cent.uo.edu.cu\/cnea\/wp-json\/wp\/v2\/pages\/2557\/revisions\/4217"}],"wp:attachment":[{"href":"https:\/\/www.cent.uo.edu.cu\/cnea\/wp-json\/wp\/v2\/media?parent=2557"}],"curies":[{"name":"wp","href":"https:\/\/api.w.org\/{rel}","templated":true}]}}