{"id":2760,"date":"2016-06-25T11:30:43","date_gmt":"2016-06-25T15:30:43","guid":{"rendered":"http:\/\/www.cent.uo.edu.cu\/cnea\/?page_id=2760"},"modified":"2016-12-06T11:40:11","modified_gmt":"2016-12-06T16:40:11","slug":"eventos-cnea","status":"publish","type":"page","link":"https:\/\/www.cent.uo.edu.cu\/cnea\/direccion-de-investigacion\/eventos\/eventos-cnea\/","title":{"rendered":"Eventos CNEA"},"content":{"rendered":"<p style=\"text-align: justify\"><strong>CNEA&#8217;2017<\/strong><\/p>\n<p style=\"text-align: justify\">La VII Conferencia de Electromagnetismo Aplicado tendr\u00e1 lugar entre el 5-7 de abril 2017.<\/p>\n<p style=\"text-align: justify\"><strong>CNEA&#8217; 2015<\/strong><\/p>\n<p style=\"text-align: justify\">La VI Conferencia de Electromagnetismo Aplicado se celebr\u00f3 en el CNEA, entre el 5 y el 8 de mayo, como parte de lo que se dio en llamar <strong>Jornada Cient\u00edfica CNEA\u20192015<\/strong>, que incluy\u00f3 la celebraci\u00f3n del <strong>V Foro de Comunicaci\u00f3n de las Ciencias<\/strong> (4 y 5 de mayo). En esta oportunidad, participaron m\u00e1s de 60 delegados de Cuba, M\u00e9xico, Chile, Colombia y Ecuador.<\/p>\n<p style=\"text-align: justify\">Previo a las secciones de debates, se desarrollaron cursos pre-eventos, impartidos por investigadores del CNEA.<\/p>\n<p style=\"text-align: justify\">El Dr.C. Ricardo Hodel\u00edn Tablada, ofreci\u00f3 una conferencia magistral sobre la bio\u00e9tica en las publicaciones cient\u00edficas. Por su parte el MSc. Emmanuel Trovar, nos proporcion\u00f3 oportunamente, conocimientos sobre la inocuidad de los alimentos, y las garant\u00edas que ofrece en este sentido, el uso de los campos magn\u00e9ticos. Por \u00faltimo, en la segunda jornada, la Conferencia Magistral de la Dra.C Clara Mart\u00ednez, mostr\u00f3 resultados sobre el tratamiento magn\u00e9tico en sistemas acuosos, y sus aplicaciones en la salud.<\/p>\n<p style=\"text-align: justify\">Como es costumbre, el evento sesion\u00f3 con cuatro comisiones relacionadas con el uso de los campos electromagn\u00e9ticos en: la industria, la agricultura y la biotecnolog\u00eda, la salud; y una comisi\u00f3n sobre la compatibilidad electromagn\u00e9tica y la metrolog\u00eda.<\/p>\n<p style=\"text-align: justify\">En el marco de la VI Conferencia de Electromagnetismo Aplicado, se firmaron convenios de colaboraci\u00f3n entre la Universidad de Oriente, el CNEA y el Instituto Superior Central T\u00e9cnico de Quito-Ecuador, y se consider\u00f3 establecer convenios bilaterales con: <a href=\"http:\/\/www.ucaldas.edu.co\/portal\/\">Universidad de Caldas<\/a>, <a href=\"https:\/\/www.uach.cl\/\">Universidad Austral de Chile<\/a>, <a href=\"http:\/\/www.uptc.edu.co\/\">Universidad Pedag\u00f3gica y Tecnol\u00f3gica de Colombia<\/a> e Instituciones Cubanas como la <a href=\"http:\/\/www.udg.co.cu\/\">Universidad de Granma<\/a>, <a href=\"http:\/\/www.unica.cu\/\">Universidad de Ciego de \u00c1vila<\/a> y el Instituto Nacional de Investigaciones Fundamentales de Agricultura Tropical, perteneciente al Ministerio de la Agricultura de Cuba, con el objetivo de integrar acciones, aunar criterios y elevar a\u00fan m\u00e1s; la calidad de las investigaciones de las aplicaciones de los campos magn\u00e9ticos.<\/p>\n<p style=\"text-align: justify\"><strong>CNEA&#8217; 2013<\/strong><\/p>\n<p style=\"text-align: justify\">Del 9 al 11 de abril tuvo lugar la <strong>V Conferencia de Electromagnetismo Aplicado<\/strong>. Un total de 81 delegados, provenientes de Cuba, Argentina, Brasil, Colombia, Ecuador y M\u00e9xico, se interesaron en esta cita.<\/p>\n<p style=\"text-align: justify\">Una vez m\u00e1s, el evento fue seguido de cerca desde la web, con la publicaci\u00f3n de rese\u00f1as diarias sobre lo que ten\u00eda lugar en los salones del CNEA. Esta cobertura es posible encontrarla en el siguiente enlace: <a href=\"http:\/\/www.cent.uo.edu.cu\/cnea\/tag\/v-conferencia-de-electromagnetismo-aplicado\/\">IV Conferencia de Electromagnetismo Aplicado CNEA\u20192013.<\/a><\/p>\n<p style=\"text-align: justify\"><strong>CNEA&#8217; 2011<\/strong><\/p>\n<div id=\"attachment_2769\" style=\"width: 290px\" class=\"wp-caption alignright\"><a href=\"http:\/\/www.cent.uo.edu.cu\/cnea\/files\/2016\/06\/LOGO-EVENTO-CNEA.png\"><img loading=\"lazy\" decoding=\"async\" aria-describedby=\"caption-attachment-2769\" class=\" wp-image-2769\" src=\"http:\/\/www.cent.uo.edu.cu\/cnea\/files\/2016\/06\/LOGO-EVENTO-CNEA.png\" alt=\"Nuevo logotipo identificativo de los eventos CNEA\" width=\"280\" height=\"206\" srcset=\"https:\/\/www.cent.uo.edu.cu\/cnea\/files\/2016\/06\/LOGO-EVENTO-CNEA.png 463w, https:\/\/www.cent.uo.edu.cu\/cnea\/files\/2016\/06\/LOGO-EVENTO-CNEA-300x221.png 300w\" sizes=\"auto, (max-width: 280px) 100vw, 280px\" \/><\/a><p id=\"caption-attachment-2769\" class=\"wp-caption-text\">Nuevo logotipo identificativo de los eventos CNEA<\/p><\/div>\n<p style=\"text-align: justify\">Entre los d\u00edas 15 y 18 de marzo se desarroll\u00f3 la <strong>IV Conferencia Internacional de Electromagnetismo Aplicado<\/strong>. En esta oportunidad fueron nuevamente cuatro las \u00e1reas tem\u00e1ticas que centraron la atenci\u00f3n de las comisiones de trabajo: <em>Electromagnetismo en la Industria<\/em>, <em>Electromagnetismo en la Biotecnolog\u00eda<\/em>, <em>Electromagnetismo en la Medicina<\/em>, y <em>Compatibilidad Electromagn\u00e9tica<\/em>.<\/p>\n<p style=\"text-align: justify\">La realizaci\u00f3n de este evento tuvo la novedad de ser rese\u00f1ada, en cada una de sus jornadas, a trav\u00e9s del <a href=\"http:\/\/magnetismocnea.wordpress.com\">blog institucional del CNEA<\/a>, de reciente creaci\u00f3n. <a href=\"https:\/\/magnetismocnea.wordpress.com\/tag\/cnea-2011\/\">En este sitio<\/a>, es posible encontrar los pormenores de cuanto tuvo lugar en los salones de debate de la conferencia.<\/p>\n<p style=\"text-align: justify\">Igualmente puede acceder al libro resumen del Evento desde el siguiente v\u00ednculo: <a href=\"http:\/\/www.cent.uo.edu.cu\/cnea\/files\/2016\/06\/libro-resc3bamenes-final.pdf\">Libro de Res\u00famenes<\/a><\/p>\n<p style=\"text-align: justify\"><strong>CNEA\u2019 2009<\/strong><\/p>\n<p style=\"text-align: justify\">Entre el 18 y el 21 de mayo del 2009 se desarroll\u00f3, en las instalaciones del CNEA, la <strong>III Conferencia Internacional de Electromagnetismo Aplicado<\/strong>. En esta oportunidad, el evento estuvo signado por la temporada de lluvias del mes de mayo y por verse imposibilitados de asistir, la delegaci\u00f3n mexicana, ante el inicio en ese pa\u00eds de la epidemia de \u201cgripe porcina\u201d, luego influenza A1H1. No obstante, ante la insistencia de los investigadores aztecas de que sus trabajos fueran presentados aun ante su ausencia f\u00edsica, la conferencia cont\u00f3 con la cifra de 85 trabajos investigativos.<\/p>\n<p style=\"text-align: justify\">En esta oportunidad, la III Conferencia CNEA\u20192009, estuvo auspiciada por la Universidad de Oriente, el <a href=\"http:\/\/www.forumcyt.cu\/\">FORUM Nacional de Ciencia y T\u00e9cnica<\/a>, CORPUS, y el propio CNEA. El primer d\u00eda llev\u00f3 a cabo la presentaci\u00f3n de dos conferencias magistrales: <em>Aplicaciones del Campo Magn\u00e9tico en la Agricultura<\/em>, impartida por el Dr.C. Francisco Garc\u00eda Reyna; y <em>Avances en la b\u00fasqueda de los mecanismos de acci\u00f3n de los campos magn\u00e9ticos sobre los sistemas biol\u00f3gicos<\/em>, impartida por el Dr.C. Fidel Gilart Gonz\u00e1lez.<\/p>\n<p style=\"text-align: justify\">Igualmente se celebraron dos talleres: <em>CNEA Servicios y Productos<\/em>, encaminado a presentar y discutir los resultados obtenidos por el CNEA durante m\u00e1s de 15 a\u00f1os de labor ininterrumpida en el campo del electromagnetismo y sus aplicaciones; y <em>Transferencia, Comercializaci\u00f3n y Vigilancia Tecnol\u00f3gica<\/em>, encaminado a abundar en conceptos clave dentro del mundo cient\u00edfico-productivo.<\/p>\n<p style=\"text-align: justify\">Una vez m\u00e1s fueron cuatro las \u00e1reas tem\u00e1ticas desarrolladas: <em>Electromagnetismo en la medicina<\/em>, <em>Electromagnetismo en la agricultura<\/em>, <em>Compatibilidad electromagn\u00e9tica<\/em>, y <em>Electromagnetismo en la industria<\/em>; resultando la de mayor n\u00famero de trabajos, en esta oportunidad, la referida a al aplicaci\u00f3n del electromagnetismo en la medicina.<\/p>\n<p style=\"text-align: justify\">En la conclusi\u00f3n del evento se dio a conocer, como ya es costumbre, la primera convocatoria a la pr\u00f3xima edici\u00f3n de la Conferencia Internacional de Electromagnetismo Aplicado, a celebrarse en nuestra Instituci\u00f3n en el mes de marzo del\u00a0 a\u00f1o 2011.<\/p>\n<p style=\"text-align: justify\"><strong>CNEA&#8217; 2007<\/strong><\/p>\n<div id=\"attachment_2767\" style=\"width: 286px\" class=\"wp-caption alignleft\"><a href=\"http:\/\/www.cent.uo.edu.cu\/cnea\/files\/2016\/06\/logo-cnea-2007.jpg\"><img loading=\"lazy\" decoding=\"async\" aria-describedby=\"caption-attachment-2767\" class=\" wp-image-2767\" src=\"http:\/\/www.cent.uo.edu.cu\/cnea\/files\/2016\/06\/logo-cnea-2007.jpg\" alt=\"Logotipo de la II Conferencia Internacional de Electromagnetismo Aplicado\" width=\"276\" height=\"221\" \/><\/a><p id=\"caption-attachment-2767\" class=\"wp-caption-text\">Logotipo de la II Conferencia Internacional de Electromagnetismo Aplicado<\/p><\/div>\n<p style=\"text-align: justify\">Tomando como base la experiencia de la I Conferencia Internacional CNEA\u20192005, entre los d\u00edas 15-18 de mayo de 2007 se celebr\u00f3, en las propias instalaciones del Centro Nacional de Electromagnetismo Aplicado (CNEA), la <strong>II<\/strong> <em><strong>Conferencia Internacional de Electromagnetismo Aplicado, CNEA\u20192007<\/strong><\/em><em>.<\/em><\/p>\n<p style=\"text-align: justify\">En esta ocasi\u00f3n, bajo el auspicio de la <strong><a href=\"http:\/\/www.uo.edu.cu\/\">Universidad de Oriente<\/a><\/strong>, la Sociedad Cubana de Bioingenier\u00eda, el <a href=\"http:\/\/www.forumcyt.cu\/\">FORUM Nacional de Ciencia y T\u00e9cnica<\/a>, el MINSAP, la <a href=\"http:\/\/www.uni.edu.ni\/\">Universidad Nacional de Ingenier\u00eda (UNI)<\/a>, la organizaci\u00f3n no gubernamental <a href=\"http:\/\/www.pronaturaleza.org\/\">ProNaturaleza<\/a> y la <a href=\"http:\/\/ojs.uo.edu.cu\/index.php\/tq\">Revista Tecnolog\u00eda Qu\u00edmica<\/a>; el evento cont\u00f3 con cuatro \u00e1reas tem\u00e1ticas principales, dedicadas a: <em>Electromagnetismo en la medicina<\/em>, <em>Electromagnetismo en la agricultura<\/em>, <em>Compatibilidad electromagn\u00e9tica<\/em>, y <em>Electromagnetismo en la industria<\/em>.<\/p>\n<p style=\"text-align: justify\">No s\u00f3lo aument\u00f3 el n\u00famero de \u00e1reas tem\u00e1ticas, sino que vino aparejado de un incremento del n\u00famero de trabajos presentados con un total de 76, de ellos 16 presentados por colegas extranjeros, destac\u00e1ndose la delegaci\u00f3n mexicana con 9 representantes.<\/p>\n<p style=\"text-align: justify\">El evento cont\u00f3 adem\u00e1s con la presentaci\u00f3n de cuatro excelentes conferencias magistrales impartidas por reconocidos investigadores de nuestro pa\u00eds y de los Estados Unidos, incluyendo al DrC Luis Bergues Cabrales, en representaci\u00f3n de nuestro centro. Las conferencias magistrales fueron:<\/p>\n<ol style=\"text-align: justify\">\n<li><strong>Comienzos del electromagnetismo Aplicado. Su introducci\u00f3n en Cuba. <\/strong>Dr.C. Jos\u00e9 Artshuler , Cuba<\/li>\n<li><strong>An\u00e1lisis de los fundamentos f\u00edsicos del tratamiento magn\u00e9tico de fluidos: Situaci\u00f3n actual. <\/strong>Dr.C. Oscar Ares Murzio, Cuba<\/li>\n<li><strong>Electromagnetic Fields in Biomedicine: Cytoprotection and Gene Therapy. <\/strong>Dra.C. <a href=\"https:\/\/magnetismocnea.files.wordpress.com\/2010\/08\/reba-goodman.pdf\">Reba Goodman<\/a>, EEUU<\/li>\n<li><strong>Campo Electromagn\u00e9tico,Fortalezas, debilidades y Perspectivas. <\/strong>Dr.C. Luis Bergues Cabrales, Cuba<\/li>\n<\/ol>\n<p style=\"text-align: justify\">Otro logro de esta versi\u00f3n fue la posibilidad de que los trabajos presentados en el evento fueran publicados en una Edici\u00f3n Especial de la revista Tecnolog\u00eda Qu\u00edmica.<\/p>\n<p style=\"text-align: justify\">El d\u00eda de clausura del evento se convoc\u00f3, una vez m\u00e1s, a una nueva edici\u00f3n de la Conferencia Internacional de Electromagnetismo Aplicado; la cual tendr\u00eda lugar dos a\u00f1os despu\u00e9s.<\/p>\n<p style=\"text-align: justify\">En los siguientes enlaces puede acceder a los res\u00famenes de los trabajos presentados en las diferentes comisiones del evento:<\/p>\n<p style=\"text-align: justify\"><a href=\"http:\/\/www.cent.uo.edu.cu\/cnea\/files\/2016\/06\/agricultura.pdf\">AGRICULTURA<\/a><\/p>\n<p style=\"text-align: justify\"><a href=\"http:\/\/www.cent.uo.edu.cu\/cnea\/files\/2016\/06\/compatibilidad-electromagnetica.pdf\">COMPATIBILIDAD ELECTROMAGN\u00c9TICA<\/a><\/p>\n<p style=\"text-align: justify\"><a href=\"http:\/\/www.cent.uo.edu.cu\/cnea\/files\/2016\/06\/industria.pdf\">INDUSTRIA<\/a><\/p>\n<p style=\"text-align: justify\"><a href=\"http:\/\/www.cent.uo.edu.cu\/cnea\/files\/2016\/06\/medicina.pdf\">MEDICINA<\/a><\/p>\n<p style=\"text-align: justify\"><strong>CNEA&#8217; 2005<\/strong><\/p>\n<div id=\"attachment_2761\" style=\"width: 278px\" class=\"wp-caption alignleft\"><a href=\"http:\/\/www.cent.uo.edu.cu\/cnea\/files\/2016\/06\/logo-cnea-2005.jpg\"><img loading=\"lazy\" decoding=\"async\" aria-describedby=\"caption-attachment-2761\" class=\" wp-image-2761\" src=\"http:\/\/www.cent.uo.edu.cu\/cnea\/files\/2016\/06\/logo-cnea-2005.jpg\" alt=\"Logotipo de la I Conferencia Internacional de Electromagnetismo Aplicado\" width=\"268\" height=\"217\" \/><\/a><p id=\"caption-attachment-2761\" class=\"wp-caption-text\">Logotipo de la I Conferencia Internacional de Electromagnetismo Aplicado<\/p><\/div>\n<p style=\"text-align: justify\">Entre los d\u00edas 21 y 23 de junio del 2005, se celebr\u00f3 <strong>la I Conferencia Internacional de Electromagnetismo Aplicado<\/strong>; lo cual signific\u00f3 la materializaci\u00f3n de un sue\u00f1o acariciado durante a\u00f1os por el CNEA, de servir de anfitri\u00f3n de un evento dedicado al electromagnetismo y su aplicaci\u00f3n en diversas \u00e1reas del quehacer humano.<\/p>\n<p style=\"text-align: justify\">En esa primera versi\u00f3n se desarrollaron tres \u00e1reas tem\u00e1ticas principales: <em>Electromagnetismo en la industria<\/em>, <em>Bioelectromagnetismo aplicado<\/em>, y <em>Electromagnetismo en la medicina<\/em>. Un total de 44 trabajos fueron presentados entre las tres \u00e1reas tem\u00e1ticas, de ellos, 6 representantes extranjeros.<\/p>\n<p style=\"text-align: justify\">Durante tres d\u00edas se presentaron los resultados de a\u00f1os de investigaci\u00f3n en la aplicaci\u00f3n del electromagnetismo en diferentes industrias (azucarera, qu\u00edmica, mec\u00e1nica); en la agricultura y en varias especialidades m\u00e9dicas.<\/p>\n<p style=\"text-align: justify\">El d\u00eda de la clausura se convoc\u00f3 para la segunda edici\u00f3n de la conferencia la cual tendr\u00eda lugar en el a\u00f1o 2007, asent\u00e1ndose as\u00ed, el car\u00e1cter bienal de lo que se llamar\u00eda de forma abreviada <em>Evento CNEA.<\/em><\/p>\n<p style=\"text-align: justify\">Para acceder a los res\u00famenes de los trabajos presentados en la I Conferencia Internacional\u00a0 de Electromagnetismo Aplicado (CNEA&#8217;2005) desc\u00e1rgelos aqu\u00ed<em> (<\/em><em><a href=\"http:\/\/www.cent.uo.edu.cu\/cnea\/files\/2016\/06\/resumenes-cnea-2005.pdf\">Res\u00famenes CNEA&#8217;2005<\/a>)<\/em><\/p>\n","protected":false},"excerpt":{"rendered":"<p>CNEA&#8217;2017 La VII Conferencia de Electromagnetismo Aplicado tendr\u00e1 lugar entre el 5-7 de abril 2017. CNEA&#8217; 2015 La VI Conferencia de Electromagnetismo Aplicado se celebr\u00f3 [&#8230;]<\/p>\n","protected":false},"author":14,"featured_media":0,"parent":2461,"menu_order":0,"comment_status":"closed","ping_status":"closed","template":"","meta":{"ngg_post_thumbnail":0,"footnotes":""},"class_list":["post-2760","page","type-page","status-publish","hentry"],"_links":{"self":[{"href":"https:\/\/www.cent.uo.edu.cu\/cnea\/wp-json\/wp\/v2\/pages\/2760","targetHints":{"allow":["GET"]}}],"collection":[{"href":"https:\/\/www.cent.uo.edu.cu\/cnea\/wp-json\/wp\/v2\/pages"}],"about":[{"href":"https:\/\/www.cent.uo.edu.cu\/cnea\/wp-json\/wp\/v2\/types\/page"}],"author":[{"embeddable":true,"href":"https:\/\/www.cent.uo.edu.cu\/cnea\/wp-json\/wp\/v2\/users\/14"}],"replies":[{"embeddable":true,"href":"https:\/\/www.cent.uo.edu.cu\/cnea\/wp-json\/wp\/v2\/comments?post=2760"}],"version-history":[{"count":5,"href":"https:\/\/www.cent.uo.edu.cu\/cnea\/wp-json\/wp\/v2\/pages\/2760\/revisions"}],"predecessor-version":[{"id":2771,"href":"https:\/\/www.cent.uo.edu.cu\/cnea\/wp-json\/wp\/v2\/pages\/2760\/revisions\/2771"}],"up":[{"embeddable":true,"href":"https:\/\/www.cent.uo.edu.cu\/cnea\/wp-json\/wp\/v2\/pages\/2461"}],"wp:attachment":[{"href":"https:\/\/www.cent.uo.edu.cu\/cnea\/wp-json\/wp\/v2\/media?parent=2760"}],"curies":[{"name":"wp","href":"https:\/\/api.w.org\/{rel}","templated":true}]}}