{"id":2809,"date":"2016-06-27T17:34:02","date_gmt":"2016-06-27T21:34:02","guid":{"rendered":"http:\/\/www.cent.uo.edu.cu\/cnea\/?page_id=2809"},"modified":"2017-09-22T09:26:09","modified_gmt":"2017-09-22T13:26:09","slug":"magnetizadores-i","status":"publish","type":"page","link":"https:\/\/www.cent.uo.edu.cu\/cnea\/direccion-de-transferencia\/productos\/magnetizadores-i\/","title":{"rendered":"Magnetizadores"},"content":{"rendered":"<p><b><span style=\"color: #000000\"><a href=\"http:\/\/www.cent.uo.edu.cu\/cnea\/files\/2016\/06\/NOVAMAG-CON-TUBER\u00cdA-sombra-e1467063391534.png\"><img loading=\"lazy\" decoding=\"async\" class=\"alignleft  wp-image-2811\" src=\"http:\/\/www.cent.uo.edu.cu\/cnea\/files\/2016\/06\/NOVAMAG-CON-TUBER\u00cdA-sombra-e1467063391534-300x256.png\" alt=\"NOVAMAG\" width=\"172\" height=\"147\" srcset=\"https:\/\/www.cent.uo.edu.cu\/cnea\/files\/2016\/06\/NOVAMAG-CON-TUBER\u00cdA-sombra-e1467063391534-300x256.png 300w, https:\/\/www.cent.uo.edu.cu\/cnea\/files\/2016\/06\/NOVAMAG-CON-TUBER\u00cdA-sombra-e1467063391534-1024x874.png 1024w, https:\/\/www.cent.uo.edu.cu\/cnea\/files\/2016\/06\/NOVAMAG-CON-TUBER\u00cdA-sombra-e1467063391534.png 1238w\" sizes=\"auto, (max-width: 172px) 100vw, 172px\" \/><\/a>FICHA T\u00c9CNICA DEL PRODUCTO<\/span><\/b><\/p>\n<div>\n<p><b>Marca Comercial:<\/b> Magnetizador<\/p>\n<\/div>\n<div>\n<p><b>Modelo<\/b>: NOVAMAG<\/p>\n<p><strong>Caracter\u00edsticas T\u00e9cnicas:<\/strong><\/p>\n<\/div>\n<ul>\n<li>Campo Magn\u00e9tico producido por imanes permanentes de ferrita anisotr\u00f3picos.<\/li>\n<li>Posibilidad de instalaci\u00f3n sin riesgos en lugares con peligro de explosi\u00f3n.<\/li>\n<li>No precisan mantenimiento ni cambio de piezas.<\/li>\n<li>F\u00e1cil instalaci\u00f3n mediante bridas o platillos.<\/li>\n<li>No requieren gastos en productos qu\u00edmicos.<\/li>\n<li>No contaminan el medio ambiente.<\/li>\n<li>No consumen energ\u00eda el\u00e9ctrica.<\/li>\n<\/ul>\n<p><b>Principales Aplicaciones:<\/b><\/p>\n<p>Se recomienda su uso en sistemas ingenieros, para el tratamiento de agua y combustibles en:<\/p>\n<ul>\n<li>Instalaciones intercambiadoras de calor: calderas, torres de enfriamiento, condensadores, evaporadores, calentadores solares y el\u00e9ctricos, entre otros<\/li>\n<li>Torres de destilaci\u00f3n<\/li>\n<li>Bombas de vac\u00edo<\/li>\n<li>Suavizadores<\/li>\n<li>M\u00e1quinas lavadoras<\/li>\n<li>Autoclaves,<\/li>\n<li>Destiladores de agua<\/li>\n<li>Transporte automotor<\/li>\n<\/ul>\n<p>Adem\u00e1s, ha demostrado eficacia en la <a href=\"https:\/\/magnetismocnea.wordpress.com\/2011\/06\/11\/tratamiento-magnetico-al-servicio-de-la-industria-turistica-herramienta-eficiente-para-los-sistemas-ingenieros\/\">industria hotelera<\/a>, donde se recomienda su uso en:<\/p>\n<ul>\n<li>Fabricadoras de hielo<\/li>\n<li>Lavavajillas<\/li>\n<li>Cafeteras el\u00e9ctricas<\/li>\n<li>Hornos, salas de caldera<\/li>\n<li>Calentadores de agua<\/li>\n<li>Lavander\u00eda<\/li>\n<li>Sistemas de enfriamiento<\/li>\n<li>Piscinas y jacuzzis<\/li>\n<li>Jardiner\u00eda<\/li>\n<\/ul>\n<p>Ver detalles del uso del NOVAMAG en <a href=\"http:\/\/www.cent.uo.edu.cu\/cnea\/files\/2016\/06\/SUELTO-INDUSTRIA.pdf\">sistemas ingenieros<\/a><\/p>\n<p>Ver detalles del uso del NOVAMAG en la <a href=\"http:\/\/www.cent.uo.edu.cu\/cnea\/files\/2016\/06\/SUELTOHOTELES.pdf\">industria hotelera<\/a><\/p>\n<p>Vea tambi\u00e9n: <a href=\"http:\/\/www.juventudrebelde.cu\/cuba\/2011-05-03\/magia-parece-ciencia-es\/\">Magia parece, ciencia es<\/a><\/p>\n<p>&nbsp;<\/p>\n","protected":false},"excerpt":{"rendered":"<p><a href=\"http:\/\/www.cent.uo.edu.cu\/cnea\/files\/2016\/06\/NOVAMAG-CON-TUBER\u00cdA-sombra-e1467063391534.png\"><\/a>FICHA T\u00c9CNICA DEL PRODUCTO Marca Comercial: Magnetizador Modelo: NOVAMAG Caracter\u00edsticas T\u00e9cnicas: Campo Magn\u00e9tico producido por imanes permanentes de ferrita anisotr\u00f3picos. Posibilidad de instalaci\u00f3n sin [&#8230;]<\/p>\n","protected":false},"author":14,"featured_media":0,"parent":150,"menu_order":0,"comment_status":"closed","ping_status":"closed","template":"","meta":{"ngg_post_thumbnail":0,"footnotes":""},"class_list":["post-2809","page","type-page","status-publish","hentry"],"_links":{"self":[{"href":"https:\/\/www.cent.uo.edu.cu\/cnea\/wp-json\/wp\/v2\/pages\/2809","targetHints":{"allow":["GET"]}}],"collection":[{"href":"https:\/\/www.cent.uo.edu.cu\/cnea\/wp-json\/wp\/v2\/pages"}],"about":[{"href":"https:\/\/www.cent.uo.edu.cu\/cnea\/wp-json\/wp\/v2\/types\/page"}],"author":[{"embeddable":true,"href":"https:\/\/www.cent.uo.edu.cu\/cnea\/wp-json\/wp\/v2\/users\/14"}],"replies":[{"embeddable":true,"href":"https:\/\/www.cent.uo.edu.cu\/cnea\/wp-json\/wp\/v2\/comments?post=2809"}],"version-history":[{"count":10,"href":"https:\/\/www.cent.uo.edu.cu\/cnea\/wp-json\/wp\/v2\/pages\/2809\/revisions"}],"predecessor-version":[{"id":3221,"href":"https:\/\/www.cent.uo.edu.cu\/cnea\/wp-json\/wp\/v2\/pages\/2809\/revisions\/3221"}],"up":[{"embeddable":true,"href":"https:\/\/www.cent.uo.edu.cu\/cnea\/wp-json\/wp\/v2\/pages\/150"}],"wp:attachment":[{"href":"https:\/\/www.cent.uo.edu.cu\/cnea\/wp-json\/wp\/v2\/media?parent=2809"}],"curies":[{"name":"wp","href":"https:\/\/api.w.org\/{rel}","templated":true}]}}