{"id":2979,"date":"2017-01-05T15:31:01","date_gmt":"2017-01-05T20:31:01","guid":{"rendered":"http:\/\/www.cent.uo.edu.cu\/cnea\/?page_id=2979"},"modified":"2017-03-06T11:35:27","modified_gmt":"2017-03-06T16:35:27","slug":"caracterizacion-magnetica-y-simulacion-de-campo-magnetico-en-2d-y-3d","status":"publish","type":"page","link":"https:\/\/www.cent.uo.edu.cu\/cnea\/caracterizacion-magnetica-y-simulacion-de-campo-magnetico-en-2d-y-3d\/","title":{"rendered":"Caracterizaciones Magn\u00e9ticas y Simulaci\u00f3n en 2D y 3D"},"content":{"rendered":"<p>Un sistema de referencia de campo trazable a patrones internacionales respalda este servicio, realizado por expertos con vasta experiencia en la tem\u00e1tica. Se caracterizan sistemas generadores de campo magn\u00e9tico y equipos de medici\u00f3n, entre otros, tales como:<\/p>\n<ul>\n<li>acondicionadores magn\u00e9ticos<\/li>\n<li>\u00a0bobinas<\/li>\n<li>\u00a0equipos m\u00e9dicos<\/li>\n<li>\u00a0muestras minerales<\/li>\n<li>\u00a0gaus\u00edmetros<\/li>\n<\/ul>\n<p>&nbsp;<\/p>\n<p>Simulaciones magn\u00e9ticas en 2D y 3D a\u00f1aden valor a los resultados de las mediciones, ayudando as\u00ed a la interpretaci\u00f3n de los mismos.<\/p>\n<p>&nbsp;<\/p>\n","protected":false},"excerpt":{"rendered":"<p>Un sistema de referencia de campo trazable a patrones internacionales respalda este servicio, realizado por expertos con vasta experiencia en la tem\u00e1tica. Se caracterizan sistemas [&#8230;]<\/p>\n","protected":false},"author":14,"featured_media":0,"parent":0,"menu_order":0,"comment_status":"closed","ping_status":"closed","template":"","meta":{"ngg_post_thumbnail":0,"footnotes":""},"class_list":["post-2979","page","type-page","status-publish","hentry"],"_links":{"self":[{"href":"https:\/\/www.cent.uo.edu.cu\/cnea\/wp-json\/wp\/v2\/pages\/2979","targetHints":{"allow":["GET"]}}],"collection":[{"href":"https:\/\/www.cent.uo.edu.cu\/cnea\/wp-json\/wp\/v2\/pages"}],"about":[{"href":"https:\/\/www.cent.uo.edu.cu\/cnea\/wp-json\/wp\/v2\/types\/page"}],"author":[{"embeddable":true,"href":"https:\/\/www.cent.uo.edu.cu\/cnea\/wp-json\/wp\/v2\/users\/14"}],"replies":[{"embeddable":true,"href":"https:\/\/www.cent.uo.edu.cu\/cnea\/wp-json\/wp\/v2\/comments?post=2979"}],"version-history":[{"count":6,"href":"https:\/\/www.cent.uo.edu.cu\/cnea\/wp-json\/wp\/v2\/pages\/2979\/revisions"}],"predecessor-version":[{"id":3169,"href":"https:\/\/www.cent.uo.edu.cu\/cnea\/wp-json\/wp\/v2\/pages\/2979\/revisions\/3169"}],"wp:attachment":[{"href":"https:\/\/www.cent.uo.edu.cu\/cnea\/wp-json\/wp\/v2\/media?parent=2979"}],"curies":[{"name":"wp","href":"https:\/\/api.w.org\/{rel}","templated":true}]}}