{"id":3046,"date":"2017-02-22T13:11:07","date_gmt":"2017-02-22T18:11:07","guid":{"rendered":"http:\/\/www.cent.uo.edu.cu\/cnea\/?page_id=3046"},"modified":"2017-03-06T11:36:30","modified_gmt":"2017-03-06T16:36:30","slug":"cuserscnea-noeldesktopfebreroservicioscarga-de-imanes-docx","status":"publish","type":"page","link":"https:\/\/www.cent.uo.edu.cu\/cnea\/cuserscnea-noeldesktopfebreroservicioscarga-de-imanes-docx\/","title":{"rendered":"Carga de imanes y dispositivos ferromagn\u00e9ticos"},"content":{"rendered":"<p>El servicio de carga de imanes, \u00fanico en el pa\u00eds, permite recuperar las propiedades magn\u00e9ticas de imanes permanentes (excepto los de tierra rara), as\u00ed como de dispositivos, partes y piezas constituidas por dichos imanes; entre ellos, rotores y volantas de motocicletas (incluidas aquellas a las que se le han realizado modificaciones en su sistema de generaci\u00f3n de energ\u00eda, que empleen estos imanes)<\/p>\n<p>Este servicio comprende:<\/p>\n<ul>\n<li>\u00a0Caracterizaci\u00f3n del estado magn\u00e9tico inicial del dispositivo<\/li>\n<li>\u00a0Proceso de carga.<\/li>\n<li>\u00a0Caracterizaci\u00f3n del estado magn\u00e9tico final del dispositivo.<\/li>\n<li>\u00a0Informe t\u00e9cnico con los resultados de las mediciones realizadas.<\/li>\n<\/ul>\n","protected":false},"excerpt":{"rendered":"<p>El servicio de carga de imanes, \u00fanico en el pa\u00eds, permite recuperar las propiedades magn\u00e9ticas de imanes permanentes (excepto los de tierra rara), as\u00ed como [&#8230;]<\/p>\n","protected":false},"author":14,"featured_media":0,"parent":0,"menu_order":0,"comment_status":"closed","ping_status":"closed","template":"","meta":{"ngg_post_thumbnail":0,"footnotes":""},"class_list":["post-3046","page","type-page","status-publish","hentry"],"_links":{"self":[{"href":"https:\/\/www.cent.uo.edu.cu\/cnea\/wp-json\/wp\/v2\/pages\/3046","targetHints":{"allow":["GET"]}}],"collection":[{"href":"https:\/\/www.cent.uo.edu.cu\/cnea\/wp-json\/wp\/v2\/pages"}],"about":[{"href":"https:\/\/www.cent.uo.edu.cu\/cnea\/wp-json\/wp\/v2\/types\/page"}],"author":[{"embeddable":true,"href":"https:\/\/www.cent.uo.edu.cu\/cnea\/wp-json\/wp\/v2\/users\/14"}],"replies":[{"embeddable":true,"href":"https:\/\/www.cent.uo.edu.cu\/cnea\/wp-json\/wp\/v2\/comments?post=3046"}],"version-history":[{"count":3,"href":"https:\/\/www.cent.uo.edu.cu\/cnea\/wp-json\/wp\/v2\/pages\/3046\/revisions"}],"predecessor-version":[{"id":3170,"href":"https:\/\/www.cent.uo.edu.cu\/cnea\/wp-json\/wp\/v2\/pages\/3046\/revisions\/3170"}],"wp:attachment":[{"href":"https:\/\/www.cent.uo.edu.cu\/cnea\/wp-json\/wp\/v2\/media?parent=3046"}],"curies":[{"name":"wp","href":"https:\/\/api.w.org\/{rel}","templated":true}]}}